{"id":11538,"date":"2011-05-25T17:00:40","date_gmt":"2011-05-25T15:00:40","guid":{"rendered":"https:\/\/arbark.se\/?page_id=11538\/"},"modified":"2021-01-08T17:31:13","modified_gmt":"2021-01-08T16:31:13","slug":"towards-a-global-history-of-consumer-co-operation","status":"publish","type":"page","link":"https:\/\/arbark.se\/en\/research\/projects\/towards-a-global-history-of-consumer-co-operation\/","title":{"rendered":"Towards a global history of consumer co-operation"},"content":{"rendered":"<h3>Publication<\/h3>\n<p><em>ARAB Research paper 8<\/em><strong>:&nbsp; \u2019Casualties Inevitable\u2019 &#8211; Consumer Co-operation in British Africa<\/strong>, by Linda Shaw<br \/>\nA working paper from this project is now published. Linda Shaw describes the co-operation movement in British Africa, starting with the co-op society in the Cape Colony, set up in 1865.<\/p>\n<p><img decoding=\"async\" class=\"noframes\" src=\"https:\/\/arbark.se\/images\/pdf.gif\" alt=\"\">&nbsp;<a>Download full text PDF &#8211; \u2019Casualties Inevitable\u2019<\/a><\/p>\n<hr>\n<p><strong>Conference 2-4 May 2012 in Stockholm:<\/strong> <a href=\"https:\/\/arbark.se\/2012\/03\/conference-towards-a-global-history-of-the-consumer-co-operative-movement\/\">Towards a global history of the consumer co-operative movement<\/a><\/p>\n<hr>\n<p><strong>Consumer co-operative societies have emerged<\/strong> all over the world, parallel to the development of modern capitalist consumption as a global phenomenon from the early nineteenth century. Although the established consumer co-operative societies of Europe have declined in the last decades of the twentieth century, in different parts of the world new forms of consumer co-operative continue to emerge even today. Why, and in what ways, have people formed co-operative organisations as a strategy to supply their basic needs? What have been the main mechanisms behind the diffusion of co-operative ideas across the world and their adaption to different contexts? What were the main influences on the development of the co-operative movement in different parts of the world, and how can we explain the diversity of co-operation in different times and places?<\/p>\n<p><strong>This project will establish a global network<\/strong> of scholars with the aim of producing a global history of the consumer co-operative movement. This will take the form of a book, including chapter-length surveys of co-operative history in selected regions and countries, together with thematic analyses of the transnational connections, processes and entanglements which have shaped co-operative history throughout the world. Combined with statistical information and bibliographies, the anthology is intended above all to create a resource for future studies on the co-operative movement, and will be of interest not only to historians of social movements and consumption, but also to co-operative activists.<\/p>\n<h3>About the project<\/h3>\n<p>The project is led by Mary Hilson (<a href=\"http:\/\/www.ucl.ac.uk\/scandinavian-studies\/\">Department of Scandinavian Studies<\/a>, UCL, UK) and Silke Neunsinger (Swedish Labour Movement&#8217;s Archives and Library, Stockholm, Sweden) with the support of a small steering group. We gratefully acknowledge the financial support of Riksbankens Jubileumsfond in 2010-11.<\/p>\n<h3>Call for papers<\/h3>\n<p>The first call for papers is now closed. However, we would nonetheless be very interested to hear from scholars working on the history of consumer co-operation, especially in Africa and Latin America.<\/p>\n<ul>\n<li><strong>Please contact us at:<\/strong> coop [at] arbark.se<\/li>\n<\/ul>\n<h3>More information for participants<\/h3>\n<p>Here you will find&nbsp;the positional paper once it is ready, and a full list of contributors and titles.<\/p>\n<p>Download: <img decoding=\"async\" class=\"noframes\" src=\"https:\/\/arbark.se\/images\/pdf.gif\" alt=\"\">&nbsp;<a href=\"https:\/\/arbark.se\/dokument\/forskning\/instructions-co-op.pdf\">Instructions for contributors writing regional\/single country chapters<\/a><\/p>\n<hr>\n<h4>Information in Swedish<\/h4>\n<h3>Den kooperativa r\u00f6relsens globala historia &#8211; en projektskiss<\/h3>\n<p>Det finns inget tvivel om den internationella kooperativa r\u00f6relsens betydelse. 2009 uppskattade den <a title=\"International Co-operative Alliance\" href=\"http:\/\/www.ica.coop\/\">internationella kooperativa Alliansen (ICA)<\/a> att ungef\u00e4r 800 miljoner m\u00e4nniskor \u00e4r medlemmar i en kooperativ r\u00f6relse, och 2006 uppn\u00e5dde den sammanlagda omslutningen av v\u00e4rldens kooperativa f\u00f6retag 693 miljarder US-Dollar (ICA s 6). Dessutom \u00e4r det en r\u00f6relse som verkligen \u00e4r global i sin geografiska utbredning, med medlemmar fr\u00e5n Amerika, Asien, Stilla havsomr\u00e5det, Afrika, Australien och Europa. 2009 lyfte F\u00f6renta nationerna fram kooperationens roll i sitt st\u00f6d f\u00f6r ekonomiskt tillv\u00e4xt och etiska v\u00e4rderingar och i sitt bidrag till att v\u00e4rldsekonomin har h\u00e4mtat sig. (UN 2009)<\/p>\n<p>Knappast f\u00f6rv\u00e5nande har erk\u00e4nnandet av kooperationens framg\u00e5ng och betydelse bidragit till ett v\u00e4xande intresse f\u00f6r forskning om kooperativa r\u00f6relser under de senaste tv\u00e5 decennierna (MacPherson, p. 7). Det m\u00e4rks till exempel inom den internationella litteraturen om bist\u00e5nd och jordbruksekonomi, men ocks\u00e5 inom ICA:s egen forskning och dess tidskrift Review of International Co-operation. Fr\u00e5nvaron av kooperationens historia \u00e4r s\u00e4rskilt f\u00f6rv\u00e5nande om man t\u00e4nker p\u00e5 betydelsen av den kooperativa r\u00f6relsens f\u00f6rflutna. \u00c5r 2006 var till exempel h\u00e4lften av ICA:s 300 ledande f\u00f6retag grundat f\u00f6re 1949. (ICA 2006, s. 6) ICA sj\u00e4lv grundades 1895 och \u00e4r mer \u00e4n hundra \u00e5r gammal (Watkins 1970; Rhodes 1995). Dessutom \u00e4r historien om Rochedale-pionj\u00e4rerna och deras kooperativ, grundat 1844, en gemensam referenspunkt f\u00f6r hela r\u00f6relsen och den erk\u00e4nda k\u00e4llan till en rad f\u00f6rs\u00f6k att revidera och definiera fundamentala kooperativa principer (Birchall 2005).<\/p>\n<h4>Komparativa studier och globalt perspektiv beh\u00f6vs<\/h4>\n<p>I Europa har den kooperativa r\u00f6relsen inte unders\u00f6kts i st\u00f6rre utstr\u00e4ckning av historiker, inte heller relationen till andra sociala r\u00f6relser s\u00e5som arbetarr\u00f6relsen (Black &amp; Robertson). Det finns kanske tv\u00e5 anledningar till denna f\u00f6rsummelse. F\u00f6r det f\u00f6rsta betraktade 1800-talets socialister och lika mycket socialistiskt inspirerade historiker den kooperativa r\u00f6relsen med viss misst\u00e4nksamhet som ett exempel p\u00e5 &#8220;f\u00f6rborgarligandet&#8221; av arbetarklassen (debatten sammanfattas i Guerney 1996). Enbart gradvis har den Andra internationalen \u00e4ndrat sin position fr\u00e5n fientlighet till tolerans och \u00e4ven d\u00e5 begr\u00e4nsades den kooperativa r\u00f6relsens roll till att vara ett st\u00f6d i en st\u00f6rre arbetarr\u00f6relsekontext (Morgan 2006, s. 185). F\u00f6r det andra har den europeiska kooperativa r\u00f6relsens historia enbart studerats under en begr\u00e4nsad tid, n\u00e4mligen r\u00f6relsens nedg\u00e5ng efter 1945 (Furlough &amp; Strikwerda 1999, Hilton 2003).<\/p>\n<p>Konsumentkooperativ var f\u00f6rvisso den dominerade formen som arbetarna i de europeiska st\u00e4derna ansl\u00f6t sig till, men \u00e4ven h\u00e4r var det aldrig den enda formen, jordbruks-, producent- och kreditkooperativ var och forts\u00e4tter \u00e4n idag vara betydelsefulla \u00f6ver hela den europeiska kontinenten (Birchall 1997). Dessutom st\u00e4mmer inte tesen om nedg\u00e5ngen efter 1945 f\u00f6r m\u00e5nga delar av Europa och i \u00e4nnu mindre grad f\u00f6r resten av v\u00e4rlden (Delvetere et al 2008)<\/p>\n<p>Fr\u00e5n b\u00f6rjan har kooperationen varit en internationell r\u00f6relse och kooperativa id\u00e9er spreds \u00f6verallt b\u00e5de i Europa och utanf\u00f6r. Trots det finns det enbart f\u00e5 komparativa studier f\u00f6r Europa (se dock Prinz 1996; Friberg 2005) och \u00e4nnu f\u00e4rre komparationer som \u00e4ven unders\u00f6ker l\u00e4nder utanf\u00f6r Europa (se dock Birchall 1994 f\u00f6r ett pionj\u00e4rarbete om den internationella kooperativa r\u00f6relsen; Furlough and Striwerda 1999). Europeiska immigranter i den Nya v\u00e4rlden och Australasien hade stort inflytande p\u00e5 grundandet av kooperationer i de samh\u00e4llen som de flyttade till (MacPherson 1999). I Afrika, Stillahavsregionen och i m\u00e5nga delar av Asien introducerades kooperationen i vissa fall av kolonisat\u00f6rerna, men kooperationen blommade \u00e4ven efter sj\u00e4lvst\u00e4ndigheten i statlig regi f\u00f6r att \u00f6ka den nationella tillv\u00e4xten (Delvetere et al 2008, Birchall 1997). Kooperationens historia f\u00f6rtj\u00e4nar d\u00e4rf\u00f6r kanske mer \u00e4n n\u00e5gon annan social r\u00f6relse att studeras fr\u00e5n ett globalt perspektiv.<\/p>\n<p>Att studera den kooperativa r\u00f6relsen fr\u00e5n ett globalt perspektiv inneb\u00e4r d\u00e4rf\u00f6r en utmaning av den eurocentristiska historieskrivningen som k\u00e4nnetecknar mycket av den transnationella ansatsen (\u00e5tminstone s\u00e5som den praktiseras i Europa) och ett bidrag till en utveckling av ett globalt perspektiv inom forskningen om sociala r\u00f6relser (van der Linden 2004).<\/p>\n<h4>Blir en samlingsvolym<\/h4>\n<p>Projektet ska utmynna i en samlingsvolym med bidrag fr\u00e5n experter om enstaka l\u00e4nder eller regioner. Dessa bidrag ska till en b\u00f6rjan utg\u00e5 ifr\u00e5n gemensamma fr\u00e5gor och teman, men samtidigt rymma de s\u00e4rdrag som kan finnas i den historiska utvecklingen i de olika delarna av v\u00e4rlden. N\u00e5gra av de centrala fr\u00e5gor som kommer att anv\u00e4ndas som utg\u00e5ngspunkt f\u00f6r projektet \u00e4r:<\/p>\n<ul>\n<li>Var och hur uppstod kooperativa r\u00f6relser?<\/li>\n<li>Hur f\u00e4rdades id\u00e9er om den kooperativa r\u00f6relsen \u00f6ver nationella gr\u00e4nser?<\/li>\n<li>Vilka olika former av kooperativ fanns det i olika delar av v\u00e4rlden?<\/li>\n<li>Hur s\u00e5g det r\u00e4ttsliga och politiska ramverket ut?<\/li>\n<li>Ans\u00e5gs kooperativ vara konsumentv\u00e4nliga eller som f\u00f6retag?<\/li>\n<li>Vilken roll spelade staten och \u00f6verstatliga organisationer f\u00f6r grundandet av kooperativ?<\/li>\n<li>I vilken relation stod kooperativen till andra sociala r\u00f6relser?<\/li>\n<li>Vilka var medlemmarna i de olika kooperativen?<\/li>\n<\/ul>\n<p>Syftet \u00e4r att analysera och f\u00f6rst\u00e5 sambanden mellan utvecklingen av den kooperativa r\u00f6relsen i olika delar av v\u00e4rlden. D\u00e4rut\u00f6ver syftar projektet ocks\u00e5 till att se vilka m\u00f6nster och strukturer som framtr\u00e4der n\u00e4r den kooperativa r\u00f6relsen unders\u00f6ks fr\u00e5n ett globalt perspektiv. D\u00e4rmed kommer det ocks\u00e5 vara ett bidrag till forskningen om sociala r\u00f6relsers globala dynamik.<\/p>\n<p>Samlingsvolymen ska fungera som en handbok f\u00f6r forskning om den kooperativa r\u00f6relsen, med statistisk information och bibliografier som kan anv\u00e4ndas i forskningen.<br \/>\nProjektet kr\u00e4ver ett n\u00e4ra samarbete mellan forskarna och \u00e4r d\u00e4rmed ocks\u00e5 ett globalt forskningsprojekt. De fr\u00e5gor som tj\u00e4nar som utg\u00e5ngspunkt f\u00f6r projektet ska med hj\u00e4lp av experterna bearbetas och utvecklas och d\u00e4refter p\u00e5 nytt integreras i unders\u00f6kningen.<\/p>\n<p>Projektet omfattar s\u00e5ledes regionala fallstudier fr\u00e5n alla v\u00e4rldsdelar. Att t\u00e4cka in alla dessa omr\u00e5den kommer givetvis vara beroende av om det finns aktiva forskare inom omr\u00e5det som kan delta i projektet. Projektet ska i f\u00f6rsta hand koncentrera sig p\u00e5 starten av de kooperativa r\u00f6relserna som kommer att omfatta en rad olika tidsperioder med \u00e5ren kring 1860 som den tidigaste.<\/p>\n<p>MARY HILSON &amp; SILKE NEUNSINGER<\/p>\n","protected":false},"excerpt":{"rendered":"<p>Publication ARAB Research paper 8:&nbsp; \u2019Casualties Inevitable\u2019 &#8211; Consumer Co-operation in British Africa, by Linda Shaw A working paper from this project is now published. Linda Shaw describes the co-operation [&hellip;]<\/p>\n","protected":false},"author":1,"featured_media":0,"parent":11529,"menu_order":0,"comment_status":"closed","ping_status":"closed","template":"","meta":{"ngg_post_thumbnail":0,"footnotes":""},"class_list":["post-11538","page","type-page","status-publish","czr-hentry"],"_links":{"self":[{"href":"https:\/\/arbark.se\/en\/wp-json\/wp\/v2\/pages\/11538","targetHints":{"allow":["GET"]}}],"collection":[{"href":"https:\/\/arbark.se\/en\/wp-json\/wp\/v2\/pages"}],"about":[{"href":"https:\/\/arbark.se\/en\/wp-json\/wp\/v2\/types\/page"}],"author":[{"embeddable":true,"href":"https:\/\/arbark.se\/en\/wp-json\/wp\/v2\/users\/1"}],"replies":[{"embeddable":true,"href":"https:\/\/arbark.se\/en\/wp-json\/wp\/v2\/comments?post=11538"}],"version-history":[{"count":4,"href":"https:\/\/arbark.se\/en\/wp-json\/wp\/v2\/pages\/11538\/revisions"}],"predecessor-version":[{"id":16251,"href":"https:\/\/arbark.se\/en\/wp-json\/wp\/v2\/pages\/11538\/revisions\/16251"}],"up":[{"embeddable":true,"href":"https:\/\/arbark.se\/en\/wp-json\/wp\/v2\/pages\/11529"}],"wp:attachment":[{"href":"https:\/\/arbark.se\/en\/wp-json\/wp\/v2\/media?parent=11538"}],"curies":[{"name":"wp","href":"https:\/\/api.w.org\/{rel}","templated":true}]}}