{"id":11,"date":"2009-01-05T14:38:48","date_gmt":"2009-01-05T13:38:48","guid":{"rendered":"https:\/\/arbark.se\/index.php\/info\/lattlast\/"},"modified":"2020-09-03T17:59:42","modified_gmt":"2020-09-03T15:59:42","slug":"lattlast","status":"publish","type":"page","link":"https:\/\/arbark.se\/sv\/lattlast\/","title":{"rendered":"L\u00e4ttl\u00e4st"},"content":{"rendered":"<p><strong>Det h\u00e4r \u00e4r en l\u00e4ttl\u00e4st sammanfattning om Arbetarr\u00f6relsens arkiv och bibliotek och vad vi g\u00f6r.<\/strong><\/p>\n<h3>Det h\u00e4r \u00e4r Arbetarr\u00f6relsens arkiv och bibliotek<\/h3>\n<p>Arbetarr\u00f6relsens arkiv och bibliotek kallas ibland ARAB.<br \/>\nVi finns i Flemingsberg, p\u00e5 adressen Elektronv\u00e4gen 2.<\/p>\n<p>Vi b\u00f6rjade redan 1902,<br \/>\nvilket betyder att vi funnits i mer \u00e4n hundra \u00e5r.<\/p>\n<p>Ungef\u00e4r 15 personer arbetar hos oss. De flesta \u00e4r arkivarier eller bibliotekarier.<\/p>\n<p>Chefen heter H\u00e5kan Nilsson.<\/p>\n<h3>Det h\u00e4r g\u00f6r vi<\/h3>\n<p>Arbetarr\u00f6relsen \u00e4r politiska partier till v\u00e4nster,<br \/>\nsom till exempel Socialdemokraterna och V\u00e4nsterpartiet.<br \/>\nArbetarr\u00f6relsen \u00e4r \u00e4ven fackf\u00f6reningar<br \/>\noch andra organisationer.<\/p>\n<p>Vi samlar dokument som kommer fr\u00e5n arbetarr\u00f6relsen,<br \/>\noch dokument som handlar om arbetarr\u00f6relsen.<\/p>\n<p>Dokument kan betyda m\u00e5nga saker. Det kan<br \/>\ntill exempel vara affischer, bilder, brev, b\u00f6cker, dagb\u00f6cker och tidningar.<br \/>\nDokument inneh\u00e5ller information.<\/p>\n<p>Vi har ocks\u00e5 dokument som handlar om andra l\u00e4nder<br \/>\noch \u00e4r p\u00e5 andra spr\u00e5k,<br \/>\ntill exempel engelska, franska, spanska och tyska.<\/p>\n<p>Vi sparar dokumenten och ser till att de finns kvar i framtiden.<br \/>\nAlla som vill f\u00e5r l\u00e4sa och forska i dokumenten.<\/p>\n<p>Vi vill att man ska forska om arbetarr\u00f6relsen.<br \/>\nD\u00e4rf\u00f6r ordnar vi m\u00f6ten d\u00e4r forskare kan prata om sin forskning<br \/>\noch vilka b\u00f6cker de skrivit.<\/p>\n<p>Sedan 1995 delar vi varje \u00e5r ut ett pris<br \/>\nsom heter Rudolf Meidner-priset.<\/p>\n<p>Priset \u00e4r en bel\u00f6ning till forskare som skrivit en bra bok<br \/>\nom till exempel fackf\u00f6reningar och deras historia.<\/p>\n<p>Vi g\u00f6r ocks\u00e5 en tidning som heter Arbetarhistoria.<\/p>\n<p>Den handlar om forskning och historia,<br \/>\nom arbetarr\u00f6relsen och arbete.<\/p>\n<h3>Om du kommer till oss<\/h3>\n<p>Alla f\u00e5r komma till oss,<br \/>\nmen de flesta som brukar komma hit \u00e4r forskare eller studenter.<\/p>\n<p>Om du kommer till oss f\u00e5r du hj\u00e4lp av personalen.<br \/>\nN\u00e4r du \u00e4r hos oss kan du leta bland v\u00e5ra dokument.<\/p>\n<p>Oftast letar man med en dator<br \/>\neller i listor som sitter i p\u00e4rmar.<\/p>\n<p>Vi har inte s\u00e5 m\u00e5nga b\u00f6cker eller dokument framme.<br \/>\nMan m\u00e5ste best\u00e4lla saker man vill titta p\u00e5.<br \/>\nEn del saker best\u00e4ller man med datorn,<br \/>\nandra saker best\u00e4ller man med en s\u00e4rskild lapp.<\/p>\n<p>Sedan m\u00e5ste man v\u00e4nta<br \/>\nmedan v\u00e5r personal h\u00e4mtar det man best\u00e4llt ur f\u00f6rr\u00e5det.<br \/>\nDet tar oftast n\u00e5gra timmar, men ibland en vecka.<br \/>\nPersonalen ber\u00e4ttar hur l\u00e5ng tid det tar.<\/p>\n<p>De flesta dokument f\u00e5r man bara titta p\u00e5 i v\u00e5r l\u00e4sesal.<br \/>\nM\u00e5nga dokument \u00e4r gamla och g\u00e5r l\u00e4tt s\u00f6nder.<br \/>\nEn del b\u00f6cker kan man l\u00e5na hem,<br \/>\nmen d\u00e5 m\u00e5ste man f\u00e5 ett l\u00e5nekort f\u00f6rst.<\/p>\n<h3>Om du vill kontakta oss<\/h3>\n<p>Vill du veta mer om oss<br \/>\ns\u00e5 kan du skicka brev till den h\u00e4r adressen:<\/p>\n<p>Arbetarr\u00f6relsens arkiv och bibliotek<br \/>\nElektronv\u00e4gen 2<br \/>\n141 49 Huddinge<\/p>\n<p>Du kan ocks\u00e5 ringa p\u00e5 telefonnummer 08 412 39 29<br \/>\neller skicka e-post till: info [a] arbark.se<\/p>\n","protected":false},"excerpt":{"rendered":"<p>Det h\u00e4r \u00e4r en l\u00e4ttl\u00e4st sammanfattning om Arbetarr\u00f6relsens arkiv och bibliotek och vad vi g\u00f6r. Det h\u00e4r \u00e4r Arbetarr\u00f6relsens arkiv och bibliotek Arbetarr\u00f6relsens arkiv och bibliotek kallas ibland ARAB. Vi [&hellip;]<\/p>\n","protected":false},"author":1,"featured_media":0,"parent":0,"menu_order":0,"comment_status":"closed","ping_status":"closed","template":"","meta":{"ngg_post_thumbnail":0,"footnotes":""},"class_list":["post-11","page","type-page","status-publish","czr-hentry"],"_links":{"self":[{"href":"https:\/\/arbark.se\/sv\/wp-json\/wp\/v2\/pages\/11","targetHints":{"allow":["GET"]}}],"collection":[{"href":"https:\/\/arbark.se\/sv\/wp-json\/wp\/v2\/pages"}],"about":[{"href":"https:\/\/arbark.se\/sv\/wp-json\/wp\/v2\/types\/page"}],"author":[{"embeddable":true,"href":"https:\/\/arbark.se\/sv\/wp-json\/wp\/v2\/users\/1"}],"replies":[{"embeddable":true,"href":"https:\/\/arbark.se\/sv\/wp-json\/wp\/v2\/comments?post=11"}],"version-history":[{"count":4,"href":"https:\/\/arbark.se\/sv\/wp-json\/wp\/v2\/pages\/11\/revisions"}],"predecessor-version":[{"id":15656,"href":"https:\/\/arbark.se\/sv\/wp-json\/wp\/v2\/pages\/11\/revisions\/15656"}],"wp:attachment":[{"href":"https:\/\/arbark.se\/sv\/wp-json\/wp\/v2\/media?parent=11"}],"curies":[{"name":"wp","href":"https:\/\/api.w.org\/{rel}","templated":true}]}}