{"id":11327,"date":"2017-04-25T16:14:38","date_gmt":"2017-04-25T14:14:38","guid":{"rendered":"https:\/\/arbark.se\/?page_id=11327"},"modified":"2026-02-10T14:05:03","modified_gmt":"2026-02-10T13:05:03","slug":"reproduktioner-kopiebestallningar","status":"publish","type":"page","link":"https:\/\/arbark.se\/sv\/reproduktioner-kopiebestallningar\/","title":{"rendered":"Reproduktioner och kopiebest\u00e4llningar"},"content":{"rendered":"\n<p><strong>Vi tar emot reproduktionsbest\u00e4llningar av material fr\u00e5n v\u00e5ra samlingar, b\u00e5de fr\u00e5n bibliotek- och arkivsamlingarna. Kopiebest\u00e4llningar fr\u00e5n biblioteket kan \u00e4ven g\u00f6ras via Libris fj\u00e4rrl\u00e5n.<br><\/strong><\/p>\n<h3>Leveranstid<\/h3>\n<ul>\n<li>Vi levererar reprobest\u00e4llningar inom en m\u00e5nad fr\u00e5n lagd best\u00e4llning.<\/li>\n<\/ul>\n<h3>Best\u00e4llningar<\/h3>\n<ul>\n<li>Alla best\u00e4llningar av reproduktioner handhas genom mail eller telefon till forskarexpedition [a] arbark.se<\/li>\n<\/ul>\n<h3>Priser<\/h3>\n<ul>\n<li>Vi tar ut en kopieavgift f\u00f6r h\u00f6guppl\u00f6sta filer.<\/li>\n<li>Vi skiljer p\u00e5 kommersiell och privat anv\u00e4ndning.<\/li>\n<\/ul>\n<p>Vid kommersiell anv\u00e4ndning tar vi ut en anv\u00e4ndaravgift. Det g\u00f6r vi inte vid anv\u00e4ndning f\u00f6r privat eller vetenskapligt bruk eller f\u00f6r historiker och dylikt inom ideella f\u00f6reningar eller i folkbildande verksamhet utan kommersiellt syfte.<\/p>\n<p>Det du betalar \u00e4r v\u00e5ra avgifter plus vad en eventuell upphovsr\u00e4ttsinnehavare kr\u00e4ver f\u00f6r publiceringen.<\/p>\n<br><\/br>\n<h3>Avgifter f\u00f6r h\u00f6guppl\u00f6sta kopior i digitalt format<\/h3>\n<figure class=\"wp-block-table is-style-stripes\"><table class=\"has-fixed-layout\"><tbody><tr><td><\/td><td><strong>Administrativ kostnad<\/strong><\/td><td><strong>Anv\u00e4ndaravgift<\/strong><br><strong><\/strong><\/td><td><strong>*Extra administrativ kostnad<\/strong><\/td><td><strong>Copyright-avgift<\/strong><\/td><td><strong>Leveransformat<\/strong><\/td><\/tr><tr><td><strong>Icke-kommersiell anv\u00e4ndning<\/strong><\/td><td>200 SEK<\/td><td>Ingen<\/td><td>200 SEK<\/td><td><\/td><td><strong>Film: <\/strong>MPEG-4<br><strong>Audio<\/strong>: MPEG-3<br>Image: TIF<\/td><\/tr><tr><td><strong>Kommersiell anv\u00e4ndning<\/strong><\/td><td>200 SEK<\/td><td>700 SEK\/fil<\/td><td>200 SEK<\/td><td><\/td><td><strong>Film: <\/strong>MPEG-4<br><stong>Audio<\/strong>: MPEG-3<br>Image: TIF<\/td><\/tr><\/tbody><\/table><\/figure>\n<p>* F\u00f6r h\u00f6gre uppl\u00f6sning \u00e4n 400 ppi, tar vi ut en extra administrativ kostnad d\u00e5 vi oftast m\u00e5ste skanna om materialet.<\/p>\n<h3>Avgifter f\u00f6r l\u00e5guppl\u00f6sta kopior<\/h3>\n<table style=\"height: 200px;\" width=\"984\" border=\"0\">\n<tbody>\n<tr>\n<th style=\"text-align: left;\" colspan=\"4\">Avgifter<\/th>\n<th class=\"forklaring\" style=\"text-align: left;\">&nbsp;<\/th>\n<th class=\"leveransformat\" style=\"text-align: left;\">&nbsp;Leveransformat<\/th>\n<\/tr>\n<tr>\n<td class=\"avgift-1\" style=\"text-align: left;\" colspan=\"3\">Kopieavgift: \u00e0 1-10 sidor = 100 SEK<br>D\u00e4refter 4 SEK\/sida<\/td>\n<td class=\"avgift-2\"> Eventuellt porto<br>(se alternativ under leveransformat)<\/td>\n<td class=\"forklaring\">&nbsp;<\/td>\n<td class=\"leveransformat\">Papper\/PDF<\/td>\n<\/tr>\n<\/tbody>\n<\/table>\n<h3>Leveransmetoder<\/h3>\n<p>Vill du ha papperskopior av bilder f\u00f6rmedlar vi din best\u00e4llning till en extern fotograf (med egen prislista). Vi levererar digitalt p\u00e5 tv\u00e5 olika s\u00e4tt.<\/p>\n<ul>\n<li><strong>E-post &#8211; <\/strong>Om fil\/erna inte \u00f6verstiger 25 MB<\/li>\n<li><strong>FTP &#8211; <\/strong>Du f\u00e5r instruktioner inf\u00f6r leveransen<\/li>\n<\/ul>\n<br><\/br>\n","protected":false},"excerpt":{"rendered":"<p>Vi tar emot reproduktionsbest\u00e4llningar av material fr\u00e5n v\u00e5ra samlingar, b\u00e5de fr\u00e5n bibliotek- och arkivsamlingarna. Kopiebest\u00e4llningar fr\u00e5n biblioteket kan \u00e4ven g\u00f6ras via Libris fj\u00e4rrl\u00e5n. Leveranstid Vi levererar reprobest\u00e4llningar inom en m\u00e5nad [&hellip;]<\/p>\n","protected":false},"author":1,"featured_media":0,"parent":0,"menu_order":0,"comment_status":"closed","ping_status":"closed","template":"","meta":{"ngg_post_thumbnail":0,"footnotes":""},"class_list":["post-11327","page","type-page","status-publish","czr-hentry"],"_links":{"self":[{"href":"https:\/\/arbark.se\/sv\/wp-json\/wp\/v2\/pages\/11327","targetHints":{"allow":["GET"]}}],"collection":[{"href":"https:\/\/arbark.se\/sv\/wp-json\/wp\/v2\/pages"}],"about":[{"href":"https:\/\/arbark.se\/sv\/wp-json\/wp\/v2\/types\/page"}],"author":[{"embeddable":true,"href":"https:\/\/arbark.se\/sv\/wp-json\/wp\/v2\/users\/1"}],"replies":[{"embeddable":true,"href":"https:\/\/arbark.se\/sv\/wp-json\/wp\/v2\/comments?post=11327"}],"version-history":[{"count":94,"href":"https:\/\/arbark.se\/sv\/wp-json\/wp\/v2\/pages\/11327\/revisions"}],"predecessor-version":[{"id":21911,"href":"https:\/\/arbark.se\/sv\/wp-json\/wp\/v2\/pages\/11327\/revisions\/21911"}],"wp:attachment":[{"href":"https:\/\/arbark.se\/sv\/wp-json\/wp\/v2\/media?parent=11327"}],"curies":[{"name":"wp","href":"https:\/\/api.w.org\/{rel}","templated":true}]}}