{"id":12127,"date":"2017-09-06T11:40:06","date_gmt":"2017-09-06T09:40:06","guid":{"rendered":"https:\/\/arbark.se\/?page_id=12127\/"},"modified":"2025-10-10T11:10:43","modified_gmt":"2025-10-10T09:10:43","slug":"forskare","status":"publish","type":"page","link":"https:\/\/arbark.se\/sv\/forskning\/forskare\/","title":{"rendered":"Forskare"},"content":{"rendered":"\n<h3 class=\"wp-block-heading\">Silke Neunsinger<\/h3>\n\n\n\n<p>Fil Dr\/Associate Professor i Ekonomisk historia <\/p>\n\n\n\n<p>Forskningsledare, Arbetarr\u00f6relsens arkiv och bibliotek <\/p>\n\n\n\n<p>silke.neunsinger[a]arbark.se<\/p>\n\n\n\n<h3 class=\"wp-block-heading\">Jonas S\u00f6derqvist<\/h3>\n\n\n\n<p>Fil Dr i Ekonomisk historia<\/p>\n\n\n\n<p>Bitr\u00e4dande forskningsledare, Arbetarr\u00f6relsens arkiv och bibliotek<\/p>\n\n\n\n<p>jonas.soderqvist[a]arbark.se<\/p>\n\n\n\n<hr class=\"wp-block-separator has-css-opacity\"\/>\n\n\n\n<h2 class=\"wp-block-heading\">Affilierade forskare<\/h2>\n\n\n\n<h3 class=\"wp-block-heading\">Andreas Admasie<\/h3>\n\n\n\n<p>Fil Dr i Historia och Afrikastudier<\/p>\n\n\n\n<p>andreas.admasie[a]arbark.se<\/p>\n\n\n\n<h4 class=\"wp-block-heading\">Om Andreas Admasie <\/h4>\n\n\n\n<p>Affilierad forskare vid Arbetarr\u00f6relsens arkiv och bibliotek och &amp; Regional Specialist for Africa, <a href=\"https:\/\/iisg.amsterdam\/en\/about\/staff\/andreas-admasie\" class=\"yoast-seo-link\">International Institute of Social History (IISH)<\/a>.<\/p>\n\n\n\n<p>Andreas Admasie forskar i klassrelationer p\u00e5 Afrikas horn, l\u00f6nearbetets och arbetarr\u00f6relsens historia i Etiopien \u2013 p\u00e5 ARBARK inom projektet <a href=\"https:\/\/www.statsvet.uu.se\/research\/shades-of-civic-activism\/\" class=\"yoast-seo-link\">Shades of Civic Activism: State \u2013 Labour Relations in India and Ethiopia<\/a>.<br>Publikationer p\u00e5 <a href=\"https:\/\/pure.knaw.nl\/portal\/en\/persons\/andreas-admasie\" class=\"yoast-seo-link\">Royal Netherlands Academy for Arts and Sciences (KNAW).<\/a><\/p>\n\n\n\n<hr class=\"wp-block-separator has-css-opacity\"\/>\n\n\n\n<h3 class=\"wp-block-heading\">Markus Lundstr\u00f6m<\/h3>\n\n\n\n<p>Fil Dr<\/p>\n\n\n\n<p><a href=\"http:\/\/orcid.org\/0000-0003-3579-2143\">ORCID<\/a>&nbsp;\/&nbsp;<a href=\"https:\/\/su-se.academia.edu\/MarkusLundstr%C3%B6m\">Academia<\/a><\/p>\n\n\n\n<h4 class=\"wp-block-heading\">Om Markus Lindstr\u00f6m <\/h4>\n\n\n\n<p>Markus Lindstr\u00f6m \u00e4r knuten till <a href=\"https:\/\/www.su.se\/institutionen-for-ekonomisk-historia-och-internationella-relationer\/\" class=\"yoast-seo-link\">Institutionen f\u00f6r Ekonomisk Historia och Internationella Relationer vid Stockholms Universitet<\/a>. Han \u00e4r affilierad forskare vid Arbetarr\u00f6relsens arkiv och bibliotek. Markus Lundstr\u00f6ms socialhistoriska forskning kretsar kring motst\u00e5nd och sociala r\u00f6relser. Han disputerade 2017 med en avhandling om historieskrivning som maktresurs hos den brasilianska jordr\u00f6relsen.<\/p>\n\n\n\n<hr class=\"wp-block-separator has-css-opacity\"\/>\n\n\n\n<h3 class=\"wp-block-heading\">Carl Marklund<\/h3>\n\n\n<div class=\"wp-block-image wp-image-12137 size-thumbnail\">\n<figure class=\"alignright\"><img loading=\"lazy\" decoding=\"async\" width=\"150\" height=\"150\" src=\"https:\/\/arbark.se\/wp-content\/uploads\/2017\/09\/carl-marklund-150x150.jpg\" alt=\"Carl Marklund\" class=\"wp-image-12137\"\/><figcaption class=\"wp-element-caption\">Carl Marklund.<\/figcaption><\/figure>\n<\/div>\n\n\n<p>Fil Dr i Historia<\/p>\n\n\n\n<p>carl.marklund[a]arbark.se<br>carl.marklund[a]sh.se<\/p>\n\n\n\n<h4 class=\"wp-block-heading\">Om Carl Marklund<\/h4>\n\n\n\n<p>Carl Marklund \u00e4r verksam vid <a href=\"https:\/\/www.sh.se\/kontakt\/forskare\/carl-marklund\">Institutionen f\u00f6r historia och samtidsstudier<\/a> och l\u00e4rande och <a href=\"https:\/\/www.sh.se\/forskning\/centrumbildningar-och-forskningsnatverk\/centre-for-baltic-and-east-european-studies\">Centre for Baltic and East European Studies (CBEES)<\/a> vid S\u00f6dert\u00f6rn H\u00f6gskola. Han \u00e4r affilierad forskare vid Arbetarr\u00f6relsens arkiv och bibliotek.<\/p>\n\n\n\n<p>Carl Marklund \u00e4r sedan augusti 2012 verksam som post-doktor vid CBEES. Han har en fil kand i statsvetenskap fr\u00e5n Statsvetenskapliga institutionen, Stockholms universitet (2000), en magisterexamen i internationella relationer fr\u00e5n Department of International History, London School of Economics (2002) och en doktorsexamen i historia fr\u00e5n Department of History and Civilization, European University Institute (2008). I avhandlingen analyserar han hur begreppet social ingenj\u00f6rskonst har anv\u00e4nts politiskt och vetenskapligt i Sverige och USA under mellankrigstiden.<\/p>\n\n\n\n<p>Carl Marklund har varit NordWel post-doktor vid Department of Political and Economic Studies, University of Helsinki (2008\u20132010) d\u00e4r han undervisade och forskade j\u00e4mf\u00f6rande om planeringst\u00e4nkande i olika samh\u00e4llsekonomiska system, bland annat Singapore och Sverige.<\/p>\n\n\n\n<p>Han har ocks\u00e5 varit g\u00e4stforskare vid Department of History, New York University (2005), Department of History, Columbia University (2006), United States Holocaust Memorial Museum (2009), Samtidshistoriska institutet, S\u00f6dert\u00f6rns h\u00f6gskola (2010) och historiska institutionen, Stockholms universitet (2011).<\/p>\n\n\n\n<h4 class=\"wp-block-heading\">Forskningsomr\u00e5den<\/h4>\n\n\n\n<p>Carl Marklunds forskningsintresse handlar om f\u00f6rh\u00e5llandet mellan samh\u00e4llsplanering och samh\u00e4llsvisioner. Framf\u00f6r allt intresserar han sig f\u00f6r betydelsen av vetenskaplig kunskapsproduktion f\u00f6r utvecklingen av olika politiska omr\u00e5den. Han har bland annat forskat och publicerat om bilden av de nordiska v\u00e4lf\u00e4rdsstaterna internationellt, baltisk-nordisk regionalism och geopolitikens \u00e5terkomst i \u00d6stersj\u00f6regionen de senaste \u00e5ren.<\/p>\n\n\n\n<hr class=\"wp-block-separator has-css-opacity\"\/>\n\n\n\n<h3 class=\"wp-block-heading\">Fia Sundevall<\/h3>\n\n\n<div class=\"wp-block-image wp-image-13158 size-thumbnail\">\n<figure class=\"alignright\"><img loading=\"lazy\" decoding=\"async\" width=\"150\" height=\"150\" src=\"https:\/\/arbark.se\/wp-content\/uploads\/2017\/09\/fia-sundevall-150x150.png\" alt=\"Fia Sundevall, Fotograf: Johan Knobe\" class=\"wp-image-13158\" srcset=\"https:\/\/arbark.se\/wp-content\/dokument\/2017\/09\/fia-sundevall-150x150.png 150w, https:\/\/arbark.se\/wp-content\/dokument\/2017\/09\/fia-sundevall.png 260w\" sizes=\"auto, (max-width: 150px) 100vw, 150px\" \/><figcaption class=\"wp-element-caption\">Fia Sundevall. Foto: Johan Knobe<\/figcaption><\/figure>\n<\/div>\n\n\n<p>Docent i ekonomisk historia<\/p>\n\n\n\n<p>fia.sundevall[a]arbark.se<br>fia.sundevall[a]ekohist.su.se<\/p>\n\n\n\n<h4 class=\"wp-block-heading\">Om Fia Sundevall<\/h4>\n\n\n\n<p>Fia Sundevall \u00e4r forskare vid&nbsp;Arbetarr\u00f6relsens arkiv och bibliotek samt vid <a href=\"https:\/\/www.su.se\/profiles\/fisu1563-1.183989\">Institutionen f\u00f6r ekonomisk historia och internationella relationer&nbsp;vid Stockholms universitet.<\/a><\/p>\n\n\n\n<h4 class=\"wp-block-heading\">Forskningsomr\u00e5den<\/h4>\n\n\n\n<p>Fia Sundevall disputerade 2011 p\u00e5 en <a href=\"https:\/\/www.adlibris.com\/se\/bok\/det-sista-manliga-yrkesmonopolet-genus-och-militart-arbete-i-sverige-1865---1989-9789170610905\">avhandling om milit\u00e4r genusarbetsdelning<\/a>. Hennes p\u00e5g\u00e5ende forskning r\u00f6r sig inom tv\u00e5 huvudomr\u00e5den: ekonomiska r\u00f6str\u00e4ttsbegr\u00e4nsningar, respektive genus och milit\u00e4rt arbete.<\/p>\n\n\n\n<p>Hon \u00e4r projektledare f\u00f6r forskningsprojektet <a href=\"https:\/\/www.allmanrostratt.se\/\"><em>Allm\u00e4n r\u00f6str\u00e4tt? R\u00f6str\u00e4ttens begr\u00e4nsningar i Sverige efter 1921<\/em><\/a> som finansieras av Vetenskapsr\u00e5det med Arbetarr\u00f6relsens arkiv och bibliotek som koordinerande organisation.<\/p>\n\n\n\n<p>D\u00e4rut\u00f6ver deltar Fia Sundevall i tv\u00e5 forskningsprojekt om genus, v\u00e4rnplikt och milit\u00e4rt arbete, samt \u00e4r koordinator f\u00f6r <a href=\"https:\/\/socialhistoryportal.org\/elhn\/wg-military\">European Labour History Networks arbetsgrupp \u201dmilitary labour\u201d<\/a> och ing\u00e5r i styrgruppen f\u00f6r det <a href=\"https:\/\/www.cost.eu\/actions\/CA18205\/#tabs|Name:overview\">europeiska forskarn\u00e4tverket \u201dWorlds of Related Coercions in Work\u201d.<\/a><\/p>\n\n\n\n<hr class=\"wp-block-separator has-css-opacity\"\/>\n\n\n\n<h3 class=\"wp-block-heading\">Bengt Sandin<\/h3>\n\n\n<div class=\"wp-block-image wp-image-13208 size-thumbnail\">\n<figure class=\"alignright\"><img loading=\"lazy\" decoding=\"async\" width=\"150\" height=\"150\" src=\"https:\/\/arbark.se\/wp-content\/uploads\/2017\/09\/bengt-sandin-150x150.jpg\" alt=\"Bengt Sandin\" class=\"wp-image-13208\"\/><figcaption class=\"wp-element-caption\">Bengt Sandin<\/figcaption><\/figure>\n<\/div>\n\n\n<p>Professor emeritus<\/p>\n\n\n\n<p>bengt.sandin[a]arbark.se<br>bengt.sandin[a]liu.se<\/p>\n\n\n\n<p><a href=\"https:\/\/search.liu.se\/search.html?tags=4DACDCCFF2BC4672B61D8D74AFD3B04F\">Tema Barn (TEMAB)<\/a>&nbsp;\/&nbsp;<a href=\"https:\/\/search.liu.se\/search.html?tags=BFF0B66AB5A449D38FC1998995D9E4A5\">Institutionen f\u00f6r Tema (TEMA)<\/a><\/p>\n\n\n\n<p>Bengt Sandins forskning har r\u00f6r barns villkor och barndomens f\u00f6r\u00e4ndring under perioden fr\u00e5n 1600 till idag. Han har intresserat mig f\u00f6r barnarbete, skola, gatubarn, v\u00e4lf\u00e4rdssystem, mediepolitik och barndomens konstruktioner och barns r\u00e4ttigheter.<\/p>\n\n\n\n<h4 class=\"wp-block-heading\">Om Bengt Sandin<\/h4>\n\n\n\n<p>Bengt Sandins forskning har bidragit till att skapa en tv\u00e4rvetenskaplig forskningsmilj\u00f6 om barn och barndom (child studies\/tema Barn vid LiU). Inom denna ram har han utvecklat forskningsprojekt om barn och barndom ur ett historiskt perspektiv. Centrala resultat r\u00f6r barns akt\u00f6rskap och betydelse f\u00f6r kulturella och politiska processer. Forskningen har problematiserat samh\u00e4lls- och beteendevetenskapliga r\u00f6n om barns villkor och utveckling och pekat p\u00e5 hur barndom f\u00f6r\u00e4ndras och f\u00f6rhandlas i olika kontexter. Denna kunskap \u00e4r central i analysen av politiska beslut och utveckling av policy kring barn.<\/p>\n\n\n\n<p>Bengt Sandin disputerade i historia vid Lunds Universitet och har varit verksam vi Link\u00f6pings universitet som professor och dekan. Han har ocks\u00e5 varit knuten till CASBS vid University of Stanford samt Indiana University i Bloomington. Han har varit ansvarig f\u00f6r ett antal st\u00f6rre forskningsprojekt om barn och barndom.<\/p>\n\n\n\n<p>Initialt r\u00f6rde projekten barnarbete och skola men de har ocks\u00e5 handlat om olika aspekter p\u00e5 barnar\u00e4ddandet kring f\u00f6rra sekelskiftet samt den sena v\u00e4lf\u00e4rdsstaten f\u00f6r\u00e4ndring och dess konsekvenser f\u00f6r barndomen. Han har ocks\u00e5 varit ledare f\u00f6r forskningsprojekt om barns h\u00e4lsa.<\/p>\n\n\n\n<h4 class=\"wp-block-heading\"><strong>Forskningsomr\u00e5den<\/strong><\/h4>\n\n\n\n<p>Bengt Sandin \u00e4r engagerad i projekt om barns r\u00e4ttigheter, uppr\u00e4ttelseprocesser, samt om f\u00f6rh\u00e5llandet mellan r\u00f6str\u00e4tt och konstruktion av \u00e5lder.<\/p>\n","protected":false},"excerpt":{"rendered":"<p>Silke Neunsinger Fil Dr\/Associate Professor i Ekonomisk historia Forskningsledare, Arbetarr\u00f6relsens arkiv och bibliotek silke.neunsinger[a]arbark.se Jonas S\u00f6derqvist Fil Dr i Ekonomisk historia Bitr\u00e4dande forskningsledare, Arbetarr\u00f6relsens arkiv och bibliotek jonas.soderqvist[a]arbark.se Affilierade forskare [&hellip;]<\/p>\n","protected":false},"author":1,"featured_media":0,"parent":26,"menu_order":0,"comment_status":"closed","ping_status":"closed","template":"","meta":{"ngg_post_thumbnail":0,"footnotes":""},"class_list":["post-12127","page","type-page","status-publish","czr-hentry"],"_links":{"self":[{"href":"https:\/\/arbark.se\/sv\/wp-json\/wp\/v2\/pages\/12127","targetHints":{"allow":["GET"]}}],"collection":[{"href":"https:\/\/arbark.se\/sv\/wp-json\/wp\/v2\/pages"}],"about":[{"href":"https:\/\/arbark.se\/sv\/wp-json\/wp\/v2\/types\/page"}],"author":[{"embeddable":true,"href":"https:\/\/arbark.se\/sv\/wp-json\/wp\/v2\/users\/1"}],"replies":[{"embeddable":true,"href":"https:\/\/arbark.se\/sv\/wp-json\/wp\/v2\/comments?post=12127"}],"version-history":[{"count":49,"href":"https:\/\/arbark.se\/sv\/wp-json\/wp\/v2\/pages\/12127\/revisions"}],"predecessor-version":[{"id":21208,"href":"https:\/\/arbark.se\/sv\/wp-json\/wp\/v2\/pages\/12127\/revisions\/21208"}],"up":[{"embeddable":true,"href":"https:\/\/arbark.se\/sv\/wp-json\/wp\/v2\/pages\/26"}],"wp:attachment":[{"href":"https:\/\/arbark.se\/sv\/wp-json\/wp\/v2\/media?parent=12127"}],"curies":[{"name":"wp","href":"https:\/\/api.w.org\/{rel}","templated":true}]}}