{"id":12550,"date":"2018-01-31T15:01:59","date_gmt":"2018-01-31T14:01:59","guid":{"rendered":"https:\/\/arbark.se\/?page_id=12550\/"},"modified":"2020-08-27T16:36:31","modified_gmt":"2020-08-27T14:36:31","slug":"tillganglighet","status":"publish","type":"page","link":"https:\/\/arbark.se\/sv\/kontakt\/tillganglighet\/","title":{"rendered":"Tillg\u00e4nglighet"},"content":{"rendered":"<p><strong>Alla \u00e4r v\u00e4lkomna till Arbetarr\u00f6relsens arkiv och bibliotek. H\u00e4r hittar du information om hur vi har anpassat v\u00e5ra lokaler. Kontakta oss f\u00f6re bes\u00f6ket f\u00f6r att f\u00e5 b\u00e4sta m\u00f6jliga service.<\/strong><\/p>\n<h3>Entr\u00e9 och parkering<\/h3>\n<p>Fr\u00e5n parkeringen precis utanf\u00f6r entr\u00e9n g\u00e5r en svagt lutande ramp p\u00e5 cirka 1,5 meter till sj\u00e4lva entr\u00e9. Det finns 10 parkeringsplatser i precis anslutning till entr\u00e9n f\u00f6r bes\u00f6kare, parkeringstillst\u00e5nd beh\u00f6vs ej. Kompletterande parkeringsplatser finns cirka 10 meter fr\u00e5n entr\u00e9n.<\/p>\n<h3>Inomhus<\/h3>\n<p>Innanf\u00f6r entr\u00e9n n\u00e5r bes\u00f6karna en glasv\u00e4gg med en glasd\u00f6rr som \u00f6ppnas av forskarexpeditionspersonalen. Receptions- och l\u00e5nedisken \u00e4r h\u00f6j- och s\u00e4nkbara. H\u00f6rslinga saknas vid receptionen.<\/p>\n<p>I referensbiblioteket och forskarl\u00e4sesalen finns referenslitteratur liksom boksamlingar i h\u00f6gre hyllor. Personalen hj\u00e4lper g\u00e4rna till att h\u00e4mta b\u00f6cker.<\/p>\n<h3>Service vid l\u00e4sneds\u00e4ttning<\/h3>\n<p>F\u00f6rstoringsglas utan belysning finns att l\u00e5na i forskarexpeditionen.<\/p>\n<h3>Allergier<\/h3>\n<p>Inga v\u00e4xter finns i anslutning till de offentliga utrymmena p\u00e5 Arbetarr\u00f6relsens arkiv och biblioteket. Institutionens st\u00e4dprodukter \u00e4r fria fr\u00e5n parfym.<br \/>\nAssistanshundar \u00e4r till\u00e5tna i lokalerna, dock inte andra p\u00e4lsdjur.<\/p>\n<h3>Mat och dryck<\/h3>\n<p>I forskarpentryt och i forskarmatsalen finns m\u00f6jlighet att \u00e4ta och dricka medhavd mat och dryck. Det finns m\u00f6jlighet att k\u00f6pa kaffe och te.<\/p>\n<h3>Toaletter<\/h3>\n<p>Tillg\u00e4ngliga toaletter finns, \u00e4ven en st\u00f6rre som har sv\u00e4ngutrymme f\u00f6r rullstol.<\/p>\n<p>&nbsp;<\/p>\n","protected":false},"excerpt":{"rendered":"<p>Alla \u00e4r v\u00e4lkomna till Arbetarr\u00f6relsens arkiv och bibliotek. H\u00e4r hittar du information om hur vi har anpassat v\u00e5ra lokaler. Kontakta oss f\u00f6re bes\u00f6ket f\u00f6r att f\u00e5 b\u00e4sta m\u00f6jliga service. Entr\u00e9 [&hellip;]<\/p>\n","protected":false},"author":1,"featured_media":0,"parent":3661,"menu_order":3,"comment_status":"closed","ping_status":"closed","template":"","meta":{"ngg_post_thumbnail":0,"footnotes":""},"class_list":["post-12550","page","type-page","status-publish","czr-hentry"],"_links":{"self":[{"href":"https:\/\/arbark.se\/sv\/wp-json\/wp\/v2\/pages\/12550","targetHints":{"allow":["GET"]}}],"collection":[{"href":"https:\/\/arbark.se\/sv\/wp-json\/wp\/v2\/pages"}],"about":[{"href":"https:\/\/arbark.se\/sv\/wp-json\/wp\/v2\/types\/page"}],"author":[{"embeddable":true,"href":"https:\/\/arbark.se\/sv\/wp-json\/wp\/v2\/users\/1"}],"replies":[{"embeddable":true,"href":"https:\/\/arbark.se\/sv\/wp-json\/wp\/v2\/comments?post=12550"}],"version-history":[{"count":2,"href":"https:\/\/arbark.se\/sv\/wp-json\/wp\/v2\/pages\/12550\/revisions"}],"predecessor-version":[{"id":15541,"href":"https:\/\/arbark.se\/sv\/wp-json\/wp\/v2\/pages\/12550\/revisions\/15541"}],"up":[{"embeddable":true,"href":"https:\/\/arbark.se\/sv\/wp-json\/wp\/v2\/pages\/3661"}],"wp:attachment":[{"href":"https:\/\/arbark.se\/sv\/wp-json\/wp\/v2\/media?parent=12550"}],"curies":[{"name":"wp","href":"https:\/\/api.w.org\/{rel}","templated":true}]}}