{"id":12734,"date":"2018-05-24T11:26:49","date_gmt":"2018-05-24T09:26:49","guid":{"rendered":"https:\/\/arbark.se\/?page_id=12734\/"},"modified":"2022-10-25T12:40:52","modified_gmt":"2022-10-25T10:40:52","slug":"personuppgifter","status":"publish","type":"page","link":"https:\/\/arbark.se\/sv\/om\/personuppgifter\/","title":{"rendered":"Personuppgifter"},"content":{"rendered":"<h3>Arbetarr\u00f6relsens arkiv och bibliotek och personuppgifter<\/h3>\n<p><strong>Med anledning av den nya Dataskyddsf\u00f6rordningen (GDPR) som b\u00f6rjar att g\u00e4lla fr\u00e5n och med den 25 maj 2018 vill vi h\u00e4r f\u00f6rtydliga vilka personuppgifter som vi hanterar. <\/strong><strong>Dataskyddsf\u00f6rordningen (GDPR) \u00e4r till f\u00f6r att skydda enskildas grundl\u00e4ggande r\u00e4ttigheter och friheter, s\u00e4rskilt deras r\u00e4tt till skydd av personuppgifter.<\/strong><\/p>\n<p>M\u00e5nga av de regler som finns i Dataskyddsf\u00f6rordningen (GDPR) liknar de regler som tidigare fanns i personuppgiftslagen. P\u00e5 samma s\u00e4tt f\u00e5r man idag behandla personuppgifter exempelvis med st\u00f6d av samtycke, f\u00f6r att uppfylla ett avtal eller efter en intresseavv\u00e4gning. De registrerade kommer \u00e4ven i forts\u00e4ttningen att ha r\u00e4tt att f\u00e5 information om den hantering av personuppgifter som sker.<\/p>\n<h4>Vad \u00e4r en personuppgift och vad \u00e4r en behandling av personuppgifter?<\/h4>\n<p>Personuppgifter \u00e4r all information som direkt eller indirekt kan h\u00e4nf\u00f6ras till en fysisk person. Behandling av personuppgifter \u00e4r allt som sker med personuppgifterna. Varje \u00e5tg\u00e4rd som g\u00f6rs med personuppgifter utg\u00f6r en behandling, oberoende av om den utf\u00f6rs automatiserat eller ej. Exempel p\u00e5 vanliga behandlingar \u00e4r insamling, registrering, organisering, strukturering, lagring, bearbetning, \u00f6verf\u00f6ring och radering. Dessa behandlingar omfattar ARAB:s hantering av personuppgifter b\u00e5de i arkiv- och bibliotekshandlingar samt de personuppgifter som h\u00e4rr\u00f6rs fr\u00e5n v\u00e5ra bes\u00f6kare.&nbsp;<\/p>\n<h4>Vem \u00e4r ansvarig f\u00f6r de personuppgifter vi samlar in?<\/h4>\n<p>Arbetarr\u00f6relsens arkiv och bibliotek, organisationsnummer 802410-8881, med adress Elektronv\u00e4gen 2, 141 49 Flemingsberg, \u00e4r personuppgiftsansvarig f\u00f6r institutionens behandling av personuppgifter.<\/p>\n<h4>Vilka personuppgifter samlar vi in om dig?<\/h4>\n<p>Om du g\u00f6r l\u00e5nar b\u00f6cker hos oss, samlar vi in och behandlar f\u00f6ljande uppgifter om dig; namn, personnummer, telefonnummer, adress och mejladress. Personuppgifterna kan komma att h\u00e4mtas fr\u00e5n dig sj\u00e4lv eller fr\u00e5n folkbokf\u00f6ringen hos Skatteverket.<\/p>\n<ul>\n<li>Om du g\u00f6r arkivl\u00e5n hos oss, samlar vi in och behandlar f\u00f6ljande uppgifter om dig: namn och telefonnummer eller mailadress.<\/li>\n<li>Om du f\u00f6ljer v\u00e5ra mejlutskick, samlar vi in och behandlar f\u00f6ljande uppgifter om dig: namn och mejladress.<\/li>\n<li>Om du prenumererar p\u00e5 v\u00e5r tidskrift Arbetarhistoria, samlar vi in och behandlar f\u00f6ljande uppgifter om dig: namn, telefonnummer, adress och mejladress.<\/li>\n<li>F\u00f6r att ta g\u00f6ra utbetalningar f\u00f6r evenemang, seminarier eller som artikelf\u00f6rfattare samlar vi in och behandlar f\u00f6ljande uppgifter om dig: namn, personnummer, telefonnummer, adress och mejladress. Personuppgifterna kan komma att h\u00e4mtas fr\u00e5n dig sj\u00e4lv eller fr\u00e5n folkbokf\u00f6ringen hos Skatteverket.<\/li>\n<li>Om du k\u00f6per reproduktioner, kopior, b\u00f6cker eller dylikt fr\u00e5n oss, samlar vi in och behandlar f\u00f6ljande uppgifter om dig: namn, adress och mejladress.<\/li>\n<\/ul>\n<h4>Hur hanterar vi personnummer?<\/h4>\n<p>Vi kommer bara att behandla ditt personnummer n\u00e4r det \u00e4r motiverat med h\u00e4nsyn till \u00e4ndam\u00e5let, n\u00f6dv\u00e4ndigt f\u00f6r s\u00e4ker identifiering eller om det finns n\u00e5got annat viktigt sk\u00e4l.<\/p>\n<h4>Varf\u00f6r behandlar vi och varf\u00f6r har vi r\u00e4tt att behandla dina uppgifter?<\/h4>\n<p>Vi kommer att behandla dina personuppgifter f\u00f6r att kunna administrera v\u00e5ra biblioteksl\u00e5n, prenumerationstj\u00e4nster och arkivl\u00e5n. Vi beh\u00f6ver dina kontaktuppgifter, som namn, adress, mejl och telefonnummer, f\u00f6r detta samt personnummer i fallet med prenumeration och biblioteksl\u00e5n.<\/p>\n<h4>Vilka kan delar vi dina personuppgifter med?<\/h4>\n<p>Vi delar dina personuppgifter med de leverant\u00f6rer och samarbetspartners som utf\u00f6r tj\u00e4nster f\u00f6r v\u00e5r r\u00e4kning. Dessa f\u00f6retag \u00e4r ibland s\u00e5 kallade personuppgiftsbitr\u00e4den f\u00f6r oss. Ett personuppgiftsbitr\u00e4de \u00e4r ett f\u00f6retag som behandlar informationen f\u00f6r v\u00e5r r\u00e4kning och enligt v\u00e5ra instruktioner.<\/p>\n<p>Dina personuppgifter kommer fr\u00e4mst att delas med:<\/p>\n<ul>\n<li>F\u00f6retag som hj\u00e4lper oss med betalningshantering, till exempel banker<\/li>\n<li>Informations- och betalningsaviutskick (tryck och\/eller distribution)<\/li>\n<li>IT-tj\u00e4nster (n\u00f6dv\u00e4ndig drift, teknisk support och underh\u00e5ll av v\u00e5ra IT-l\u00f6sningar)<\/li>\n<\/ul>\n<h4>Var behandlar vi dina personuppgifter?<\/h4>\n<p>Alla dina personuppgifter behandlas i Sverige f\u00f6rutom bibliotekets l\u00e5ntagarregister som behandlas i en databas i Norge.<\/p>\n<p><a href=\"https:\/\/arbark-swe.mikromarc.se\/mikromarc3\/privacypolicy.aspx?Unit=6475&amp;db=arbark-swe\">L\u00e4s mer om denna hantering. <\/a><\/p>\n<h4>Hur l\u00e4nge sparas dina uppgifter?<\/h4>\n<p>Dina uppgifter sparas i v\u00e5ra register s\u00e5 l\u00e4nge du kvarst\u00e5r som l\u00e5ntagare eller prenumerant. Om du inte l\u00e4ngre \u00f6nskar vara en prenumerant, mottagare av mejlutskick eller l\u00e5ntagare hos oss, kan du med omedelbar verkan tas bort ur registren genom att kontakta oss.<\/p>\n<h4>Hur skyddas dina personuppgifter?<\/h4>\n<p>Vi behandlar enbart s\u00e5dana personuppgifter som vi bed\u00f6mer \u00e4r n\u00f6dv\u00e4ndiga f\u00f6r att bedriva v\u00e5r verksamhet och enbart s\u00e5 l\u00e4nge det beh\u00f6vs f\u00f6r detta syfte. Endast personer inom organisationen som verkligen beh\u00f6ver tillg\u00e5ng till uppgifterna f\u00e5r det.<\/p>\n<h4>Vad har du f\u00f6r r\u00e4ttigheter som registrerad?<\/h4>\n<p>R\u00e4tt till tillg\u00e5ng (s\u00e5 kallat registerutdrag). Vi \u00e4r alltid \u00f6ppna och transparenta med hur vi behandlar dina personuppgifter och om du vill veta vilka uppgifter vi behandlar om just dig kan du beg\u00e4ra tillg\u00e5ng till dem.<\/p>\n<h4>R\u00e4tt till r\u00e4ttelse<\/h4>\n<p>Du kan beg\u00e4ra att dina personuppgifter r\u00e4ttas om uppgifterna \u00e4r felaktiga. Inom ramen f\u00f6r det angivna \u00e4ndam\u00e5let har du ocks\u00e5 r\u00e4tt att komplettera eventuellt ofullst\u00e4ndiga personuppgifter.<\/p>\n<h4>R\u00e4tt till radering<\/h4>\n<p>Du kan beg\u00e4ra radering av de personuppgifter vi behandlar om dig ifall uppgifterna inte l\u00e4ngre \u00e4r n\u00f6dv\u00e4ndiga f\u00f6r de \u00e4ndam\u00e5l f\u00f6r vilka de har samlats in eller behandlats.<\/p>\n<h4>R\u00e4tt till begr\u00e4nsning<\/h4>\n<p>Informationsutskick: Du har m\u00f6jlighet att avanm\u00e4la att dina personuppgifter behandlas f\u00f6r nyhetsbrev. Det g\u00f6r du antingen direkt via e-post till nyhetsbrev@arbark.se eller via l\u00e4nk, l\u00e4ngst ned i varje mejlutskick.<\/p>\n<h4>R\u00e4tt till dataportabilitet<\/h4>\n<p>Du kan beg\u00e4ra att vi l\u00e4mnar ut dina uppgifter i ett maskinl\u00e4sbart format till en annan personuppgiftsansvarig, till exempel en annan part eller leverant\u00f6r. Detta g\u00e4ller bara personuppgifter som du sj\u00e4lv har gett oss, som behandlas automatiskt av oss och som vi behandlar f\u00f6r att h\u00e5lla vad vi lovat i avtalet med dig eller f\u00f6r att du samtyckt.<\/p>\n<h4>Vad inneb\u00e4r det att Integritetsskyddsmyndigheten \u00e4r tillsynsmyndighet?<\/h4>\n<p>Integritetsskyddsmyndigheten \u00e4r ansvarig f\u00f6r att \u00f6vervaka till\u00e4mpningen av lagstiftningen. Om du tycker att vi behandlar dina personuppgifter p\u00e5 ett felaktigt s\u00e4tt har du r\u00e4tt att l\u00e4mna klagom\u00e5l till tillsynsmyndigheten.<\/p>\n<h4>Hur kontaktar du oss l\u00e4ttast vid fr\u00e5gor om dataskydd?<\/h4>\n<p>Om du har fr\u00e5gor eller vill anv\u00e4nda de r\u00e4ttigheter du har n\u00e4r vi behandlar dina personuppgifter kontakta oss via <a href=\"mailto:info@arbark.se\">info@arbark.se<\/a><\/p>\n<p>&nbsp;<\/p>\n","protected":false},"excerpt":{"rendered":"<p>Arbetarr\u00f6relsens arkiv och bibliotek och personuppgifter Med anledning av den nya Dataskyddsf\u00f6rordningen (GDPR) som b\u00f6rjar att g\u00e4lla fr\u00e5n och med den 25 maj 2018 vill vi h\u00e4r f\u00f6rtydliga vilka personuppgifter [&hellip;]<\/p>\n","protected":false},"author":1,"featured_media":0,"parent":2,"menu_order":0,"comment_status":"closed","ping_status":"closed","template":"","meta":{"ngg_post_thumbnail":0,"footnotes":""},"class_list":["post-12734","page","type-page","status-publish","czr-hentry"],"_links":{"self":[{"href":"https:\/\/arbark.se\/sv\/wp-json\/wp\/v2\/pages\/12734","targetHints":{"allow":["GET"]}}],"collection":[{"href":"https:\/\/arbark.se\/sv\/wp-json\/wp\/v2\/pages"}],"about":[{"href":"https:\/\/arbark.se\/sv\/wp-json\/wp\/v2\/types\/page"}],"author":[{"embeddable":true,"href":"https:\/\/arbark.se\/sv\/wp-json\/wp\/v2\/users\/1"}],"replies":[{"embeddable":true,"href":"https:\/\/arbark.se\/sv\/wp-json\/wp\/v2\/comments?post=12734"}],"version-history":[{"count":8,"href":"https:\/\/arbark.se\/sv\/wp-json\/wp\/v2\/pages\/12734\/revisions"}],"predecessor-version":[{"id":18994,"href":"https:\/\/arbark.se\/sv\/wp-json\/wp\/v2\/pages\/12734\/revisions\/18994"}],"up":[{"embeddable":true,"href":"https:\/\/arbark.se\/sv\/wp-json\/wp\/v2\/pages\/2"}],"wp:attachment":[{"href":"https:\/\/arbark.se\/sv\/wp-json\/wp\/v2\/media?parent=12734"}],"curies":[{"name":"wp","href":"https:\/\/api.w.org\/{rel}","templated":true}]}}