{"id":12827,"date":"2018-09-10T12:43:58","date_gmt":"2018-09-10T10:43:58","guid":{"rendered":"https:\/\/arbark.se\/?page_id=12827\/"},"modified":"2021-10-04T12:38:04","modified_gmt":"2021-10-04T10:38:04","slug":"allman-rostratt","status":"publish","type":"page","link":"https:\/\/arbark.se\/sv\/forskning\/projekt\/allman-rostratt\/","title":{"rendered":"Allm\u00e4n r\u00f6str\u00e4tt? R\u00f6str\u00e4ttens begr\u00e4nsningar i Sverige efter 1921"},"content":{"rendered":"\n<div class=\"wp-block-group\"><div class=\"wp-block-group__inner-container is-layout-flow wp-block-group-is-layout-flow\">\n<p><strong>\u00c5r 2018 firas ett viktigt jubileum i Sverige<\/strong> \u2013 den allm\u00e4nna och lika r\u00f6str\u00e4tten fyller hundra \u00e5r. S\u00e5 heter det \u00e5tminstone i h\u00f6gtidstalen och i den g\u00e4ngse historieskrivningen; genom reformerna 1918\u22121921 n\u00e5dde r\u00f6str\u00e4ttskampen sitt m\u00e5l. Men hur allm\u00e4n blev egentligen r\u00f6str\u00e4tten? En rad s\u00e5 kallade r\u00f6str\u00e4ttsstreck \u2013 diskvalificeringsgrunder fr\u00e5n r\u00f6str\u00e4tten \u2013 hade tillkommit under 1900-talets f\u00f6rsta decennium och flera av dem kvarstod efter 1921. Det g\u00e4llde till exempel straffp\u00e5f\u00f6ljd, konkurs och f\u00f6rs\u00f6rjning av fattigv\u00e5rden. <\/p>\n\n\n\n<p>Dessutom var r\u00f6str\u00e4tten under hela 1900-talet p\u00e5verkad av faktorer som medborgarskap och \u00e5lder. Det fanns \u00e4ven praktiska begr\u00e4nsningar f\u00f6r etniska minoriteter, exempelvis romer, resande och samer.<\/p>\n\n\n\n<p><strong>Kampen f\u00f6r en allm\u00e4n r\u00f6str\u00e4tt <\/strong>var f\u00f6ljaktligen inte avslutad 1921. Detta faktum \u00e4r utg\u00e5ngspunkten f\u00f6r projektet, som unders\u00f6ker hur gr\u00e4nserna f\u00f6r r\u00f6str\u00e4tten har f\u00f6r\u00e4ndrats och debatterats efter de demokratiska reformerna f\u00f6r hundra \u00e5r sedan. Syftet \u00e4r att granska striderna om r\u00f6str\u00e4tten efter det \u201ddemokratiska genombrottet\u201d. Projektet kan d\u00e4rmed ge nya och utmanande perspektiv p\u00e5 demokratiseringen under 1900-talet. Dessutom syftar projektet till att kasta nytt ljus \u00f6ver det moderna medborgarskapets (sociala, ekonomiska, politiska och kulturella) gr\u00e4nser, \u00f6ver den politiska inkluderingens och exkluderingens mekanismer och praktiker samt \u00e4ven  \u00f6ver demokratin som styrelesform och historisk process.<\/p>\n\n\n\n<h4 class=\"wp-block-heading\">Se samtiden genom historien<\/h4>\n\n\n\n<p><strong>Detta \u00e4r den f\u00f6rsta systematiska unders\u00f6kningen<\/strong> av den svenska r\u00f6str\u00e4ttens begr\u00e4nsningar och utvidgningar efter 1921 och belyser d\u00e4rmed aspekter av den svenska demokratiseringsprocessen som hittills har varit s\u00e5 gott som outforskade. Projektet vill ge ny kunskap om hur den politiska makten har sett p\u00e5 dem som var uteslutna och med tiden blev inkluderade i f\u00f6r h\u00e5llande till kategorier som \u201dmedborgare\u201d, \u201dfolk\u201d och \u201dnation\u201d.<\/p>\n\n\n\n<p>Det historiska angreppss\u00e4ttet kan bidra till den internationella forskningen om demokratins utveckling som en process vars gr\u00e4nser och inneb\u00f6rder genomg\u00e5r \u00e5terkommande omf\u00f6rhandlingar. P\u00e5 s\u00e5 s\u00e4tt vill forskargruppen medverka i den internationella teoretiska diskussionen om demokratisering och med Sverige som exempel visa hur demokratin inte \u00e4r ett tillst\u00e5nd d\u00e4r r\u00f6str\u00e4tten har sj\u00e4lvklara och eviga gr\u00e4nser, utan b\u00f6r ses som en konfliktfylld historisk process som p\u00e5g\u00e5r \u00e4n idag. <\/p>\n\n\n\n<p>Projektet st\u00e4ller en rad fr\u00e5gor om den allm\u00e4nna r\u00f6str\u00e4ttens begr\u00e4nsningar. Hur motiverades de? Vilka konsekvenser fick de f\u00f6r valmansk\u00e5rens sammans\u00e4ttning? Vilka politiska krafter verkade f\u00f6r att upph\u00e4va och beh\u00e5lla begr\u00e4nsningarna? Vilka politiska m\u00e5l syftade begr\u00e4nsningarna och utvidgningen till? Hur f\u00f6rh\u00f6ll sig r\u00f6str\u00e4ttsbegr\u00e4nsningar till gr\u00e4nserna f\u00f6r valbarhet?<\/p>\n\n\n\n<h4 class=\"wp-block-heading\">Sex delstudier<\/h4>\n\n\n\n<p><strong>Projektet p\u00e5g\u00e5r under fyra \u00e5r <\/strong>med start 2018. Det best\u00e5r av sex delstudier, d\u00e4r en utg\u00f6r en kvantitativ analys av samtliga r\u00f6str\u00e4ttsbegr\u00e4nsningar, medan de \u00f6vriga fem \u00e4r kvalitativa studier av en eller flera r\u00f6str\u00e4ttsbegr\u00e4nsningar: \u00c5lder, nationellt medborgarskap, konkurs, fattigv\u00e5rd, skatteskulder, straffp\u00e5f\u00f6ljd, f\u00f6rmyndarskap respektive administrativa r\u00f6str\u00e4ttshinder. <\/p>\n\n\n\n<p>Projektledare \u00e4r ekonomihistoriker Fia Sundevall vid Arbetarr\u00f6relsens arkiv och bibliotek. \u00d6vriga medverkande \u00e4r Annika Berg, id\u00e9historiker vid Stockholms universitet; Martin Ericsson, historiker vid Lunds universitet; Mattias Lindgren, ekonomihistoriker vid Stockholms universitet; Julia Nordblad, id\u00e9historiker vid Uppsala Universitet, samt Jonathan Josefson och Bengt Sandin, Tema Barn vid Link\u00f6pings universitet. Vetenskapsr\u00e5det har finansierat projektet.<\/p>\n\n\n\n<p>Projektet &#8221;Allm\u00e4n r\u00f6str\u00e4tt? R\u00f6str\u00e4ttens begr\u00e4nsningar efter 1921&#8221; har \u00e4ven en egen webbplats: <a href=\"http:\/\/www.allmanrostratt.se\/\">Allmanrostratt.se<\/a><\/p>\n<\/div><\/div>\n","protected":false},"excerpt":{"rendered":"<p>\u00c5r 2018 firas ett viktigt jubileum i Sverige \u2013 den allm\u00e4nna och lika r\u00f6str\u00e4tten fyller hundra \u00e5r. S\u00e5 heter det \u00e5tminstone i h\u00f6gtidstalen och i den g\u00e4ngse historieskrivningen; genom reformerna [&hellip;]<\/p>\n","protected":false},"author":1,"featured_media":12539,"parent":419,"menu_order":0,"comment_status":"closed","ping_status":"closed","template":"","meta":{"ngg_post_thumbnail":0,"footnotes":""},"class_list":["post-12827","page","type-page","status-publish","has-post-thumbnail","czr-hentry"],"_links":{"self":[{"href":"https:\/\/arbark.se\/sv\/wp-json\/wp\/v2\/pages\/12827","targetHints":{"allow":["GET"]}}],"collection":[{"href":"https:\/\/arbark.se\/sv\/wp-json\/wp\/v2\/pages"}],"about":[{"href":"https:\/\/arbark.se\/sv\/wp-json\/wp\/v2\/types\/page"}],"author":[{"embeddable":true,"href":"https:\/\/arbark.se\/sv\/wp-json\/wp\/v2\/users\/1"}],"replies":[{"embeddable":true,"href":"https:\/\/arbark.se\/sv\/wp-json\/wp\/v2\/comments?post=12827"}],"version-history":[{"count":4,"href":"https:\/\/arbark.se\/sv\/wp-json\/wp\/v2\/pages\/12827\/revisions"}],"predecessor-version":[{"id":17957,"href":"https:\/\/arbark.se\/sv\/wp-json\/wp\/v2\/pages\/12827\/revisions\/17957"}],"up":[{"embeddable":true,"href":"https:\/\/arbark.se\/sv\/wp-json\/wp\/v2\/pages\/419"}],"wp:featuredmedia":[{"embeddable":true,"href":"https:\/\/arbark.se\/sv\/wp-json\/wp\/v2\/media\/12539"}],"wp:attachment":[{"href":"https:\/\/arbark.se\/sv\/wp-json\/wp\/v2\/media?parent=12827"}],"curies":[{"name":"wp","href":"https:\/\/api.w.org\/{rel}","templated":true}]}}