{"id":13,"date":"2009-01-05T14:40:00","date_gmt":"2009-01-05T13:40:00","guid":{"rendered":"https:\/\/arbark.se\/?page_id=13"},"modified":"2020-01-29T14:13:07","modified_gmt":"2020-01-29T13:13:07","slug":"prenumerera","status":"publish","type":"page","link":"https:\/\/arbark.se\/sv\/prenumerera\/","title":{"rendered":"Prenumerera"},"content":{"rendered":"<p><strong>Du kan prenumerera p\u00e5 information fr\u00e5n oss via <a href=\"#rss\">RSS<\/a> och <\/strong><strong>e-post<\/strong><strong>. Genom RSS-fl\u00f6dena f\u00e5r du meddelande automatiskt s\u00e5 fort en artikel publicerats p\u00e5 webbplatsen, medan e-post skickas ut mindre regelbundet och med delvis annat inneh\u00e5ll.<\/strong><br \/>\n<a name=\"rss\"><\/a><\/p>\n<h3>RSS-fl\u00f6den<\/h3>\n<p><img loading=\"lazy\" decoding=\"async\" class=\"alignright\" src=\"https:\/\/arbark.se\/temp\/rss-ikon.png\" alt=\"\" width=\"109\" height=\"96\">RSS \u00e4r ett format f\u00f6r att leverera rubriker och sammanfattningar. Med <a title=\"Lista \u00f6ver RSS-l\u00e4sare i engelska Wikipedia\" href=\"http:\/\/en.wikipedia.org\/wiki\/List_of_feed_aggregators\">s\u00e4rskilda datorprogram och webbtj\u00e4nster (RSS-l\u00e4sare)<\/a> kan du prenumerera p\u00e5 RSS-fl\u00f6dena s\u00e5 att du h\u00e5ller dig uppdaterad med det senast publicerade p\u00e5 en webbplats.<\/p>\n<p>Kopiera valfri adress nedan och klistra in i din RSS-l\u00e4sare. D\u00e4refter f\u00e5r du meddelande om n\u00e4r ny information publicerats.<\/p>\n<h4>Alla webbplatsartiklar<\/h4>\n<ul>\n<li><a title=\"RSS-fl\u00f6de: Allt inneh\u00e5ll\" href=\"https:\/\/arbark.se\/feed\/\">https:\/\/arbark.se\/feed\/<\/a><\/li>\n<\/ul>\n<h4>P\u00e5 g\u00e5ng (seminarier etc)<\/h4>\n<ul>\n<li><a title=\"RSS-fl\u00f6de: P\u00e5 g\u00e5ng\" href=\"https:\/\/arbark.se\/feed?ec3_days=730\">https:\/\/arbark.se\/feed?ec3_days=730<\/a><\/li>\n<\/ul>\n<h4>Webbplatsartiklar enligt kategori<\/h4>\n<ul>\n<li>L\u00e4stips: <a title=\"RSS-fl\u00f6de: L\u00e4stips\" href=\"https:\/\/arbark.se\/kategori\/lastips\/feed\/\">https:\/\/arbark.se\/kategori\/lastips\/feed\/<\/a><\/li>\n<li>Nyheter: <a title=\"RSS-fl\u00f6de: Nyheter\" href=\"https:\/\/arbark.se\/kategori\/nyheter\/feed\/\">https:\/\/arbark.se\/kategori\/nyheter\/feed\/<\/a><\/li>\n<li>Pressmeddelanden: <a title=\"RSS-fl\u00f6de: Pressmeddelanden\" href=\"https:\/\/arbark.se\/kategori\/nyheter\/pressmeddelanden\/feed\/\">https:\/\/arbark.se\/kategori\/nyheter\/pressmeddelanden\/feed\/<\/a><\/li>\n<li>S\u00e5 h\u00e4r arbetar vi: <a title=\"RSS-fl\u00f6de: S\u00e5 h\u00e4r arbetar vi\" href=\"https:\/\/arbark.se\/kategori\/sa-har-arbetar-vi\/feed\/\">https:\/\/arbark.se\/kategori\/sa-har-arbetar-vi\/feed\/<\/a><\/li>\n<li>Tema: <a title=\"RSS-fl\u00f6de: Tema\" href=\"https:\/\/arbark.se\/kategori\/tema\/feed\/\">https:\/\/arbark.se\/kategori\/tema\/feed\/<\/a><\/li>\n<li>Tre fr\u00e5gor: <a title=\"RSS-fl\u00f6de: Tre fr\u00e5gor\" href=\"https:\/\/arbark.se\/kategori\/tre-fragor\/feed\/\">https:\/\/arbark.se\/kategori\/tre-fragor\/feed\/<\/a><\/li>\n<li>Ur v\u00e5ra samlingar: <a title=\"RSS-fl\u00f6de: Ur v\u00e5ra samlingar\" href=\"https:\/\/arbark.se\/kategori\/ur-vara-samlingar\/feed\/\">https:\/\/arbark.se\/kategori\/ur-vara-samlingar\/feed\/<\/a><\/li>\n<\/ul>\n<h4>P\u00e5 andra webbplatser<\/h4>\n<ul>\n<li>Arbetarhistoria.se: <a title=\"RSS-fl\u00f6de: Arbetarhistoria.se\" href=\"http:\/\/www.arbetarhistoria.se\/feed\/\">http:\/\/www.arbetarhistoria.se\/feed\/<\/a><\/li>\n<li>Arbetarhistorias Facebook-fl\u00f6de: <a title=\"Arbetarhistorias Facebook-fl\u00f6de\" href=\"http:\/\/www.facebook.com\/feeds\/page.php?format=atom10&amp;id=197853262610\">http:\/\/www.facebook.com\/feeds\/page.php?format=atom10&amp;id=197853262610<\/a><\/li>\n<li>V\u00e5rt Facebook-fl\u00f6de: <a title=\"V\u00e5rt Facebook-fl\u00f6de\" href=\"http:\/\/www.facebook.com\/feeds\/page.php?format=atom10&amp;id=250663341043\">http:\/\/www.facebook.com\/feeds\/page.php?format=atom10&amp;id=250663341043<\/a><\/li>\n<li>V\u00e5rt Twitter-fl\u00f6de: <a title=\"V\u00e5rt Twitter-fl\u00f6de\" href=\"http:\/\/twitter.com\/statuses\/user_timeline\/37664153.rss\">http:\/\/twitter.com\/statuses\/user_timeline\/37664153.rss<\/a><\/li>\n<\/ul>\n<hr>\n<p><a name=\"e-post\"><\/a><\/p>\n<h3>Nyhetsbrev och e-postutskick<\/h3>\n<p>N\u00e4r du prenumererar p\u00e5 e-postutskick fr\u00e5n oss f\u00e5r du \u00e4venv\u00e5rt nyhetsbrev ett par g\u00e5nger per \u00e5r. Vi sprider inte din e-postadress vidare.<\/p>\n<p>Du kan b\u00f6rja prenumerera p\u00e5 nyhetsbrevet <a href=\"https:\/\/eepurl.com\/8ddav\">h\u00e4r<\/a>.<\/p>\n<h3>\u00c4ldre nyhetsbrev<\/h3>\n<ul>\n<li><strong>2014: <\/strong><a href=\"https:\/\/arbark.se\/pdf_wrd\/info_2014-1.pdf\">nummer 1<\/a> |<\/li>\n<li><strong>2013:<\/strong> <a href=\"https:\/\/arbark.se\/pdf_wrd\/info_2013-1.pdf\">nummer 1<\/a> | <a href=\"https:\/\/arbark.se\/pdf_wrd\/info_2013-2.pdf\">nummer 2<\/a> | <a href=\"https:\/\/arbark.se\/pdf_wrd\/info_2013-3.pdf\">nummer 3<\/a> | <a href=\"https:\/\/arbark.se\/pdf_wrd\/info_2013-4.pdf\">nummer 4<\/a><\/li>\n<li><strong>2012:<\/strong> <a href=\"https:\/\/arbark.se\/pdf_wrd\/info_2012-1.pdf\">nummer 1<\/a><\/li>\n<li><strong>2011:<\/strong> <a title=\"ARAB v\u00e5ren 2011 (pdf)\" href=\"https:\/\/arbark.se\/pdf_wrd\/info_2011-1.pdf\">nummer 1<\/a> | <a title=\"ARAB h\u00f6sten 2011 (pdf)\" href=\"https:\/\/arbark.se\/pdf_wrd\/info_2011-2.pdf\">nummer 2<\/a><\/li>\n<li><strong>2010:<\/strong> <a title=\"ARAB informerar 2010:1 (pdf)\" href=\"https:\/\/arbark.se\/pdf_wrd\/info_2010-1.pdf\">nummer 1<\/a> | <a title=\"ARAB informerar 2010:2\" href=\"https:\/\/arbark.se\/pdf_wrd\/info_2010-2.pdf\">nummer 2<\/a><\/li>\n<li><strong>2009:<\/strong> <a title=\"ARAB informerar 2009:1 (pdf)\" href=\"https:\/\/arbark.se\/pdf_wrd\/info_2009-1.pdf\">nummer 1<\/a> | <a title=\"ARAB informerar 2009:2 (pdf)\" href=\"https:\/\/arbark.se\/pdf_wrd\/info_2009-2.pdf\">nummer 2<br \/>\n<\/a><\/li>\n<li><strong>2008:<\/strong> <a title=\"ARAB informerar 2008:1 (pdf)\" href=\"https:\/\/arbark.se\/pdf_wrd\/info_2008-1.pdf\">nummer 1<\/a> | <a title=\"ARAB informerar 2008:2 (pdf)\" href=\"https:\/\/arbark.se\/pdf_wrd\/info_2008-2.pdf\">nummer 2<\/a><a title=\"ARAB informerar 2008:2 (pdf)\" href=\"https:\/\/arbark.se\/pdf_wrd\/info_2008-2.pdf\"><br \/>\n<\/a><\/li>\n<li><strong>2007:<\/strong> <a title=\"ARAB informerar 2007:1 (pdf)\" href=\"https:\/\/arbark.se\/pdf_wrd\/info_2007-1.pdf\">nummer 1<\/a><\/li>\n<li><strong>2006:<\/strong> <a title=\"ARAB informerar 2006:1 (pdf)\" href=\"https:\/\/arbark.se\/pdf_wrd\/info_2006-1.pdf\">nummer 1<\/a> | <a title=\"ARAB informerar 2006:2 (pdf)\" href=\"https:\/\/arbark.se\/pdf_wrd\/info_2006-2.pdf\">nummer 2<\/a><a title=\"ARAB informerar 2006:2 (pdf)\" href=\"https:\/\/arbark.se\/pdf_wrd\/info_2006-2.pdf\"><br \/>\n<\/a><\/li>\n<\/ul>\n","protected":false},"excerpt":{"rendered":"<p>Du kan prenumerera p\u00e5 information fr\u00e5n oss via RSS och e-post. Genom RSS-fl\u00f6dena f\u00e5r du meddelande automatiskt s\u00e5 fort en artikel publicerats p\u00e5 webbplatsen, medan e-post skickas ut mindre regelbundet [&hellip;]<\/p>\n","protected":false},"author":23,"featured_media":0,"parent":0,"menu_order":0,"comment_status":"closed","ping_status":"closed","template":"","meta":{"ngg_post_thumbnail":0,"footnotes":""},"class_list":["post-13","page","type-page","status-publish","czr-hentry"],"_links":{"self":[{"href":"https:\/\/arbark.se\/sv\/wp-json\/wp\/v2\/pages\/13","targetHints":{"allow":["GET"]}}],"collection":[{"href":"https:\/\/arbark.se\/sv\/wp-json\/wp\/v2\/pages"}],"about":[{"href":"https:\/\/arbark.se\/sv\/wp-json\/wp\/v2\/types\/page"}],"author":[{"embeddable":true,"href":"https:\/\/arbark.se\/sv\/wp-json\/wp\/v2\/users\/23"}],"replies":[{"embeddable":true,"href":"https:\/\/arbark.se\/sv\/wp-json\/wp\/v2\/comments?post=13"}],"version-history":[{"count":4,"href":"https:\/\/arbark.se\/sv\/wp-json\/wp\/v2\/pages\/13\/revisions"}],"predecessor-version":[{"id":13860,"href":"https:\/\/arbark.se\/sv\/wp-json\/wp\/v2\/pages\/13\/revisions\/13860"}],"wp:attachment":[{"href":"https:\/\/arbark.se\/sv\/wp-json\/wp\/v2\/media?parent=13"}],"curies":[{"name":"wp","href":"https:\/\/api.w.org\/{rel}","templated":true}]}}