{"id":17,"date":"2009-01-05T14:43:19","date_gmt":"2009-01-05T13:43:19","guid":{"rendered":"https:\/\/arbark.se\/?page_id=17"},"modified":"2023-02-28T14:30:51","modified_gmt":"2023-02-28T13:30:51","slug":"faq","status":"publish","type":"page","link":"https:\/\/arbark.se\/sv\/faq\/","title":{"rendered":"FAQ"},"content":{"rendered":"<p><strong>H\u00e4r samlar vi fr\u00e5gor som vi ofta f\u00e5r svara p\u00e5. Har du en fr\u00e5ga om material, v\u00e4nd dig till v\u00e5r forskarexpedition.<br \/>\n<\/strong><\/p>\n<p><strong>G\u00e5 direkt till: <\/strong><a href=\"#allmant\">Allm\u00e4nt<\/a> | <a href=\"#forsta-besoket\">F\u00f6rsta bes\u00f6ket<\/a> | <a href=\"#regler-rutiner\">Regler och rutiner<\/a> | <a href=\"#samlingarna\">Samlingarna<\/a> | <a href=\"#kop-salj\">K\u00f6p och s\u00e4lj<\/a> | <a href=\"#arbetarrorelsens-historia\">Arbetarr\u00f6relsens historia<\/a> | <a href=\"#ovrigt\">\u00d6vrigt<\/a><\/p>\n<hr>\n<h3>Hur knyter man arkivknuten?<\/h3>\n<p>En kort beskrivning hur du knyter arkivknuten.<\/p>\n<p><iframe loading=\"lazy\" src=\"https:\/\/www.youtube.com\/embed\/E-bx8dZuVCg\" width=\"712\" height=\"534\" frameborder=\"0\" allowfullscreen=\"allowfullscreen\"><\/iframe>&nbsp;<\/p>\n<h3>Allm\u00e4nt<\/h3>\n<h4>Vad skiljer er fr\u00e5n andra arkiv och andra bibliotek?<\/h4>\n<p>Vi \u00e4r b\u00e5de arkiv och bibliotek, \u00e4mnesm\u00e4ssigt nischade men samtidigt breda inom v\u00e5rt f\u00e4lt. V\u00e5ra samlingar g\u00e5r fr\u00e5n den nationella niv\u00e5n, till den lokala, med till\u00e4gg av stora internationella samlingar. Vi f\u00f6rvarar n\u00e5gra av de tyngsta och mest betydelsefulla delarna av 1900-talets svenska historia. Vi har en forskningsfr\u00e4mjande verksamhet. Vi \u00e4r kanske ocks\u00e5 den \u00e4ldsta institutionen av v\u00e5rt slag i v\u00e4rlden, eftersom vi startade redan 1902.<\/p>\n<h4>\u00c4r ni det enda Arbetarr\u00f6relsens arkiv och bibliotek som finns?<\/h4>\n<p><a href=\"http:\/\/www.arkivet-landskrona.se\/\">Landskrona<\/a>, <a title=\"Arbetarr\u00f6relsens arkiv i Sk\u00e5ne\" href=\"http:\/\/www.a-arkiv.se\/\">Malm\u00f6<\/a> och Trelleborg har lokala arbetarr\u00f6relsearkiv och kanske finns det fler p\u00e5 andra orter, men vi har ingen direktkoppling till dem. Mer eller mindre snarlika systerinstitutioner hittar du via de intresseorganisationer vi tillh\u00f6r, exempelvis <a href=\"https:\/\/arkivforbundet.se\/\" target=\"_blank\" rel=\"noopener noreferrer\">Svenska Arkivf\u00f6rbundet<\/a> (tidigare Folkr\u00f6relsernas Arkivf\u00f6rbund) och <a href=\"https:\/\/ialhi.org\/\">IALHI (internationellt)<\/a>.<\/p>\n<h4>Vem finansierar er?<\/h4>\n<p>Vi \u00e4r en frist\u00e5ende stiftelse med <a title=\"Landsorganisationen i Sverige\" href=\"http:\/\/www.lo.se\/\">LO<\/a>, <a title=\"Socialdemokraterna\" href=\"http:\/\/www.socialdemokraterna.se\/\">Socialdemokraterna<\/a> och <a title=\"Enskilda n\u00e4mnden vid Statens arkiv\" href=\"http:\/\/www.riksarkivet.se\/\">den svenska staten<\/a> som huvudm\u00e4n.<\/p>\n<h4>Vilka \u00e4r era m\u00e5lgrupper?<\/h4>\n<p>Allm\u00e4nheten, arbetarr\u00f6relsen, journalister, sl\u00e4ktforskare, studenter och forskare.&nbsp;<\/p>\n<hr>\n<p><a name=\"forsta-besoket\"><\/a><\/p>\n<h3>F\u00f6rsta bes\u00f6ket<\/h3>\n<h4>M\u00e5ste man boka tid f\u00f6r att bes\u00f6ka er?<\/h4>\n<p>Nej, men det kan vara bra att h\u00f6ra av sig i tid inf\u00f6r bes\u00f6ket. Allt arkivmaterial finns i magasin.<\/p>\n<h4>M\u00e5ste man vara &#8221;riktig forskare&#8221; f\u00f6r att f\u00e5 titta p\u00e5 material hos er?<\/h4>\n<p>Alla \u00e4r v\u00e4lkomna. Vi kallar alla som kommer till oss f\u00f6r forskare.<\/p>\n<h4>F\u00e5r vem som helst l\u00e5na b\u00f6cker hos er?<\/h4>\n<p>Ja, bara du \u00e4r myndig, legitimerar dig och godk\u00e4nner v\u00e5ra l\u00e5neregler.<\/p>\n<h4>Har ni n\u00e5gon kurs i hur det funkar att s\u00f6ka och forska hos er?<\/h4>\n<p>Du f\u00e5r individuell hj\u00e4lp n\u00e4r du kommer till oss, men f\u00f6rbered dig g\u00e4rna genom att l\u00e4sa p\u00e5 denna webbplats.&nbsp;<a href=\"#\"><small><br \/>\n<\/small><\/a><\/p>\n<hr>\n<p><a name=\"regler-rutiner\"><\/a><\/p>\n<h3>Regler och rutiner<\/h3>\n<h4>Hur l\u00e4nge ligger mina l\u00e5n kvar p\u00e5 forskarhyllorna?<\/h4>\n<ul>\n<li><strong>Arkivmaterial:<\/strong> Materialet ligger kvar i 30 dagar om du inte kommer \u00f6verens med personalen om n\u00e5got annat.<\/li>\n<li><strong>Biblioteksmaterial:<\/strong> Biblioteket har en l\u00e5netid p\u00e5 30 dagar f\u00f6r b\u00e5de heml\u00e5n och l\u00e4sesalsl\u00e5n. L\u00e4sesalsl\u00e5n placeras p\u00e5 forskarhyllorna. Du kan sj\u00e4lv f\u00f6rl\u00e4nga dina l\u00e5n genom att logga in i bibliotekskatalogen.<\/li>\n<\/ul>\n<h4>\u00c4r det sant att det kr\u00e4vs tillst\u00e5nd f\u00f6r att ta del av vissa arkiv?<\/h4>\n<p>Ja, i vissa fall har arkivl\u00e4mnaren begr\u00e4nsat tillg\u00e4ngligheten. Det kan g\u00e4lla hela eller delar av arkivet, och det kan g\u00e4lla f\u00f6r en viss tidsperiod. Personal kan svara p\u00e5 exakt vad som g\u00e4ller och vem du ska kontakta med en tillst\u00e5ndsans\u00f6kan. V\u00e5r grundinst\u00e4llning \u00e4r dock att arkivl\u00e4mnare b\u00f6r l\u00e4mna sina arkiv s\u00e5 \u00f6ppna som m\u00f6jligt.&nbsp;<\/p>\n<h4>Kan jag anv\u00e4nda min b\u00e4rbara dator i l\u00e4sesalen?<\/h4>\n<p>Ja, s\u00e5 l\u00e4nge du inte st\u00f6r andra. Eluttag finns l\u00e4ngs f\u00f6nsterv\u00e4ggen. Du kan anv\u00e4nda v\u00e5rt tr\u00e5dl\u00f6sa n\u00e4tverk.<\/p>\n<h4>Finns det kopiator? F\u00e5r jag kopiera sj\u00e4lv?<\/h4>\n<p>Ja, oftast, men fr\u00e5ga personalen f\u00f6rst. Var f\u00f6rsiktig med \u00f6mt\u00e5liga dokument. Personal har r\u00e4tt att neka kopiering om materialet bed\u00f6ms vara f\u00f6r \u00f6mt\u00e5ligt. Material som \u00e4r st\u00f6rre \u00e4n kopiatorglaset f\u00e5r <strong>inte<\/strong> kopieras. T\u00e4nk p\u00e5 upphovsr\u00e4ttsreglerna som g\u00e4ller vid kopiering.<\/p>\n<h4>F\u00e5r jag fotografera dokument med min egen digitalkamera?<\/h4>\n<p>I vissa fall. Prata med personalen f\u00f6rst.<\/p>\n<h4>F\u00e5r jag kolla min e-post och surfa p\u00e5 datorerna i forskarexpeditionen?<\/h4>\n<p>Nej, de f\u00e5r endast anv\u00e4ndas f\u00f6r att s\u00f6ka bland v\u00e5rt material. D\u00e4remot har vi tr\u00e5dl\u00f6st n\u00e4tverk vilket g\u00f6r att du kan surfa p\u00e5 din egen dator.<\/p>\n<h4>F\u00e5r man anv\u00e4nda mobiltelefon?<\/h4>\n<p>N\u00e4r du \u00e4r i l\u00e4sesalen: ha telefonen p\u00e5 <strong>ljudl\u00f6st<\/strong> och <strong>g\u00e5 ut<\/strong> om du f\u00e5r samtal.<br \/>\nI andra utrymmen kan du prata i telefon, men t\u00e4nk p\u00e5 samtalsniv\u00e5n och respektera andras arbetsro.<\/p>\n<h4>Jag vet att en s\u00e4rskild person hos er kan mitt \u00e4mne v\u00e4ldigt bra. Hur kontaktar jag den personen direkt?<\/h4>\n<p>Du b\u00f6rjar med att kontakta forskarexpeditionen. Personalen hj\u00e4lper dig, antingen med ett svar eller genom att vidarebefordra fr\u00e5gan.<\/p>\n<hr>\n<p><a name=\"samlingarna\"><\/a><\/p>\n<h3>Samlingarna<\/h3>\n<h4>Har ni inte st\u00f6rre samlingar \u00e4n det jag ser i l\u00e4sesalen?<\/h4>\n<p>Ja, betydligt mer, \u00f6ver 15 hyllkilometer. N\u00e4stan allt st\u00e5r i magasin och m\u00e5ste best\u00e4llas fram.<\/p>\n<h4>Vilket material kan jag titta p\u00e5 utan att best\u00e4lla fram n\u00e5got?<\/h4>\n<p>I forskarexpeditionen hittar du innevarande \u00e5rs tidningar och tidskrifter, de senast ink\u00f6pta b\u00f6ckerna, v\u00e5rt referensbibliotek och det material som r\u00e5kar ing\u00e5 i aktuell utst\u00e4llning. Via datorerna kan du \u00e4ven ta del av de digitaliserade delarna av v\u00e5ra affisch-, bild- och ljudsamlingar.<\/p>\n<h4>Varf\u00f6r l\u00e4gger ni inte ut allt p\u00e5 n\u00e4tet?<\/h4>\n<p>N\u00e5gra viktiga anledningar: <strong>vi hinner inte,<\/strong><strong> vi f\u00e5r inte<\/strong> (tillst\u00e5ndsregler, GDPR, upphovsr\u00e4tt etc) och <strong>det \u00e4r dyrt<\/strong>. Dessutom \u00e4r m\u00e5nga dokument av s\u00e5dant slag att det knappast skulle vara m\u00f6dan v\u00e4rt.<\/p>\n<h4>Vad \u00e4r det \u00e4ldsta materialet i era samlingar?<\/h4>\n<p>Allra \u00e4ldst \u00e4r en utg\u00e5va av Thomas Mores bok<em> Utopia<\/em>, den \u00e4r fr\u00e5n 1563. Det \u00e4ldsta arkivet hos oss \u00e4r Bokbindare-Ges\u00e4llskapets, vars verksamhet startade redan p\u00e5 1620-talet. I \u00f6vrigt \u00e4r det mesta hos oss fr\u00e5n 1800-talet och fram\u00e5t.<\/p>\n<h4>Vad \u00e4r det mest underliga ni har i samlingarna?<\/h4>\n<p>Bra fr\u00e5ga. August Palms br\u00f6dt\u00e4rningar? De hemmabyggda vapnen fr\u00e5n en strejk? Ordf\u00f6randeklubban med Hjalmar Brantings utsnidade huvud? Postchauff\u00f6rsklubbens begravningsslips? Eller sk\u00e5pet med miniatyrb\u00f6cker som Olof Palme fick i present fr\u00e5n \u00d6sttyskland?<\/p>\n<h4>Ni pratar om &#8221;arkivmaterial&#8221; respektive &#8221;biblioteksmaterial&#8221;. Vad \u00e4r skillnaden?<\/h4>\n<p>En f\u00f6renklad f\u00f6rklaring:&nbsp;Biblioteket inneh\u00e5ller tryckt, m\u00e5ngfaldigat material. Arkiven best\u00e5r av &#8221;unika&#8221; dokument, som brev och liknande.<\/p>\n<p>Men det \u00e4r inte helt sant heller, f\u00f6r \u00e4ven ett arkiv kan inneh\u00e5lla b\u00f6cker. Ett arkiv utg\u00f6r summan av en arkivbildares verksamhet, h\u00e5lls samman utifr\u00e5n proveniensen och best\u00e5r ofta av en m\u00e4ngd olika typer av dokument.<\/p>\n<p>I det konkreta har vi dock en tydlig skiljelinje: v\u00e5rt material \u00e4r i regel s\u00f6kbart <em>antingen<\/em> i arkiv- <em>eller<\/em> bibliotekskatalogen. Vilket g\u00f6r dem till &#8221;arkivmaterial&#8221; respektive &#8221;biblioteksmaterial&#8221;. Detta inneb\u00e4r ocks\u00e5 att de best\u00e4lls fram och l\u00e5nas p\u00e5 olika s\u00e4tt.<\/p>\n<h4>Ni s\u00e4ger att ni har flera arkiv hos er. \u00c4r ni inte ett arkiv?<\/h4>\n<p>Det beror p\u00e5 vad man menar med ordet. Vi \u00e4r en arkivinstitution som f\u00f6rvarar och hanterar tusentals olika arkivbest\u00e5nd, fr\u00e5n olika arkivl\u00e4mnare.<\/p>\n<h4>Kan man hitta internationellt och utl\u00e4ndskt material hos er?<\/h4>\n<p>Ja, b\u00f6rja till exempel med att l\u00e4sa v\u00e5r bok <a title=\"Ladda ner boken V\u00e4rlden i k\u00e4llaren\" href=\"https:\/\/arbark.se\/sv\/publikationer\/publikationer-om-oss\/varlden\/\">V\u00e4rlden i k\u00e4llaren<\/a>, s\u00f6ka i v\u00e5r bibliotekskatalog eller se <a href=\"https:\/\/arbark.se\/sv\/publikationer\/worlds-of-women\/\">\u00bbWorlds of women\u00ab<\/a>.<\/p>\n<h4>Varf\u00f6r har ni inte de allra senaste publikationerna fr\u00e5n vissa organisationer?<\/h4>\n<p>Vi f\u00e5r dem skickade till oss med viss eftersl\u00e4pning. Ibland har de gl\u00f6mt oss, och vi f\u00e5r p\u00e5minna dem. Det kan ocks\u00e5 h\u00e4nda att vi f\u00e5tt dem, men inte hunnit katalogisera dem. Fr\u00e5ga oss.<\/p>\n<h4>Jag vet att jag en g\u00e5ng l\u00e4ste ett dokument\/en bok hos er, men nu kan jag inte hitta det\/den igen. Varf\u00f6r?<\/h4>\n<p>Orsakerna kan vara m\u00e5nga. Exakt vad var det f\u00f6r n\u00e5got? Har du stavat r\u00e4tt n\u00e4r du s\u00f6ker? \u00c4r din referens korrekt? Har arkivet blivit omf\u00f6rtecknat? R\u00f6r det sig om en skrift som \u00e4nnu inte katalogiserats? I v\u00e4rsta fall kan materialet vara f\u00f6rkommet eller gallrat. Be personalen om hj\u00e4lp s\u00e5 reder vi gemensamt ut problemet.<\/p>\n<hr>\n<p><a name=\"kop-salj\"><\/a><\/p>\n<h3>K\u00f6p och s\u00e4lj<\/h3>\n<h4>Jag har n\u00e5gra b\u00f6cker som borde intressera er. Vill ni ha\/k\u00f6pa dem?<\/h4>\n<p>Vi har det allra mesta n\u00e4r det kommer till arbetarr\u00f6relsen och svensk arbetarlitteratur. H\u00f6r d\u00e4remot med biblioteksansvarige om eventuella komplement av v\u00e5ra samlingar, se mer under information r\u00f6rande <a href=\"https:\/\/arbark.se\/sv\/lamna\/\">l\u00e4mna material<\/a>.<\/p>\n<h4>Kan jag betala med kort?<\/h4>\n<p>Ja.<\/p>\n<h4>Har ni b\u00f6cker till salu?<\/h4>\n<p>Vi s\u00e4ljer inte l\u00e4ngre b\u00f6cker. D\u00e4remot har vi en hylla med utsorterade b\u00f6cker b\u00f6cker som vi sk\u00e4nker bort. Hyllan st\u00e5r vid pentryt bortanf\u00f6r toaletterna.<\/p>\n<h4>Kan man f\u00e5 kopieringskostnaderna fakturerade?<\/h4>\n<p>Ja. Se sidan med information r\u00f6rande <a href=\"https:\/\/arbark.se\/sv\/reproduktioner-kopiebestallningar\/\" target=\"_blank\" rel=\"noopener noreferrer\">repro-kostnader\/reproduktioner.<\/a><\/p>\n<hr>\n<p><a name=\"arbetarrorelsens-historia\"><\/a><\/p>\n<h3>Arbetarr\u00f6relsens historia<\/h3>\n<h4>Vad har ni f\u00f6r statistik som r\u00f6r arbetarr\u00f6relsen?<\/h4>\n<p>B\u00f6rja med att se vad du kan <a title=\"Hitta statistik via Kata webbs\u00f6k\" href=\"http:\/\/bibliotekskatalog.arbark.se\/\">l\u00e5na via bibliotekskatalogen<\/a>. Organisationernas verksamhetsber\u00e4ttelser inneh\u00e5ller ofta statistiska uppgifter. Statistisk \u00e5rsbok inneh\u00e5ller statistik som r\u00f6r arbetsmarknaden och mycket mer. Se \u00e4ven SCB:s webbplats och Historia.se &#8211; portalen f\u00f6r historisk statistik. Se databasen OFFSTATS f\u00f6r officiell statistik fr\u00e5n hela v\u00e4rlden.<\/p>\n<h4>Kan ni s\u00e4ga vad som h\u00e4nde ett visst \u00e5r eller&nbsp;datum i arbetarr\u00f6relsens historia?<\/h4>\n<p>Det finns flera b\u00f6cker som har kronologiska \u00f6versikter. Nedan f\u00f6ljer ett urval:<\/p>\n<ul>\n<li><em>R\u00f6da dagar och svarta i arbetarr\u00f6relsens och frihetskampens historia<\/em> \/ Hans Haste<br \/>\nBoken t\u00e4cker viktiga datum m\u00e5nad f\u00f6r m\u00e5nad under hela \u00e5ret.<\/li>\n<li><em>Arbetarr\u00f6relsens historia : m\u00e4nniskor, id\u00e9er, dokument <\/em>\/ Hans Haste<br \/>\nSe avsnitten: &#8221;Arbetarr\u00f6relsens minnesdagar&#8221;, &#8221;H\u00e4ndelser och \u00e5rtal&#8221; samt &#8221;Milstolpar&#8221;.<\/li>\n<li><em>Det f\u00f6rsta seklet<\/em> \/ Hans Haste<br \/>\nSe marginalerna f\u00f6r korta, kronologiskt ordnade notiser.<\/li>\n<li><em>Vi bygger landet : svensk arbetarr\u00f6relse fr\u00e5n Per G\u00f6trek till Olof Palme<\/em> \/ Yvonne Hirdman<br \/>\nVarje kapitel inleds med viktiga h\u00e4ndelser \u00e5rtalsvis under den period som kapitlet ber\u00f6r.<\/li>\n<\/ul>\n<h4>Kan ni s\u00e4ga mig i vilket sammanhang personen X sa &#8221;Y&#8221;?<\/h4>\n<p>Tveksamt. Vi har en del b\u00f6cker med k\u00e4nda citat och tal, men n\u00e4stan alltid kr\u00e4vs en kvalificerad gissning och d\u00e4refter genomg\u00e5ng av stora m\u00e4ngder text. Vilket du givetvis \u00e4r v\u00e4lkommen att g\u00f6ra sj\u00e4lv, hos oss!<\/p>\n<hr>\n<p><a name=\"ovrigt\"><\/a><\/p>\n<h3>\u00d6vrigt<\/h3>\n<h4>Jag vill jobba hos er. Har ni n\u00e5gon ledig plats?<\/h4>\n<p>N\u00e4r det \u00e4r aktuellt annonseras lediga tj\u00e4nster h\u00e4r p\u00e5 webbplatsen och p\u00e5 Platsbanken hos Arbetsf\u00f6rmedlingen.<\/p>\n<h4>Jag \u00e4r studerande och vill g\u00f6ra min praktik hos er. Kan jag det?<\/h4>\n<p>Vi tar regelbundet emot studenter fr\u00e5n arkivarie- och bibliotekarieutbildningarna, dock beroende p\u00e5 v\u00e5ra m\u00f6jligheter att handleda. Kontakta oss om du \u00e4r intresserad.<\/p>\n<h4>Kan ni ge mig ett \u00e4mne f\u00f6r min uppsats?<\/h4>\n<p>Vi kan hj\u00e4lpa dig att hitta k\u00e4llor och material. \u00c4mne, syfte och fr\u00e5gest\u00e4llning m\u00e5ste du sj\u00e4lv komma p\u00e5.<\/p>\n","protected":false},"excerpt":{"rendered":"<p>H\u00e4r samlar vi fr\u00e5gor som vi ofta f\u00e5r svara p\u00e5. Har du en fr\u00e5ga om material, v\u00e4nd dig till v\u00e5r forskarexpedition. G\u00e5 direkt till: Allm\u00e4nt | F\u00f6rsta bes\u00f6ket | Regler [&hellip;]<\/p>\n","protected":false},"author":23,"featured_media":0,"parent":0,"menu_order":3,"comment_status":"closed","ping_status":"closed","template":"","meta":{"ngg_post_thumbnail":0,"footnotes":""},"class_list":["post-17","page","type-page","status-publish","czr-hentry"],"_links":{"self":[{"href":"https:\/\/arbark.se\/sv\/wp-json\/wp\/v2\/pages\/17","targetHints":{"allow":["GET"]}}],"collection":[{"href":"https:\/\/arbark.se\/sv\/wp-json\/wp\/v2\/pages"}],"about":[{"href":"https:\/\/arbark.se\/sv\/wp-json\/wp\/v2\/types\/page"}],"author":[{"embeddable":true,"href":"https:\/\/arbark.se\/sv\/wp-json\/wp\/v2\/users\/23"}],"replies":[{"embeddable":true,"href":"https:\/\/arbark.se\/sv\/wp-json\/wp\/v2\/comments?post=17"}],"version-history":[{"count":23,"href":"https:\/\/arbark.se\/sv\/wp-json\/wp\/v2\/pages\/17\/revisions"}],"predecessor-version":[{"id":19239,"href":"https:\/\/arbark.se\/sv\/wp-json\/wp\/v2\/pages\/17\/revisions\/19239"}],"wp:attachment":[{"href":"https:\/\/arbark.se\/sv\/wp-json\/wp\/v2\/media?parent=17"}],"curies":[{"name":"wp","href":"https:\/\/api.w.org\/{rel}","templated":true}]}}