{"id":17239,"date":"2021-04-14T17:17:20","date_gmt":"2021-04-14T15:17:20","guid":{"rendered":"https:\/\/arbark.se\/?page_id=17239"},"modified":"2025-10-08T14:05:23","modified_gmt":"2025-10-08T12:05:23","slug":"introduktion","status":"publish","type":"page","link":"https:\/\/arbark.se\/sv\/introduktion\/","title":{"rendered":"Introduktion till samlingarna"},"content":{"rendered":"\n<p><strong>S\u00f6ker du efter en person? Eller vill du skriva en uppsats om en organisation vars material vi f\u00f6rvarar? Texterna nedan ger en introduktion f\u00f6r dig som \u00e4r f\u00f6rstag\u00e5ngsbes\u00f6kare hos oss.<\/strong><\/p>\n\n\n\n<p>Inf\u00f6r ditt f\u00f6rsta bes\u00f6k p\u00e5 Arbetarr\u00f6relsens arkiv och bibliotek kan du l\u00e4sa igenom texterna nedan. De besvarar m\u00e5nga vanliga fr\u00e5gor och g\u00f6r det l\u00e4ttare att hitta r\u00e4tt s\u00f6king\u00e5ng.<\/p>\n\n\n\n<p>De huvudsakliga s\u00f6king\u00e5ngarna n\u00e5r du hemifr\u00e5n, via v\u00e5r <a href=\"https:\/\/arbark.se\/sv\/arkivkatalog\/\">arkivkatalog <\/a>och <a href=\"https:\/\/arbark.se\/sv\/bibliotekskatalog\/\">bibliotekskatalog<\/a>. <\/p>\n\n\n\n<p>Om du inte hittar vad du letar efter h\u00e4r, kontakta v\u00e5r forskarexpedition via e-post forskarexpedition[a]arbark.se, eller via telefon 08-412 39 29. Vi har flera register som du, av upphovsr\u00e4ttsliga sk\u00e4l, inte kan se hemifr\u00e5n. Vi hj\u00e4lper alla, inte bara forskare.<\/p>\n\n\n\n<p><\/p>\n\n\n\n<ul class=\"wp-block-list\">\n<li class=\"has-black-color has-text-color has-link-color wp-elements-d72e72e0f2a63f9d2e26920c4c0eccbf\"><a href=\"https:\/\/arbark.se\/wp-content\/dokument\/2025\/08\/infor-ditt-besok.pdf\">Inf\u00f6r ditt bes\u00f6k<\/a>, (pdf)<\/li>\n\n\n\n<li class=\"has-black-color has-text-color has-link-color wp-elements-ba986add5250bb385d5c3935aa2a2302\"><a href=\"https:\/\/arbark.se\/wp-content\/dokument\/2025\/08\/sokhjalp-arkiv-sv-2022.pdf\">En guide f\u00f6r att s\u00f6ka i arkivmaterial (sv)<\/a>, (pdf)<\/li>\n\n\n\n<li class=\"has-black-color has-text-color has-link-color wp-elements-c90710c725620f7eac9bc7f672146ef3\"><a href=\"https:\/\/arbark.se\/wp-content\/dokument\/2025\/08\/searchhelp-eng-2022.pdf\">A guide on how to use the archive and archival collections (eng)<\/a>, (pdf)<\/li>\n\n\n\n<li class=\"has-black-color has-text-color has-link-color wp-elements-1f68755c6bfb43d2f0da303d01bbc6b1\"><a href=\"https:\/\/arbark.se\/wp-content\/dokument\/2025\/08\/student.pdf\">F\u00f6r dig som \u00e4r student<\/a>, (pdf)<\/li>\n\n\n\n<li class=\"has-black-color has-text-color has-link-color wp-elements-d3abb8c2f10969a03e491562e4da11c3\"><a href=\"https:\/\/arbark.se\/wp-content\/dokument\/2025\/08\/slaktforskare.pdf\">F\u00f6r dig som \u00e4r sl\u00e4ktforskare<\/a>, (pdf)<\/li>\n<\/ul>\n\n\n\n<p><\/p>\n\n\n\n<p><img decoding=\"async\" src=\"https:\/\/arbark.se\/images\/pdf.gif\" alt=\"\"><\/p>\n\n\n\n<p><\/p>\n","protected":false},"excerpt":{"rendered":"<p>S\u00f6ker du efter en person? Eller vill du skriva en uppsats om en organisation vars material vi f\u00f6rvarar? Texterna nedan ger en introduktion f\u00f6r dig som \u00e4r f\u00f6rstag\u00e5ngsbes\u00f6kare hos oss. [&hellip;]<\/p>\n","protected":false},"author":1,"featured_media":0,"parent":0,"menu_order":0,"comment_status":"closed","ping_status":"closed","template":"","meta":{"ngg_post_thumbnail":0,"footnotes":""},"class_list":["post-17239","page","type-page","status-publish","czr-hentry"],"_links":{"self":[{"href":"https:\/\/arbark.se\/sv\/wp-json\/wp\/v2\/pages\/17239","targetHints":{"allow":["GET"]}}],"collection":[{"href":"https:\/\/arbark.se\/sv\/wp-json\/wp\/v2\/pages"}],"about":[{"href":"https:\/\/arbark.se\/sv\/wp-json\/wp\/v2\/types\/page"}],"author":[{"embeddable":true,"href":"https:\/\/arbark.se\/sv\/wp-json\/wp\/v2\/users\/1"}],"replies":[{"embeddable":true,"href":"https:\/\/arbark.se\/sv\/wp-json\/wp\/v2\/comments?post=17239"}],"version-history":[{"count":15,"href":"https:\/\/arbark.se\/sv\/wp-json\/wp\/v2\/pages\/17239\/revisions"}],"predecessor-version":[{"id":21197,"href":"https:\/\/arbark.se\/sv\/wp-json\/wp\/v2\/pages\/17239\/revisions\/21197"}],"wp:attachment":[{"href":"https:\/\/arbark.se\/sv\/wp-json\/wp\/v2\/media?parent=17239"}],"curies":[{"name":"wp","href":"https:\/\/api.w.org\/{rel}","templated":true}]}}