{"id":17244,"date":"2021-04-14T18:52:59","date_gmt":"2021-04-14T16:52:59","guid":{"rendered":"https:\/\/arbark.se\/?page_id=17244"},"modified":"2026-02-05T12:40:25","modified_gmt":"2026-02-05T11:40:25","slug":"upphovsratt","status":"publish","type":"page","link":"https:\/\/arbark.se\/sv\/upphovsratt\/","title":{"rendered":"Upphovsr\u00e4tt"},"content":{"rendered":"\n<p><strong>I Arbetarr\u00f6relsens arkiv och biblioteks samlingar finns en stor m\u00e4ngd fotografier, filmer och ljudband. Om du vill anv\u00e4nda materialet m\u00e5ste du ta h\u00e4nsyn till upphovsr\u00e4tten. <\/strong><\/p>\n\n\n\n<p>Du kan endast s\u00f6ka bland v\u00e5rt audiovisuella material p\u00e5 plats hos oss, via v\u00e5ra register eller manuellt. Vi l\u00e5nar inte ut materialet, utan levererar kopior mot betalning. <\/p>\n\n\n\n<p>Vid publicering m\u00e5ste du alltid ange:<\/p>\n\n\n\n<ul class=\"wp-block-list\">\n<li><strong>Upphovspersonens namn.<\/strong><\/li>\n\n\n\n<li><strong>Arkivinstitution:<\/strong> Arbetarr\u00f6relsens arkiv och bibliotek.<\/li>\n\n\n\n<li><strong>Arkiv:<\/strong> [till exempel Alva och Gunnar Myrdals arkiv].<\/li>\n<\/ul>\n\n\n\n<p>Vi har ett avtal om upphovsr\u00e4tt, f\u00f6r kopior av ljudfiler och r\u00f6rlig bild fr\u00e5n Arbetarr\u00f6relsens arkiv och bibliotek. Det omfattar alla former av publik, offentlig eller kommersiell anv\u00e4ndning, \u00e4ven exempelvis Youtube-visningar.<\/p>\n\n\n\n<p><a aria-label=\"undefined (opens in a new tab)\" class=\"yoast-seo-link\" href=\"https:\/\/arbark.se\/pdf_wrd\/avtal-rorlig-bild-ljud.pdf\" target=\"_blank\" rel=\"noreferrer noopener\"><\/a><a href=\"https:\/\/arbark.se\/wp-content\/dokument\/2025\/08\/avtal-rorlig-bild-ljud.pdf\" data-type=\"link\" data-id=\"https:\/\/arbark.se\/wp-content\/dokument\/2025\/08\/avtal-rorlig-bild-ljud.pdf\">Arbetarr\u00f6relsens arkiv och bibliotek &#8211; Avtal f\u00f6r ljud och r\u00f6rlig bild <\/a>(pdf)<\/p>\n\n\n\n<h4 class=\"wp-block-heading\">Upphovsperson<\/h4>\n\n\n\n<p>Upphovspersonens namn \u00e4r viktigt med tanke p\u00e5 upphovsr\u00e4tten. Om vi har uppgift om upphovsperson s\u00e5 meddelar vi detta, men det \u00e4r ditt ansvar som best\u00e4llare att ta reda p\u00e5 vem som har upphovsr\u00e4tten.<\/p>\n\n\n\n<p>Om du inte lyckas identifiera upphovsr\u00e4ttsinnehavaren efter rimlig arbetsinsats kan du n\u00e5gonstans i anslutning till publiceringen l\u00e4gga till exempelvis denna formulering:<\/p>\n\n\n\n<blockquote class=\"wp-block-quote is-layout-flow wp-block-quote-is-layout-flow\">\n<p>F\u00f6rfattaren har f\u00f6rs\u00f6kt kontakta upphovsr\u00e4ttsinnehavare. Om det finns n\u00e5gon som har anspr\u00e5k p\u00e5 upphovsr\u00e4ttigheter i denna skrift v\u00e4nligen kontakta redaktionen\/f\u00f6rfattaren.<\/p>\n<\/blockquote>\n\n\n<ul>\n<li><a class=\"yoast-seo-link\" href=\"https:\/\/sv.wikipedia.org\/wiki\/Upphovsr%C3%A4tt\" target=\"_blank\" rel=\"noreferrer noopener\" aria-label=\"undefined (opens in a new tab)\">Upphovsr\u00e4tt &#8211; artikel p\u00e5 Wikipedia<\/a><\/li>\n<li><a href=\"https:\/\/bildupphovsratt.se\/\">Bildkonst Upphovsr\u00e4tt i Sverige<\/a>, BUS<br \/>BUS \u00e4r en organisation f\u00f6r bildkonstn\u00e4rer oavsett uttryckss\u00e4tt.<\/li>\n<li><a class=\"yoast-seo-link\" href=\"http:\/\/www.blf.se\" target=\"_blank\" rel=\"noreferrer noopener\" aria-label=\"undefined (opens in a new tab)\">Bildleverant\u00f6rernas F\u00f6rening<\/a>, BLF<br \/>BLF bevakar upphovsr\u00e4tten, publicerar prislistor och s\u00e4tter leveransvillkor.&nbsp;<\/li>\n<li><a class=\"yoast-seo-link\" href=\"http:\/\/www.sfoto.se\" target=\"_blank\" rel=\"noreferrer noopener\" aria-label=\"undefined (opens in a new tab)\">Svenska Fotografers F\u00f6rbund<\/a>, SFF<br \/>SFF sysslar bland annat med r\u00e5dgivning i pris- och upphovsr\u00e4ttsfr\u00e5gor, teknisk support, avancerad utbildning och drar upp riktlinjer f\u00f6r hur branschen ska hantera digitala bilder.&nbsp;<\/li>\n<\/ul>\n\n\n<p>Priser f\u00f6r framtagning av kopior finns p\u00e5 sidan <a href=\"https:\/\/arbark.se\/sv\/?page_id=11327&amp;preview=true\"><a href=\"https:\/\/arbark.se\/kopiebestallningar\" target=\"_blank\" aria-label=\"undefined (opens in a new tab)\" rel=\"noreferrer noopener\" class=\"yoast-seo-link\">Kopiebest\u00e4llningar<\/a><\/a>.<\/p>\n","protected":false},"excerpt":{"rendered":"<p>I Arbetarr\u00f6relsens arkiv och biblioteks samlingar finns en stor m\u00e4ngd fotografier, filmer och ljudband. Om du vill anv\u00e4nda materialet m\u00e5ste du ta h\u00e4nsyn till upphovsr\u00e4tten. Du kan endast s\u00f6ka bland [&hellip;]<\/p>\n","protected":false},"author":27,"featured_media":0,"parent":0,"menu_order":0,"comment_status":"closed","ping_status":"closed","template":"","meta":{"ngg_post_thumbnail":0,"footnotes":""},"class_list":["post-17244","page","type-page","status-publish","czr-hentry"],"_links":{"self":[{"href":"https:\/\/arbark.se\/sv\/wp-json\/wp\/v2\/pages\/17244","targetHints":{"allow":["GET"]}}],"collection":[{"href":"https:\/\/arbark.se\/sv\/wp-json\/wp\/v2\/pages"}],"about":[{"href":"https:\/\/arbark.se\/sv\/wp-json\/wp\/v2\/types\/page"}],"author":[{"embeddable":true,"href":"https:\/\/arbark.se\/sv\/wp-json\/wp\/v2\/users\/27"}],"replies":[{"embeddable":true,"href":"https:\/\/arbark.se\/sv\/wp-json\/wp\/v2\/comments?post=17244"}],"version-history":[{"count":4,"href":"https:\/\/arbark.se\/sv\/wp-json\/wp\/v2\/pages\/17244\/revisions"}],"predecessor-version":[{"id":21471,"href":"https:\/\/arbark.se\/sv\/wp-json\/wp\/v2\/pages\/17244\/revisions\/21471"}],"wp:attachment":[{"href":"https:\/\/arbark.se\/sv\/wp-json\/wp\/v2\/media?parent=17244"}],"curies":[{"name":"wp","href":"https:\/\/api.w.org\/{rel}","templated":true}]}}