{"id":19021,"date":"2022-11-02T15:39:36","date_gmt":"2022-11-02T14:39:36","guid":{"rendered":"https:\/\/arbark.se\/?page_id=19021"},"modified":"2024-09-18T16:36:15","modified_gmt":"2024-09-18T14:36:15","slug":"residensprogram-konstframjandet-stockholm","status":"publish","type":"page","link":"https:\/\/arbark.se\/sv\/forskning\/projekt\/residensprogram-konstframjandet-stockholm\/","title":{"rendered":"Residensprogram tillsammans med Konstfr\u00e4mjandet Stockholm"},"content":{"rendered":"\n<p>Inom konsten finns ett stort intresse f\u00f6r att utforska och granska v\u00e5r gemensamma historieskrivning. I Sverige har konstn\u00e4rer under de senaste decennierna \u00e4gnat s\u00e4rskilt intresse \u00e5t arbetarr\u00f6relsens historia. S\u00e5v\u00e4l tidigare \u00e5rhundradens vunna segrar som f\u00f6rlorade kamper har kritiskt granskats och synliggjorts. Med st\u00f6d av Kulturr\u00e5det har Konstfr\u00e4mjandet Stockholm tillsammans med Arbetarr\u00f6relsens arkiv och bibliotek (ARAB) startat Sveriges f\u00f6rsta residensprogram f\u00f6r bildkonstn\u00e4rer inom biblioteks- och arkivverksamhet. <\/p>\n\n\n\n<p>Genom att etablera Sveriges f\u00f6rsta residensprogram f\u00f6r bildkonstn\u00e4rer inom biblioteks- och arkivverksamhet och genomf\u00f6ra en omfattande program- och utst\u00e4llningsverksamhet vill projektet utforska hur samtida och d\u00e5tida samh\u00e4llsr\u00f6relser kan m\u00f6tas och l\u00e4ra sig av varandras strategier f\u00f6r samh\u00e4llsf\u00f6r\u00e4ndring. Id\u00e9n om arkivet som ett objektivt och opartiskt system med syfte att skapa \u201dden absoluta kunskapen\u201d har l\u00e4nge kritiserats. Med hj\u00e4lp av konstn\u00e4rliga strategier utforskar projektet arkivet som en plats i st\u00e4ndig tillblivelse fylld av olika tidsligheter, subjektiviteter och f\u00f6rest\u00e4llningar.<\/p>\n\n\n\n<h4 class=\"wp-block-heading\">Residenskonstn\u00e4rer<\/h4>\n\n\n\n<p>F\u00f6rsta residenskonstn\u00e4r var Ingela Johansson, som fr\u00e5n och med slutet av maj 2021 flyttade in i en nyinr\u00e4ttad atelj\u00e9 bland arkivets forskare och arkivarier. Johansson har en research-baserad konstn\u00e4rlig praktik och har under l\u00e5ng tid riktat blicken mot h\u00e4ndelser och erfarenheter som m\u00e5nga f\u00f6rbiser och som riskerar att falla i gl\u00f6mska. S\u00e4rskilt arbete och motst\u00e5nd har hon unders\u00f6kt och gett form. Johansson arbetar med text, film, installation, m\u00e5leri, textil och foto.<\/p>\n\n\n\n<p>Den andra konstn\u00e4rsduon som flyttade in under h\u00f6sten 2021 var konsthanverkaren Frida H\u00e5llander och textilkonstn\u00e4ren \u00c5sa Norman. En konstn\u00e4rsduo som har samarbetat i flera \u00e5r. Under sin residensperiod  arbetade de vidare med projektet&nbsp;<em>Fabriksflickorna \u2013 De viljefulla textilarbetarna<\/em>, d\u00e4r de diskuterar villkoren f\u00f6r textil- och hemindustrins kvinnors villkor historiskt och i nutid.<\/p>\n\n\n\n<p>Fr\u00e5n oktober 2022 flyttade Simon Ferner in i atelj\u00e9n hos ARAB. Hans arbete kommer till stor del grunda sig p\u00e5 bruksorten Gr\u00e4ngesberg och den gruvdrift som utg\u00e5tt d\u00e4rifr\u00e5n. <\/p>\n\n\n\n<p>Se mer <a href=\"https:\/\/arbark.se\/sv\/?s=konstn%C3%A4rsresidens\" class=\"yoast-seo-link\">nyhetsinl\u00e4gg p\u00e5 v\u00e5r webbsida om konstn\u00e4rsresidens-projektet. <\/a><\/p>\n\n\n\n<p>Varje konstn\u00e4rsresidens p\u00e5g\u00e5r i tre till fyra m\u00e5nader. Under den tiden kommer arbetsprocessen \u00e4ven att presenteras genom publik programverksamhet och utst\u00e4llningar, b\u00e5de p\u00e5 Arbetarr\u00f6relsens arkiv och bibliotek och i andra delar av Stockholms l\u00e4n. Denna sida f\u00f6r residensprogrammet \u00e4r tillf\u00e4llig, en ny hemsida \u00e4r under utveckling. <\/p>\n\n\n\n<h4 class=\"wp-block-heading\">Bakgrund<\/h4>\n\n\n\n<p>Under 2019 \u2013 2021 genomf\u00f6rdes ett residensprojekt i pilotform med konstn\u00e4ren Patrick Kretschek, tillika verksamhetsutvecklare f\u00f6r Konstfr\u00e4mjandet. Under h\u00f6sten 2021 presenteras utst\u00e4llningen \u201dR\u00f6relsens andning\u201d, ett resultat av studiecirkeln och projektet som Patrick drivit inom ramarna f\u00f6r sitt konstn\u00e4rsresidens. Under 2021-2023 etablerades sedan\u00a0residensverksamheten\u00a0tillsammans med Konstfr\u00e4mjandet Stockholm och dess konstn\u00e4rliga ledning best\u00e5ende av Sebastian Dahlqvist och Ulrika Flink. Verksamheten finansierades under denna tidsperiod genom st\u00f6d av Kulturr\u00e5det. Det nya residensprogrammet fortsatte det f\u00f6reg\u00e5ende arbetet.\u00a0Ingela Johansson\u00a0var den f\u00f6rsta residenskonstn\u00e4ren under v\u00e5ren 2021,\u00a0Frida H\u00e5llander och \u00c5sa Norman\u00a0var residenskonstn\u00e4rer under h\u00f6sten 2021.\u00a0Simon Ferner var residenskonstn\u00e4r under 2022, och Laleh Kazemi Veisari under 2023. <\/p>\n\n\n\n<p><\/p>\n","protected":false},"excerpt":{"rendered":"<p>Inom konsten finns ett stort intresse f\u00f6r att utforska och granska v\u00e5r gemensamma historieskrivning. I Sverige har konstn\u00e4rer under de senaste decennierna \u00e4gnat s\u00e4rskilt intresse \u00e5t arbetarr\u00f6relsens historia. S\u00e5v\u00e4l tidigare [&hellip;]<\/p>\n","protected":false},"author":27,"featured_media":0,"parent":419,"menu_order":2,"comment_status":"closed","ping_status":"closed","template":"","meta":{"ngg_post_thumbnail":0,"footnotes":""},"class_list":["post-19021","page","type-page","status-publish","czr-hentry"],"_links":{"self":[{"href":"https:\/\/arbark.se\/sv\/wp-json\/wp\/v2\/pages\/19021","targetHints":{"allow":["GET"]}}],"collection":[{"href":"https:\/\/arbark.se\/sv\/wp-json\/wp\/v2\/pages"}],"about":[{"href":"https:\/\/arbark.se\/sv\/wp-json\/wp\/v2\/types\/page"}],"author":[{"embeddable":true,"href":"https:\/\/arbark.se\/sv\/wp-json\/wp\/v2\/users\/27"}],"replies":[{"embeddable":true,"href":"https:\/\/arbark.se\/sv\/wp-json\/wp\/v2\/comments?post=19021"}],"version-history":[{"count":8,"href":"https:\/\/arbark.se\/sv\/wp-json\/wp\/v2\/pages\/19021\/revisions"}],"predecessor-version":[{"id":20513,"href":"https:\/\/arbark.se\/sv\/wp-json\/wp\/v2\/pages\/19021\/revisions\/20513"}],"up":[{"embeddable":true,"href":"https:\/\/arbark.se\/sv\/wp-json\/wp\/v2\/pages\/419"}],"wp:attachment":[{"href":"https:\/\/arbark.se\/sv\/wp-json\/wp\/v2\/media?parent=19021"}],"curies":[{"name":"wp","href":"https:\/\/api.w.org\/{rel}","templated":true}]}}