{"id":19029,"date":"2022-11-02T14:38:08","date_gmt":"2022-11-02T13:38:08","guid":{"rendered":"https:\/\/arbark.se\/?page_id=19029"},"modified":"2025-10-22T14:46:44","modified_gmt":"2025-10-22T12:46:44","slug":"labours-memory-arbetarrorelsens-minne","status":"publish","type":"page","link":"https:\/\/arbark.se\/sv\/forskning\/projekt\/labours-memory-arbetarrorelsens-minne\/","title":{"rendered":"Labour&#8217;s Memory &#8211; Arbetarr\u00f6relsens minne"},"content":{"rendered":"\n<p><strong>Riksbankens Jubileumsfond har tilldelat ARAB \u00f6ver 12,2 miljoner kronor f\u00f6r att tillg\u00e4ngligg\u00f6ra fackliga organisationers verksamhetsber\u00e4ttelser och \u00e5rsredovisningar fr\u00e5n lokal till global niv\u00e5 under perioden 1880-2020. Projektet finansieras under en tre\u00e5rsperiod.<\/strong><\/p>\n\n\n\n<div class=\"wp-block-cover\"><img loading=\"lazy\" decoding=\"async\" width=\"1024\" height=\"672\" class=\"wp-block-cover__image-background wp-image-16056\" alt=\"\" src=\"https:\/\/arbark.se\/wp-content\/uploads\/2020\/11\/E7285_arsberattelser_2-1024x672.jpg\" data-object-fit=\"cover\" srcset=\"https:\/\/arbark.se\/wp-content\/dokument\/2020\/11\/E7285_arsberattelser_2-1024x672.jpg 1024w, https:\/\/arbark.se\/wp-content\/dokument\/2020\/11\/E7285_arsberattelser_2-300x197.jpg 300w, https:\/\/arbark.se\/wp-content\/dokument\/2020\/11\/E7285_arsberattelser_2.jpg 1392w\" sizes=\"auto, (max-width: 1024px) 100vw, 1024px\" \/><span aria-hidden=\"true\" class=\"wp-block-cover__background has-background-dim\"><\/span><div class=\"wp-block-cover__inner-container is-layout-flow wp-block-cover-is-layout-flow\">\n<h2 class=\"wp-block-heading has-text-align-center has-x-large-font-size\"><\/h2>\n<\/div><\/div>\n\n\n\n<p>Projektet&nbsp;<em>Labour\u2019s Memory<\/em>&nbsp;ska i stor skala tillg\u00e4ngligg\u00f6ra material fr\u00e5n fackliga organisationer i LO-sf\u00e4ren fr\u00e5n 1880-talet fram till idag. Projektgruppen ska digitalisera verksamhetsber\u00e4ttelser och \u00e5rsredovisningar fr\u00e5n lokala, regionala (Uppland), nationella (Sverige) och internationella fackliga organisationer.<\/p>\n\n\n\n<p>Det digitaliserade materialet ska d\u00e4refter g\u00f6ras s\u00f6kbart genom indexering och datorlingvistiska s\u00f6kmetoder. M\u00e5let \u00e4r att det ska g\u00e5 att hitta alla f\u00f6rekomster av ett ord oavsett b\u00f6jningsform och stavning, vilket f\u00f6rb\u00e4ttrar \u00e5tkomsten till s\u00e4rskilt de \u00e4ldre texterna. Materialet omfattar allt ifr\u00e5n handskrivna, maskinskrivna och tryckta till digitala verksamhetsber\u00e4ttelser och \u00e5rsrapporter.<\/p>\n\n\n\n<p>\u2013 Det h\u00e4r kommer att skapa en fantastisk resurs b\u00e5de f\u00f6r den fackliga r\u00f6relsen och f\u00f6r forskare. Vi kommer att kunna s\u00f6ka information som aldrig tidigare och det kommer att skapa ing\u00e5ngar till fackf\u00f6rbundens och deras internationella federationers stora fysiska arkiv. Projektet kan ocks\u00e5 komma att fungera som modell f\u00f6r arkiv i andra delar av v\u00e4rlden som f\u00f6rfogar \u00f6ver liknande material. Och verktyget f\u00f6r handskriftsigenk\u00e4nning kommer att vara ett v\u00e4rdefullt bidrag \u00e4ven f\u00f6r annat material fr\u00e5n samma tidsperiod, s\u00e4ger Silke Neunsinger, forskningsledare p\u00e5 ARAB.<\/p>\n\n\n\n<h3 class=\"wp-block-heading\">Unik dokumentation<\/h3>\n\n\n\n<p>Bakgrunden till projektet \u00e4r arbetarr\u00f6relsens avg\u00f6rande roll f\u00f6r den svenska demokratins utveckling. Inte minst var fackf\u00f6rbunden viktiga vid utformandet av v\u00e4lf\u00e4rdsstaten och den svenska arbetsmarknadsmodellen. Fackf\u00f6rbunden och Landsorganisationen har ocks\u00e5 haft stort internationellt inflytande. Deras arkiv ger en m\u00f6jlighet att att skapa l\u00e5nga sammanh\u00e4ngande serier av dokumentation \u00f6ver den mest betydelsefulla civila sammanslutningen i Sverige. F\u00f6r att \u00e5stadkomma detta beh\u00f6ver materialet bli digitaliserat och s\u00f6kbart.<\/p>\n\n\n\n<p>Arbetet ska ske i samverkan mellan Arbetarr\u00f6relsens arkiv och bibliotek,&nbsp;<a rel=\"noreferrer noopener\" href=\"http:\/\/www.fauppsala.se\/\" target=\"_blank\">Folkr\u00f6relsearkivet f\u00f6r Uppsala l\u00e4n<\/a>,&nbsp;<a rel=\"noreferrer noopener\" href=\"https:\/\/www.fes.de\/archiv-der-sozialen-demokratie\" target=\"_blank\">Archiv der sozialen Demokratie<\/a>&nbsp;i Bonn (Tyskland) och&nbsp;<a rel=\"noreferrer noopener\" href=\"https:\/\/iisg.amsterdam\/en\" target=\"_blank\">Internationella institutet f\u00f6r social historia<\/a>&nbsp;(Nederl\u00e4nderna). Dessa arkivinstitutioner ansvarar gemensamt f\u00f6r att databasen utvecklas, bevaras och tillg\u00e4ngligg\u00f6rs efter att projektet \u00e4r avslutat. Det skapar f\u00f6ruts\u00e4ttningar f\u00f6r en varaktig drift och god tillg\u00e4nglighet.<\/p>\n\n\n\n<h3 class=\"wp-block-heading\">Verktyg f\u00f6r handskrift<\/h3>\n\n\n\n<p>Fyra forskare fr\u00e5n Uppsala universitet medverkar ocks\u00e5 i projektet. De \u00e4r knutna till Institutionen f\u00f6r informationsteknologi, bildhantering; Institutionen f\u00f6r lingvistik och filologi respektive Institutionen f\u00f6r arkiv, bibliotek och museum (ABM) och de kommer bland annat att utveckla verktyg f\u00f6r handskriftsigenk\u00e4nning (HTR), identifiering av ord, fraser och teman och genomf\u00f6ra unders\u00f6kningar om arkivanv\u00e4ndares behov av s\u00f6k- och analysverktyg.<\/p>\n\n\n\n<p>Projektledare \u00e4r Monica Sparrman, tidigare institutionschef f\u00f6r ARAB, och \u00d6rjan Simonson, chef f\u00f6r Folkr\u00f6relsearkivet i Uppsala.<\/p>\n\n\n\n<p>Verksamhetsber\u00e4ttelser och \u00e5rsredovisningar som ing\u00e5r i projektet ska:<\/p>\n\n\n\n<ul class=\"wp-block-list\">\n<li>efter projektets genomf\u00f6rande vara tillg\u00e4ngligt p\u00e5 en internetportal som ARAB och FAC ansvarar f\u00f6r,<\/li>\n\n\n\n<li>g\u00e5 att identifiera med ett permanent \u201dpersonnummer\u201d (s\u00e5 kallad PID eller UUID),<\/li>\n\n\n\n<li>vara \u00f6ppen data som forskare, intresserad allm\u00e4nhet och de fackliga organisationerna sj\u00e4lva kan anv\u00e4nda f\u00f6r att inh\u00e4mta information,<\/li>\n\n\n\n<li>ha ett fullgott skydd av personuppgifter i enlighet med dataskyddsf\u00f6rordningen (GDPR) och \u00e4ven f\u00f6lja de villkor som olika deponenter kan ha beg\u00e4rt,<\/li>\n\n\n\n<li>vara tillg\u00e4ngligt f\u00f6r deponenterna ocks\u00e5 om det \u00e4r l\u00e5st f\u00f6r andra anv\u00e4ndare (till exempel nyare verksamhetsber\u00e4ttelser),<\/li>\n\n\n\n<li>fortsatt vara deponerade handlingar f\u00f6r den som \u00f6nskar, som deponenten kan \u00e5terta,<\/li>\n\n\n\n<li>ge utrymme f\u00f6r nyare leveranser som g\u00e5r att hantera i samma serier med verksamhetsber\u00e4ttelser och \u00e5rsredovisningar,<\/li>\n\n\n\n<li>bli bevarade som digitala dokument i respektive arkivs e-arkivsystem.<\/li>\n<\/ul>\n","protected":false},"excerpt":{"rendered":"<p>Riksbankens Jubileumsfond har tilldelat ARAB \u00f6ver 12,2 miljoner kronor f\u00f6r att tillg\u00e4ngligg\u00f6ra fackliga organisationers verksamhetsber\u00e4ttelser och \u00e5rsredovisningar fr\u00e5n lokal till global niv\u00e5 under perioden 1880-2020. Projektet finansieras under en tre\u00e5rsperiod. [&hellip;]<\/p>\n","protected":false},"author":27,"featured_media":16056,"parent":419,"menu_order":0,"comment_status":"closed","ping_status":"closed","template":"","meta":{"ngg_post_thumbnail":0,"footnotes":""},"class_list":["post-19029","page","type-page","status-publish","has-post-thumbnail","czr-hentry"],"_links":{"self":[{"href":"https:\/\/arbark.se\/sv\/wp-json\/wp\/v2\/pages\/19029","targetHints":{"allow":["GET"]}}],"collection":[{"href":"https:\/\/arbark.se\/sv\/wp-json\/wp\/v2\/pages"}],"about":[{"href":"https:\/\/arbark.se\/sv\/wp-json\/wp\/v2\/types\/page"}],"author":[{"embeddable":true,"href":"https:\/\/arbark.se\/sv\/wp-json\/wp\/v2\/users\/27"}],"replies":[{"embeddable":true,"href":"https:\/\/arbark.se\/sv\/wp-json\/wp\/v2\/comments?post=19029"}],"version-history":[{"count":5,"href":"https:\/\/arbark.se\/sv\/wp-json\/wp\/v2\/pages\/19029\/revisions"}],"predecessor-version":[{"id":21484,"href":"https:\/\/arbark.se\/sv\/wp-json\/wp\/v2\/pages\/19029\/revisions\/21484"}],"up":[{"embeddable":true,"href":"https:\/\/arbark.se\/sv\/wp-json\/wp\/v2\/pages\/419"}],"wp:featuredmedia":[{"embeddable":true,"href":"https:\/\/arbark.se\/sv\/wp-json\/wp\/v2\/media\/16056"}],"wp:attachment":[{"href":"https:\/\/arbark.se\/sv\/wp-json\/wp\/v2\/media?parent=19029"}],"curies":[{"name":"wp","href":"https:\/\/api.w.org\/{rel}","templated":true}]}}