{"id":20057,"date":"2023-09-29T13:26:45","date_gmt":"2023-09-29T11:26:45","guid":{"rendered":"https:\/\/arbark.se\/?page_id=20057"},"modified":"2023-09-29T13:33:31","modified_gmt":"2023-09-29T11:33:31","slug":"401-2","status":"publish","type":"page","link":"https:\/\/arbark.se\/sv\/401-2\/","title":{"rendered":"Du saknar beh\u00f6righet f\u00f6r denna sida"},"content":{"rendered":"<p>Sidan du s\u00f6ker \u00e4r bara tillg\u00e4nglig d\u00e5 du \u00e4r p\u00e5 plats hos oss.<\/p>\n","protected":false},"excerpt":{"rendered":"<p>Sidan du s\u00f6ker \u00e4r bara tillg\u00e4nglig d\u00e5 du \u00e4r p\u00e5 plats hos oss.<\/p>\n","protected":false},"author":1,"featured_media":0,"parent":0,"menu_order":0,"comment_status":"closed","ping_status":"closed","template":"","meta":{"ngg_post_thumbnail":0,"footnotes":""},"class_list":["post-20057","page","type-page","status-publish","czr-hentry"],"_links":{"self":[{"href":"https:\/\/arbark.se\/sv\/wp-json\/wp\/v2\/pages\/20057","targetHints":{"allow":["GET"]}}],"collection":[{"href":"https:\/\/arbark.se\/sv\/wp-json\/wp\/v2\/pages"}],"about":[{"href":"https:\/\/arbark.se\/sv\/wp-json\/wp\/v2\/types\/page"}],"author":[{"embeddable":true,"href":"https:\/\/arbark.se\/sv\/wp-json\/wp\/v2\/users\/1"}],"replies":[{"embeddable":true,"href":"https:\/\/arbark.se\/sv\/wp-json\/wp\/v2\/comments?post=20057"}],"version-history":[{"count":2,"href":"https:\/\/arbark.se\/sv\/wp-json\/wp\/v2\/pages\/20057\/revisions"}],"predecessor-version":[{"id":20060,"href":"https:\/\/arbark.se\/sv\/wp-json\/wp\/v2\/pages\/20057\/revisions\/20060"}],"wp:attachment":[{"href":"https:\/\/arbark.se\/sv\/wp-json\/wp\/v2\/media?parent=20057"}],"curies":[{"name":"wp","href":"https:\/\/api.w.org\/{rel}","templated":true}]}}