{"id":25,"date":"2009-01-07T10:10:06","date_gmt":"2009-01-07T09:10:06","guid":{"rendered":"https:\/\/arbark.se\/?page_id=25"},"modified":"2025-02-05T14:51:11","modified_gmt":"2025-02-05T13:51:11","slug":"samlingar-och-service","status":"publish","type":"page","link":"https:\/\/arbark.se\/sv\/samlingar-och-service\/","title":{"rendered":"Samlingar &#038; service"},"content":{"rendered":"<p><strong>Samlingarna best\u00e5r dels av arkivmaterial och dels av bibliotekmaterial. Biblioteket omfattar huvudsakligen tryckt material medan arkiven rymmer dokument av olika slag samt fotografier, film, ljudfiler, fanor och f\u00f6rem\u00e5l.<\/strong><\/p>\n<div style=\"width: 48%; float: left;\">\n<h3>Arkiv<\/h3>\n<p>Genom drygt 5 000 arkiv och samlingar dokumenterar den svenska arbetarr\u00f6relsens historia.<\/p>\n<h4>Organisationer<\/h4>\n<p>Hos oss f\u00f6rvaras arkiv fr\u00e5n fackliga och politiska organisationer, det vill s\u00e4ga fr\u00e5n fackf\u00f6rbund, politiska partier, kvinno- och ungdomsorganisationer, arkiv fr\u00e5n andra organisationer, som Folkets hus och parker, ABF, RFSU och Unga \u00d6rnar, liksom fr\u00e5n tidnings- och tryckerif\u00f6retag.<\/p>\n<p>De representerade organisationerna \u00e4r fr\u00e4mst riksorganisationer och organisationer fr\u00e5n Stockholmsomr\u00e5det. F\u00f6r de regionala och lokala organisationernas arkiv h\u00e4nvisas till respektive f\u00f6renings- eller folkr\u00f6relsearkiv, anslutna till <a href=\"https:\/\/www.arkivforbundet.se\/\">Svenska arkivf\u00f6rbundet.<\/a><\/p>\n<h4>Personarkiv<\/h4>\n<p>Vi har omkring 800 personarkiv fr\u00e5n personer verksamma inom arbetarr\u00f6relsen, exempelvis de socialdemokratiska partiordf\u00f6randenas arkiv fr\u00e5n Hjalmar Branting till Ingvar Carlsson.<\/p>\n<h4>Internationellt och utl\u00e4ndskt<\/h4>\n<p>Vi har dessutom omkring 160 utl\u00e4ndska och internationella arkiv och samlingar, till exempel fr\u00e5n den tyskspr\u00e5kiga exilen 1933-1945, spanska inb\u00f6rdeskriget 1935-1939 och Vietnamkriget.<\/p>\n<h4>Materialtyper<\/h4>\n<p>Fotosamlingarna omfattar cirka 1,5 miljoner fotografier, fansamlingen omfattar cirka 1 600 fanor och standar och affischsamlingen omkring 25 000 affischer. Dessutom finns det samlingar av f\u00f6rem\u00e5l, film och ljudinspelningar.<\/p>\n<\/div>\n<div style=\"width: 48%; float: right;\">\n<h3>Bibliotek<\/h3>\n<p>Vi \u00e4r ett vetenskapligt specialbibliotek med inriktning p\u00e5 arbetarr\u00f6relsen. Det finns fler \u00e4n 120 000 titlar p\u00e5 svenska och andra spr\u00e5k.<strong><br><\/strong><\/p>\n<h4>B\u00f6cker och broschyrer<\/h4>\n<p>Vi har litteratur om eller utgiven av svensk, utl\u00e4ndsk och internationell arbetarr\u00f6relse &#8211; speglande den fackliga och politiska arbetarr\u00f6relsens historia, teori och organisationer.<\/p>\n<p>Det vetenskapliga litteraturbest\u00e5ndet \u00e4r brett och inte begr\u00e4nsat till arbetarr\u00f6relsen: vi \u00e4r i flera avseenden ett allm\u00e4nt samh\u00e4llsvetenskapligt bibliotek.<\/p>\n<p>Vi har ocks\u00e5 en stor samling svensk arbetarlitteratur.<\/p>\n<h4><strong>Tidningar och tidskrifter<\/strong><\/h4>\n<p>Cirka 4 000 titlar totalt, varav cirka 130 \u00e4r s\u00e5dana vi prenumererar p\u00e5 f\u00f6r tillf\u00e4llet.&nbsp;<\/p>\n<p>Vi har en komplett samling av den svenska fackf\u00f6rbundspressen samt tidningar och tidskrifter fr\u00e5n m\u00e5nga socialistiska och andra radikala r\u00f6relser.<\/p>\n<h4><strong>Tryck fr\u00e5n organisationer<\/strong><\/h4>\n<p>Vi har de tryckta k\u00e4llorna till arbetarr\u00f6relsens historia: kongresstryck, ber\u00e4ttelser, program, stadgar, avtal, sm\u00e5tryck och liknande &#8211; det vi kallar organisationstryck.<\/p>\n<\/div>\n\n\n<p><\/p>\n","protected":false},"excerpt":{"rendered":"<p>Samlingarna best\u00e5r dels av arkivmaterial och dels av bibliotekmaterial. Biblioteket omfattar huvudsakligen tryckt material medan arkiven rymmer dokument av olika slag samt fotografier, film, ljudfiler, fanor och f\u00f6rem\u00e5l. Arkiv Genom [&hellip;]<\/p>\n","protected":false},"author":1,"featured_media":0,"parent":0,"menu_order":1,"comment_status":"closed","ping_status":"closed","template":"","meta":{"ngg_post_thumbnail":0,"footnotes":""},"class_list":["post-25","page","type-page","status-publish","czr-hentry"],"_links":{"self":[{"href":"https:\/\/arbark.se\/sv\/wp-json\/wp\/v2\/pages\/25","targetHints":{"allow":["GET"]}}],"collection":[{"href":"https:\/\/arbark.se\/sv\/wp-json\/wp\/v2\/pages"}],"about":[{"href":"https:\/\/arbark.se\/sv\/wp-json\/wp\/v2\/types\/page"}],"author":[{"embeddable":true,"href":"https:\/\/arbark.se\/sv\/wp-json\/wp\/v2\/users\/1"}],"replies":[{"embeddable":true,"href":"https:\/\/arbark.se\/sv\/wp-json\/wp\/v2\/comments?post=25"}],"version-history":[{"count":66,"href":"https:\/\/arbark.se\/sv\/wp-json\/wp\/v2\/pages\/25\/revisions"}],"predecessor-version":[{"id":20763,"href":"https:\/\/arbark.se\/sv\/wp-json\/wp\/v2\/pages\/25\/revisions\/20763"}],"wp:attachment":[{"href":"https:\/\/arbark.se\/sv\/wp-json\/wp\/v2\/media?parent=25"}],"curies":[{"name":"wp","href":"https:\/\/api.w.org\/{rel}","templated":true}]}}