{"id":26,"date":"2009-01-07T10:11:20","date_gmt":"2009-01-07T09:11:20","guid":{"rendered":"https:\/\/arbark.se\/?page_id=26"},"modified":"2021-03-23T08:55:39","modified_gmt":"2021-03-23T07:55:39","slug":"forskning","status":"publish","type":"page","link":"https:\/\/arbark.se\/sv\/forskning\/","title":{"rendered":"Forskning"},"content":{"rendered":"<p><strong>Forskning och folkbildning om arbetarr\u00f6relsens historia \u00e4r ett av v\u00e5ra verksamhetsomr\u00e5den. Syftet \u00e4r att stimulera forskning om arbetarr\u00f6relsen och arbetslivet, med inriktning b\u00e5de p\u00e5 historien och dagsaktuella problem.<\/strong><\/p>\n<p>F\u00f6r detta \u00e4ndam\u00e5l ger institutionen ut tidskriften <a href=\"http:\/\/www.arbetarhistoria.se\"><em>Arbetarhistoria<\/em><\/a>, har ett forskningsr\u00e5d, samarbetar med svenska och utl\u00e4ndska universitet och andra forskningsinstitutioner, arrangerar konferenser och seminarier, samt initierar, medverkar i eller ger ut andra publikationer.<\/p>\n<p>Vi som institution, s\u00e5v\u00e4l som enskilda medarbetare, \u00e4r medlemmar i olika kommitt\u00e9er och samarbetsorgan som anordnar planeringsm\u00f6ten, seminarier, konferenser och publicerar skrifter, ofta med en klar forskningsinriktning<\/p>\n<p>Vi bist\u00e5r vid handledning av studenter och doktorander, arrangerar gruppvisningar och samarbetar med organisationer och institutioner i syfte att \u00f6ka intresset f\u00f6r arbetets och arbetarr\u00f6relsens historia.<\/p>\n<h3>Forskare<\/h3>\n<p>Ett antal forskare har f\u00f6rlagt sina externfinansierade forskningsprojekt till institutionen p\u00e5 grund av samlingarnas betydelse f\u00f6r forskningen och ARABs stora kontaktn\u00e4t med forskare och praktiker inom arbetarhistoria. Information om forskarna hittar du p\u00e5 sidan <a href=\"https:\/\/arbark.se\/sv\/forskning\/forskare\/\" target=\"_blank\" rel=\"noopener noreferrer\">Forskare<\/a>.<\/p>\n<h3>Projekt<\/h3>\n<p>P\u00e5g\u00e5ende och avslutade forskningsprojekt hittar du p\u00e5 sidan <a title=\"P\u00e5 g\u00e5ng: kommande evenmang\" href=\"https:\/\/arbark.se\/sv\/projekt\/\" target=\"_blank\" rel=\"noopener noreferrer\">Projekt<\/a>.<\/p>\n<h3>Evenemang<\/h3>\n<p>Kommande konferenser och seminarier hittar du p\u00e5 sidan <a href=\"https:\/\/arbark.se\/seminarier\" target=\"_blank\" rel=\"noopener noreferrer\">Seminarier<\/a> samt n\u00e4r de \u00f6ppnat f\u00f6r anm\u00e4lning \u00e4ven p\u00e5 sidan <a title=\"P\u00e5 g\u00e5ng: kommande evenmang\" href=\"https:\/\/arbark.se\/sv\/events\/\">Evenemang<\/a>.<\/p>\n<h3>Nordic Labour History Network<\/h3>\n<p>Nordic Labour History Network (NLHN) bildades i mars 2017. Det var en formalisering av ett samarbete mellan nordiska arbetarhistoriker och intresserade av \u00e4mnet som hade p\u00e5g\u00e5tt sedan b\u00f6rjan av 1970-talet.<\/p>\n<p>NLHN har en Facebookgrupp med samma namn. Den \u00e4r avsedd f\u00f6r diskussioner och samarbeten inom forskningsf\u00e4ltet nordisk arbetarhistoria. Anv\u00e4nd g\u00e4rna gruppen f\u00f6r att dela s\u00e5v\u00e4l forskningsid\u00e9er och fr\u00e5gor, som texter och arbeten. Du m\u00e5ste vara medlem f\u00f6r att kunna se inneh\u00e5llet och g\u00f6ra egna inl\u00e4gg.&nbsp;<\/p>\n<p>Under v\u00e5ren 2021 arrangerar NLHN en serie digitala seminarier om arbetarhistoria. Seminarierna \u00e4r gratis och \u00f6ppna f\u00f6r alla, men kr\u00e4ver anm\u00e4lan. De \u00e4r p\u00e5 engelska. Om du har fr\u00e5gor eller vill tipsa om intressanta \u00e4mnen eller f\u00f6rel\u00e4sare, skicka en e-post till silke.neunsinger[a]arbark.se.<\/p>\n<p><a href=\"https:\/\/arbark.se\/seminarier\" target=\"_blank\" rel=\"noopener noreferrer\">Se NLHNs seminarieprogram f\u00f6r v\u00e5ren 2021 h\u00e4r.<\/a><\/p>\n","protected":false},"excerpt":{"rendered":"<p>Forskning och folkbildning om arbetarr\u00f6relsens historia \u00e4r ett av v\u00e5ra verksamhetsomr\u00e5den. Syftet \u00e4r att stimulera forskning om arbetarr\u00f6relsen och arbetslivet, med inriktning b\u00e5de p\u00e5 historien och dagsaktuella problem. F\u00f6r detta [&hellip;]<\/p>\n","protected":false},"author":23,"featured_media":0,"parent":0,"menu_order":0,"comment_status":"closed","ping_status":"closed","template":"","meta":{"ngg_post_thumbnail":0,"footnotes":""},"class_list":["post-26","page","type-page","status-publish","czr-hentry"],"_links":{"self":[{"href":"https:\/\/arbark.se\/sv\/wp-json\/wp\/v2\/pages\/26","targetHints":{"allow":["GET"]}}],"collection":[{"href":"https:\/\/arbark.se\/sv\/wp-json\/wp\/v2\/pages"}],"about":[{"href":"https:\/\/arbark.se\/sv\/wp-json\/wp\/v2\/types\/page"}],"author":[{"embeddable":true,"href":"https:\/\/arbark.se\/sv\/wp-json\/wp\/v2\/users\/23"}],"replies":[{"embeddable":true,"href":"https:\/\/arbark.se\/sv\/wp-json\/wp\/v2\/comments?post=26"}],"version-history":[{"count":25,"href":"https:\/\/arbark.se\/sv\/wp-json\/wp\/v2\/pages\/26\/revisions"}],"predecessor-version":[{"id":21429,"href":"https:\/\/arbark.se\/sv\/wp-json\/wp\/v2\/pages\/26\/revisions\/21429"}],"wp:attachment":[{"href":"https:\/\/arbark.se\/sv\/wp-json\/wp\/v2\/media?parent=26"}],"curies":[{"name":"wp","href":"https:\/\/api.w.org\/{rel}","templated":true}]}}