{"id":29,"date":"2009-01-07T10:13:05","date_gmt":"2009-01-07T09:13:05","guid":{"rendered":"https:\/\/arbark.se\/?page_id=29"},"modified":"2025-08-14T15:12:13","modified_gmt":"2025-08-14T13:12:13","slug":"publikationer","status":"publish","type":"page","link":"https:\/\/arbark.se\/sv\/publikationer\/","title":{"rendered":"Publikationer"},"content":{"rendered":"<p style=\"text-align: left;\"><strong>H\u00e4r hittar du olika typer av material och publikationer som vi erbjuder f\u00f6r nedladdning.&nbsp;<\/strong><\/p>\n<div style=\"float: left; padding: 1.5em;\">\n<ul>\n<li><a title=\"Arbetarhistoria\" href=\"https:\/\/www.arbetarhistoria.se\/\">Arbetarhistoria<\/a><\/li>\n<li><a title=\"Publikationer om oss och v\u00e5ra samlingar\" href=\"https:\/\/arbark.se\/sv\/publikationer\/publikationer-om-oss\/\">Publikationer om oss och v\u00e5ra samlingar<\/a><\/li>\n<li><a title=\"K\u00e4llmaterial\" href=\"https:\/\/arbark.se\/publikationer\/kallmaterial\/\">K\u00e4llmaterial<\/a><\/li>\n<li><a title=\"ARAB Working papers\" href=\"https:\/\/arbark.se\/sv\/publikationer\/arab-working-papers\/\">ARAB Working Papers<\/a><\/li>\n<li><a title=\"R\u00e5dgivning och rekommendationer\" href=\"https:\/\/arbark.se\/sv\/publikationer\/radgivning-och-rekommendationer\/\">R\u00e5dgivning och rekommendationer<\/a><\/li>\n<\/ul>\n<\/div>\n\n\n<p><\/p>\n","protected":false},"excerpt":{"rendered":"<p>H\u00e4r hittar du olika typer av material och publikationer som vi erbjuder f\u00f6r nedladdning.&nbsp; Arbetarhistoria Publikationer om oss och v\u00e5ra samlingar K\u00e4llmaterial ARAB Working Papers R\u00e5dgivning och rekommendationer<\/p>\n","protected":false},"author":23,"featured_media":0,"parent":0,"menu_order":0,"comment_status":"closed","ping_status":"closed","template":"","meta":{"ngg_post_thumbnail":0,"footnotes":""},"class_list":["post-29","page","type-page","status-publish","czr-hentry"],"_links":{"self":[{"href":"https:\/\/arbark.se\/sv\/wp-json\/wp\/v2\/pages\/29","targetHints":{"allow":["GET"]}}],"collection":[{"href":"https:\/\/arbark.se\/sv\/wp-json\/wp\/v2\/pages"}],"about":[{"href":"https:\/\/arbark.se\/sv\/wp-json\/wp\/v2\/types\/page"}],"author":[{"embeddable":true,"href":"https:\/\/arbark.se\/sv\/wp-json\/wp\/v2\/users\/23"}],"replies":[{"embeddable":true,"href":"https:\/\/arbark.se\/sv\/wp-json\/wp\/v2\/comments?post=29"}],"version-history":[{"count":15,"href":"https:\/\/arbark.se\/sv\/wp-json\/wp\/v2\/pages\/29\/revisions"}],"predecessor-version":[{"id":20991,"href":"https:\/\/arbark.se\/sv\/wp-json\/wp\/v2\/pages\/29\/revisions\/20991"}],"wp:attachment":[{"href":"https:\/\/arbark.se\/sv\/wp-json\/wp\/v2\/media?parent=29"}],"curies":[{"name":"wp","href":"https:\/\/api.w.org\/{rel}","templated":true}]}}