{"id":307,"date":"2009-05-11T09:01:36","date_gmt":"2009-05-11T07:01:36","guid":{"rendered":"https:\/\/arbark.se\/?page_id=307"},"modified":"2023-02-28T10:37:36","modified_gmt":"2023-02-28T09:37:36","slug":"aks","status":"publish","type":"page","link":"https:\/\/arbark.se\/sv\/om\/aks\/","title":{"rendered":"AKS &#8211; v\u00e5r v\u00e4nf\u00f6rening"},"content":{"rendered":"<p><strong>Arbetarnas Kulturhistoriska S\u00e4llskap (AKS) \u00e4r v\u00e5r v\u00e4nf\u00f6rening. AKS bildades redan 1926 och samarbetar med institutionen, bland annat genom att ge ut en ambiti\u00f6s \u00e5rsbok och genom att anordna gemensamma seminarier.<\/strong><\/p>\n<p>S\u00e4llskapet har b\u00e5de enskilda och organisationer \u00f6ver hela landet som medlemmar. Enligt stadgarna ska man bevara och sprida k\u00e4nnedom om arbetarklassens liv och levnadsvillkor, arbetarr\u00f6relsens utveckling och industrisamh\u00e4llets kulturarv.<\/p>\n<h3>Medlemskap<\/h3>\n<p>Priser:<\/p>\n<ul>\n<li>200 kr om \u00e5ret f\u00f6r enskilda,<\/li>\n<li>400 kr f\u00f6r lokala organisationer, och<\/li>\n<li>800 kr f\u00f6r centrala organisationer.<\/li>\n<\/ul>\n<p>I medlemskapet ing\u00e5r seminarier, vandringar, utst\u00e4llningar och utflykter en medlemsbok, som ges ut varje \u00e5r.<\/p>\n<p>F\u00f6r att bli medlem skickar du en ans\u00f6kan med uppgifter om namn och adress till:<\/p>\n<ul>\n<li>Arbetarnas Kulturhistoriska S\u00e4llskap<br \/>\nElektronv\u00e4gen 2<br \/>\n141 49 Huddinge<\/li>\n<\/ul>\n<p>Eller till e-post: info[snabel-a]arbetarkultur.se.&nbsp; S\u00e4tt in medlemsavgiften p\u00e5 PG: 1725-1.<\/p>\n<p>V\u00e4lkommen som medlem i Arbetarnas kulturhistoriska s\u00e4llskap!<\/p>\n<p>Bes\u00f6k AKS egen webbplats p\u00e5 <a href=\"http:\/\/arbetarkultur.se\/\">http:\/\/arbetarkultur.se\/<\/a><\/p>\n<p>Vill du k\u00f6pa boken <em>Klass i r\u00f6relse. Arbetarr\u00f6relsen i svensk samh\u00e4llsutveckling<\/em>, 2014, 2:a upplagan,&nbsp; mejlar du till kontaktpersonerna nedan.<\/p>\n<h3>Kontaktuppgifter<\/h3>\n<ul>\n<li><strong>info[snabel-a]arbetarkultur.se<\/strong><\/li>\n<\/ul>\n<ul>\n<li><strong>Kjersti Bosdotter, ordf\u00f6rande<\/strong><br \/>\ne-post: kjersti.bosdotter [snabel-a] ifmetall.se<\/li>\n<li><strong>Jonny Jakobsson, skattem\u00e4stare<\/strong><br \/>\nepost: jonjaksson[a]gmail.com<br \/>\ntele: 010-442 70 19<\/li>\n<\/ul>\n<p>&nbsp;<\/p>\n<h3>L\u00e4s mer<\/h3>\n<ul>\n<li><em>Notiser fr\u00e5n Arbetarnas kulturhistoriska s\u00e4llskap : ett urval<\/em> (1996)<\/li>\n<li><em>Arbetarnas kulturhistoriska s\u00e4llskap 1926-1976 : minnesskrift<\/em> \/ Sture W. Lantz<\/li>\n<li>V\u00e4ggalmanacka om arbetarr\u00f6relsens kvinnor. AKS tar fram en ny almanacka tas fram varje \u00e5r.<\/li>\n<li>Arbetarnas kulturhistoriska s\u00e4llskaps \u00e5rsb\u00f6cker<\/li>\n<\/ul>\n","protected":false},"excerpt":{"rendered":"<p>Arbetarnas Kulturhistoriska S\u00e4llskap (AKS) \u00e4r v\u00e5r v\u00e4nf\u00f6rening. AKS bildades redan 1926 och samarbetar med institutionen, bland annat genom att ge ut en ambiti\u00f6s \u00e5rsbok och genom att anordna gemensamma seminarier. [&hellip;]<\/p>\n","protected":false},"author":23,"featured_media":0,"parent":2,"menu_order":0,"comment_status":"closed","ping_status":"closed","template":"","meta":{"ngg_post_thumbnail":0,"footnotes":""},"class_list":["post-307","page","type-page","status-publish","czr-hentry"],"_links":{"self":[{"href":"https:\/\/arbark.se\/sv\/wp-json\/wp\/v2\/pages\/307","targetHints":{"allow":["GET"]}}],"collection":[{"href":"https:\/\/arbark.se\/sv\/wp-json\/wp\/v2\/pages"}],"about":[{"href":"https:\/\/arbark.se\/sv\/wp-json\/wp\/v2\/types\/page"}],"author":[{"embeddable":true,"href":"https:\/\/arbark.se\/sv\/wp-json\/wp\/v2\/users\/23"}],"replies":[{"embeddable":true,"href":"https:\/\/arbark.se\/sv\/wp-json\/wp\/v2\/comments?post=307"}],"version-history":[{"count":12,"href":"https:\/\/arbark.se\/sv\/wp-json\/wp\/v2\/pages\/307\/revisions"}],"predecessor-version":[{"id":19230,"href":"https:\/\/arbark.se\/sv\/wp-json\/wp\/v2\/pages\/307\/revisions\/19230"}],"up":[{"embeddable":true,"href":"https:\/\/arbark.se\/sv\/wp-json\/wp\/v2\/pages\/2"}],"wp:attachment":[{"href":"https:\/\/arbark.se\/sv\/wp-json\/wp\/v2\/media?parent=307"}],"curies":[{"name":"wp","href":"https:\/\/api.w.org\/{rel}","templated":true}]}}