{"id":33,"date":"2009-01-07T10:19:10","date_gmt":"2009-01-07T09:19:10","guid":{"rendered":"https:\/\/arbark.se\/?page_id=33"},"modified":"2026-04-08T09:30:24","modified_gmt":"2026-04-08T07:30:24","slug":"lamna","status":"publish","type":"page","link":"https:\/\/arbark.se\/sv\/lamna\/","title":{"rendered":"L\u00e4mna material"},"content":{"rendered":"<h3>S\u00e5 h\u00e4r l\u00e4mnar du arkiv- och biblioteksmaterial till oss<\/h3>\n<hr>\n<p><a href=\"#material\">1. Vad vill vi ha?<\/a> | <a href=\"#kontakt\">2. Kontakta oss f\u00f6rst<\/a> | <a href=\"#leverans\">3. G\u00e5va eller deposition?<\/a> | <a href=\"#nar\">4. N\u00e4r vill vi ha materialet?<\/a> | <a href=\"#hur\">5. Hur ni kan leverera<\/a> | <a href=\"#avgifter\">6. Avgifter<\/a> | <a href=\"#avtal\">7. Teckna avtal med oss<\/a><\/p>\n<hr>\n<p><a name=\"material\"><\/a><\/p>\n<h4>1. Vad vill vi ha?<\/h4>\n<p>Vi tar emot <strong>b\u00e5de analogt och digitalt material<\/strong>, likas\u00e5 publikationer fr\u00e5n webbplatser.<\/p>\n<p><span style=\"color: #000000;\">H\u00f6r av er om ni har br\u00e5dskande fr\u00e5gor till email: leveranser[a]arbark.se&nbsp;<\/span><\/p>\n<div style=\"width: 48%; float: left;\">\n<p><strong>Publikationer fr\u00e5n organisationer (s\u00e5 kallat organisationstryck):<\/strong><\/p>\n<ul>\n<li>kongresshandlingar (protokoll, motioner, rapporter etc)<\/li>\n<li>ber\u00e4ttelser<\/li>\n<li>stadgar<\/li>\n<li>broschyrer<\/li>\n<li>kollektivavtal<\/li>\n<li>\u00f6vrigt tryck (studiematerial, utredningar, pamfletter etc)<\/li>\n<\/ul>\n<\/div>\n<div style=\"width: 48%; float: right;\">\n<p><strong>Arkivhandlingar fr\u00e5n organisationer och privatpersoner, till exempel:<\/strong><\/p>\n<ul>\n<li>protokoll<\/li>\n<li>korrespondens<\/li>\n<li>dagb\u00f6cker, anteckningar<\/li>\n<li>r\u00e4kenskaper<\/li>\n<li>fotografier<\/li>\n<li>ljud och film<\/li>\n<li>affischer<\/li>\n<li>fanor<\/li>\n<\/ul>\n<\/div>\n<p><strong>Begagnade b\u00f6cker:<\/strong><\/p>\n<ul>\n<li>har du b\u00f6cker som du tror att vi saknar? Kontakta oss.<\/li>\n<\/ul>\n<p><strong>Digitala leveranser,<\/strong> se <a href=\"https:\/\/arbark.se\/sv\/publikationer\/radgivning-och-rekommendationer\/\">s\u00e4rskilda rekommendationer.<\/a><\/p>\n<p>Se \u00e4ven <img decoding=\"async\" class=\"noframes\" src=\"https:\/\/arbark.se\/images\/pdf.gif\" alt=\"\"> <a href=\"https:\/\/arbark.se\/wp-content\/dokument\/2025\/08\/broschyr-arkivlamnare-2022.pdf\">v\u00e5r broschyr f\u00f6r arkivl\u00e4mnare (2022-<\/a>) (pdf, 1247 kB).&nbsp;<\/p>\n<p>Se \u00e4ven <img decoding=\"async\" class=\"noframes\" src=\"https:\/\/arbark.se\/images\/pdf.gif\" alt=\"\"> <a href=\"https:\/\/arbark.se\/wp-content\/dokument\/2025\/08\/leverera-till-arab.pdf\">ARAB:s allm\u00e4nna information om hur och varf\u00f6r man l\u00e4mnar material till oss<\/a> 291 (pdf, kB).&nbsp;<\/p>\n<p>&nbsp;<\/p>\n<hr>\n<p><a name=\"kontakt\"><\/a><\/p>\n<h4>2. <strong>Kontakta oss f\u00f6rst<br \/>\n<\/strong><\/h4>\n<p>Kontakta oss alltid innan leverans f\u00f6r att boka in en tid d\u00e5 vi kan ta emot ert material. N\u00e4r det g\u00e4ller leveranser st\u00f6rre \u00e4n 50 flyttkartonger vill vi att ni h\u00f6r av er minst 3 m\u00e5nader i f\u00f6rv\u00e4g. I samband med flyttprocesser \u00e4r det viktigt att arkivaspekter kommer upp i ett tidigt skede s\u00e5 att leveranser kan planeras s\u00e5 smidigt som m\u00f6jligt.&nbsp;<\/p>\n<p>\u00c4r du en kontaktperson fr\u00e5n ett tryckeri, var v\u00e4nlig och <a href=\"#hur\">se punkt 5 nedan<\/a>, om hur man levererar till oss.<\/p>\n<p>Kontakta oss om leveranser p\u00e5 mejladress: leveranser[a]arbark.se.<\/p>\n<p>\u00d6nskar du kontakt via telefon kan du be om att bli uppringd i mejl skickat till ovanst\u00e5ende mejladress.<\/p>\n<hr>\n<p><a name=\"leverans\"><\/a><\/p>\n<h4>3. G\u00e5va eller deposition?<\/h4>\n<p>Innan leverans \u00e4r det bra att t\u00e4nka \u00f6ver vilken typ av leverans det r\u00f6r sig om, en g\u00e5va eller en deposition. En deposition inneb\u00e4r att ni formellt beh\u00e5ller \u00e4gander\u00e4tten till materialet.<\/p>\n<p>Vid tecknande av depositionsavtal, har vi \u00e4ven ett kompletterande <a href=\"https:\/\/arbark.se\/wp-content\/dokument\/2026\/03\/personuppgiftsbitradesavtal-formular.pdf\">Personuppgiftsbitr\u00e4desavtal<\/a>, med tillh\u00f6rande bilaga <a href=\"https:\/\/arbark.se\/wp-content\/dokument\/2026\/03\/personuppgiftsbitradesavtal-instruktion-formular.pdf\">Instruktion f\u00f6r Personuppgiftsbitr\u00e4desavtal<\/a>. Majoriteten av det arkivmaterial som vi emottar behandlar k\u00e4nsliga personuppgifter som faller under GDPR-lagstiftningen.&nbsp;Personuppgiftsbitr\u00e4desavtalet beh\u00f6vs n\u00e4r ett personuppgiftsbitr\u00e4de behandlar personuppgifter f\u00f6r en personuppgiftsansvarigs r\u00e4kning. \u00c4r materialet deponerad hos oss, \u00e4r vi som institution ett personuppgiftsbitr\u00e4de och den person eller organisation som deponerat personuppgiftsansvarig.<\/p>\n<p>Tar vi emot leveransen som en g\u00e5va, tillfaller \u00e4gander\u00e4tten oss och vi blir d\u00e4rmed personuppgiftsansvarig.&nbsp;<\/p>\n<p>Till\u00e4ggsleveranser ber\u00f6r alla de organisationer eller privatpersoner som sedan tidigare har levererat material till oss.<\/p>\n<p>Se \u00e4ven v\u00e5r <a href=\"https:\/\/arbark.se\/wp-content\/dokument\/2026\/03\/arab-integritetspolicy-arkivering-lantagare.pdf\">Integritetspolicy f\u00f6r behandling av personuppgifter av Arbetarr\u00f6relsens arkiv och bibliotek<\/a>.(pdf).&nbsp;<\/p>\n<p>Se v\u00e5rt standardiserade <img decoding=\"async\" class=\"noframes\" src=\"https:\/\/arbark.se\/images\/pdf.gif\" alt=\"\"><a href=\"https:\/\/arbark.se\/wp-content\/dokument\/2025\/08\/gavobrev.pdf\">G\u00e5vobrev<\/a>, eller teckna ett avtal om du\/ni inte har gjort det sedan tidigare (se punkt 7 nedan).<\/p>\n<hr>\n<p><a name=\"nar\"><\/a><\/p>\n<h4>4. N\u00e4r vill vi ha materialet?<\/h4>\n<p><strong>Publikationer<\/strong> tar vi g\u00e4rna emot s\u00e5 fort som m\u00f6jligt. I v\u00e5rt uppdrag ing\u00e5r att tillhandah\u00e5lla era publikationer f\u00f6r allm\u00e4nhet och forskare och f\u00f6r att kunna g\u00f6ra detta beh\u00f6ver vi f\u00e5 hit materialet, vilket tyv\u00e4rr inte sker automatiskt. Bara p\u00e5 detta s\u00e4tt kan vi uppr\u00e4tth\u00e5lla en god serviceniv\u00e5 p\u00e5 v\u00e5rt omr\u00e5de: att bevara och tillg\u00e4ngligg\u00f6ra er historia.<\/p>\n<p>Publikationer i pappersform vill vi ha i tre exemplar.<\/p>\n<p>V\u00e5rt f\u00f6rslag \u00e4r att ni skickar det redan fr\u00e5n tryckeriet eller i samband med publicering p\u00e5 er webbsida.<\/p>\n<p><strong>\u00d6vrigt arkivmaterial<\/strong> b\u00f6r l\u00e4mnas med st\u00f6rre eftersl\u00e4pning, till exempel n\u00e4r informationen inte l\u00e4ngre beh\u00f6vs i er dagliga verksamhet. En bra tumregel \u00e4r att handlingarna ska vara minst tio \u00e5r gamla vid leverans.&nbsp;<\/p>\n<hr>\n<p><a name=\"hur\"><\/a><\/p>\n<h4>5. Hur ni kan leverera<\/h4>\n<p><strong>I enlighet med avtal<\/strong> mellan er och oss levererar ni st\u00f6rre leveranser av fysiskt material till adressen:<\/p>\n<p>Arbetarr\u00f6relsens arkiv och bibliotek<br \/>\n<em>Leverans av material<\/em><br \/>\nElektronv\u00e4gen 6<br \/>\n141 49 Huddinge<\/p>\n<p><strong>Digitalt material<\/strong> levereras i enlighet med avtal beroende p\u00e5 leveransens storlek via:<\/p>\n<ul>\n<li>E-post &#8211; leveranser[a]arbark.se<\/li>\n<li>Direktleverans av fysisk server eller disk<\/li>\n<li>V\u00e5r egen leveransplats f\u00f6r digitala leveranser<\/li>\n<\/ul>\n<hr>\n<p><a name=\"avgifter\"><\/a><\/p>\n<h4>6. Avgifter<\/h4>\n<p><img decoding=\"async\" class=\"noframes\" src=\"https:\/\/arbark.se\/images\/pdf.gif\" alt=\"\">&nbsp;<a href=\"https:\/\/arbark.se\/wp-content\/dokument\/2025\/09\/prislista.pdf\">Avgifter f\u00f6r f\u00f6rvaring av arkiv- och biblioteksmaterial hos Arbetarr\u00f6relsens arkiv och bibliotek<\/a> (pdf)<\/p>\n<p>I enlighet med styrelsebeslut, april 2017, kommer ARAB att inf\u00f6ra avgifter f\u00f6r leveranser av material. Avgifternas storlek beror bland annat p\u00e5 huruvida organisationen \u00e4r nu existerande eller medlem i <a href=\"https:\/\/arbark.se\/sv\/om\/stodforeningen\/\">St\u00f6df\u00f6reningen f\u00f6r Arbetarr\u00f6relsens arkiv och bibliotek<\/a>. Se dokumentet med avgifter, f\u00f6r mer detaljerad information.<\/p>\n<p><a name=\"avtal\"><\/a><\/p>\n<h4>7. Teckna avtal med oss<\/h4>\n<p>ARAB:s m\u00e5ls\u00e4ttning \u00e4r att bevara en autentisk, bred och relevant dokumentation av arbetarr\u00f6relsens och n\u00e4rliggande sociala r\u00f6relsers historia och utveckling.<\/p>\n<p>F\u00f6r oss \u00e4r det viktigt att b\u00e5da parter \u00e4r trygga med att materialet hanteras p\u00e5 ett s\u00e4kert s\u00e4tt, och att materialet kan tillg\u00e4ngligg\u00f6ras f\u00f6r allm\u00e4nheten och forskningen, s\u00e5 l\u00e5ngt det \u00e4r m\u00f6jligt.<\/p>\n<p>Nedan finner ni de avtalsmallar som vi har tagit fram, ett standardiserat g\u00e5vobrev samt v\u00e5r Integritetspolicy:<\/p>\n<ul>\n<li><img decoding=\"async\" class=\"noframes\" src=\"https:\/\/arbark.se\/images\/pdf.gif\" alt=\"\">&nbsp;<a href=\"https:\/\/arbark.se\/wp-content\/dokument\/2026\/03\/arab-avtal-fysiskt-person.pdf\">Avtal fysisk person<\/a> (2026-) (enskild\/privatperson) (pdf)<\/li>\n<li><img decoding=\"async\" class=\"noframes\" src=\"https:\/\/arbark.se\/images\/pdf.gif\" alt=\"\">&nbsp;<a href=\"https:\/\/arbark.se\/wp-content\/dokument\/2026\/03\/arab-avtal-juridisk-person.pdf\">Avtal juridisk person<\/a>&nbsp; (2026-) (organisation\/parti\/klubb\/avdelning etc) (pdf)<\/li>\n<li><img decoding=\"async\" class=\"noframes\" src=\"https:\/\/arbark.se\/images\/pdf.gif\" alt=\"\">&nbsp;<a href=\"https:\/\/arbark.se\/wp-content\/dokument\/2025\/08\/gavobrev.pdf\">G\u00e5vobrev<\/a> (2024-) (pdf)<\/li>\n<li><a href=\"https:\/\/arbark.se\/wp-content\/dokument\/2026\/03\/personuppgiftsbitradesavtal-formular.pdf\">Personuppgiftsbitr\u00e4desavtal<\/a> (2026-) (pdf)<\/li>\n<li><a href=\"https:\/\/arbark.se\/wp-content\/dokument\/2026\/03\/personuppgiftsbitradesavtal-instruktion-formular.pdf\">Bilaga &#8211; Instruktion till Personuppgiftsbitr\u00e4desavtal<\/a> (2026-) (pdf)<\/li>\n<li><a href=\"https:\/\/arbark.se\/wp-content\/dokument\/2026\/03\/arab-integritetspolicy-arkivering-lantagare.pdf\">Integritetspolicy f\u00f6r behandling av personuppgifter av Arbetarr\u00f6relsens arkiv och bibliotek (2025-11-27) <\/a>(pdf)<\/li>\n<\/ul>\n<hr>\n<p>F\u00f6r r\u00e5dgivning och svar p\u00e5 dina fr\u00e5gor om arkivering, format och vad som b\u00f6r bevaras, <a href=\"https:\/\/arbark.se\/sv\/publikationer\/radgivning-och-rekommendationer\/\">se v\u00e5ra publikationer med rekommendationer.&nbsp;<\/a><\/p>\n","protected":false},"excerpt":{"rendered":"<p>S\u00e5 h\u00e4r l\u00e4mnar du arkiv- och biblioteksmaterial till oss 1. Vad vill vi ha? | 2. Kontakta oss f\u00f6rst | 3. G\u00e5va eller deposition? | 4. N\u00e4r vill vi ha [&hellip;]<\/p>\n","protected":false},"author":1,"featured_media":21426,"parent":0,"menu_order":0,"comment_status":"closed","ping_status":"closed","template":"","meta":{"ngg_post_thumbnail":0,"footnotes":""},"class_list":["post-33","page","type-page","status-publish","has-post-thumbnail","czr-hentry"],"_links":{"self":[{"href":"https:\/\/arbark.se\/sv\/wp-json\/wp\/v2\/pages\/33","targetHints":{"allow":["GET"]}}],"collection":[{"href":"https:\/\/arbark.se\/sv\/wp-json\/wp\/v2\/pages"}],"about":[{"href":"https:\/\/arbark.se\/sv\/wp-json\/wp\/v2\/types\/page"}],"author":[{"embeddable":true,"href":"https:\/\/arbark.se\/sv\/wp-json\/wp\/v2\/users\/1"}],"replies":[{"embeddable":true,"href":"https:\/\/arbark.se\/sv\/wp-json\/wp\/v2\/comments?post=33"}],"version-history":[{"count":70,"href":"https:\/\/arbark.se\/sv\/wp-json\/wp\/v2\/pages\/33\/revisions"}],"predecessor-version":[{"id":22039,"href":"https:\/\/arbark.se\/sv\/wp-json\/wp\/v2\/pages\/33\/revisions\/22039"}],"wp:featuredmedia":[{"embeddable":true,"href":"https:\/\/arbark.se\/sv\/wp-json\/wp\/v2\/media\/21426"}],"wp:attachment":[{"href":"https:\/\/arbark.se\/sv\/wp-json\/wp\/v2\/media?parent=33"}],"curies":[{"name":"wp","href":"https:\/\/api.w.org\/{rel}","templated":true}]}}