{"id":3661,"date":"2012-08-31T08:25:08","date_gmt":"2012-08-31T06:25:08","guid":{"rendered":"https:\/\/arbark.se\/?page_id=3661"},"modified":"2026-04-02T11:01:59","modified_gmt":"2026-04-02T09:01:59","slug":"kontakt","status":"publish","type":"page","link":"https:\/\/arbark.se\/sv\/kontakt\/","title":{"rendered":"Kontakt"},"content":{"rendered":"<p><strong>Vi bemannar telefonen f\u00f6r forskarrelaterade fr\u00e5gor om arkiv- eller biblioteksmaterial under specifika tider. St\u00f6rre fr\u00e5gor \u00e4r l\u00e4ttare att f\u00e5 svar p\u00e5 via mail, d\u00e5 vi har m\u00f6jlighet att vidarebefordra material och l\u00e4nkar. <\/strong><\/p>\n<div style=\"width: 48%; float: left;\">\n<h3>Forskarexpedition<\/h3>\n<p><strong>Alla fr\u00e5gor om best\u00e4llningar och vad vi har i v\u00e5ra samlingar <\/strong><\/p>\n<p><strong>E-post:<\/strong> <a href=\"mailto:forskarexpedition@arbark.se\">forskarexpedition[a]arbark.se<\/a><br><strong>Telefon:<\/strong> 08 &#8211; 412 39 29<\/p>\n<p>Fr\u00e5gor besvaras via mail och telefon, tisdag-torsdag, 10-17:00.&nbsp;<\/p>\n<\/div>\n<div style=\"width: 48%; float: right;\">\n<h3>Administration och arkivleveranser<\/h3>\n<h4>Fastighetsfr\u00e5gor och administration<\/h4>\n<strong>E-post:<\/strong> <a href=\"mailto:info@arbark.se\">info[a]arbark.se<\/a><br><strong>Telefon: <\/strong>+46 (0)8 &#8211; 412 39 00<br>\n<p>Fr\u00e5gor besvaras via mail och telefon, m\u00e5ndag-torsdag 10-17:00, fredagar 10-16:00.<\/p>\n<h4>Fr\u00e5gor r\u00f6rande leveranser till arkiv och bibliotek<\/h4>\n<p>Mejla f\u00f6r att f\u00e5 hj\u00e4lp med leveranser av arkivmaterial. Ange i mejlet om du \u00f6nskar bli uppringd.<\/p>\n<p><strong>E-post:<\/strong> <a href=\"mailto:leveranser@arbark.se\">leveranser[a]arbark.se<\/a><\/p>\n<p>Se \u00e4ven<a href=\"https:\/\/arbark.se\/sv\/lamna\/\"> v\u00e5r information om hur du levererar<\/a>.&nbsp;<\/p>\n<\/div>\n<p><br clear=\"all\"><br><\/p>\n<div style=\"width: 100%;\">\n<div style=\"width: 48%; float: left;\">\n<h3>Post- och bes\u00f6ksadress<\/h3>\n<p>Arbetarr\u00f6relsens arkiv och bibliotek<br>Elektronv\u00e4gen 2<\/p>\n<p>141 49 HUDDINGE<\/p>\n<p><a title=\"Bes\u00f6k oss\" href=\"https:\/\/arbark.se\/sv\/kontakt\/besok-oss\/\">Information om hur du bes\u00f6ker oss.<\/a><\/p>\n<p><strong>Institutionschef:<\/strong> Joakim Johansson <a class=\"phone\" href=\"tel:+4677613901\">070 &#8211; 761 39 01<\/a><\/p>\n<br>\n<p><strong>Arbetarhistoria: <\/strong> <a title=\"Arbetarhistoria\" href=\"http:\/\/www.arbetarhistoria.se\">www.arbetarhistoria.se<\/a><\/p>\n<p><strong>Email: <\/strong><a href=\"mailto:arbetarhistoria@arbark.se\">arbetarhistoria[a]arbark.se<\/a><\/p>\n<\/div>\n<div style=\"width: 48%; float: right;\">\n<h3>Fakturor<\/h3>\n<p>Arbetarr\u00f6relsens arkiv och bibliotek<br>FackID 0273<br>Box 3037<br>831 03 \u00d6stersund<\/p>\n<p><strong>E-mail f\u00f6r digital faktura: <\/strong><a href=\"mailto:273@faktura.scancloud.se\">273[a]faktura.scancloud.se<\/a><\/p>\n<p><strong>Skriv i \u00e4mnesraden:<\/strong> FackID 273 ARAB<\/p>\n<p><strong>Organisationsnummer:<\/strong> 802410-8881<br><strong>Plusgironummer: <\/strong>55 75 94-9<br><strong>S.W.I.F.T:<\/strong> NDEASESS<br><strong>IBAN:<\/strong> SE83 9500 0099 6026 0557 5949<\/p>\n<p>&nbsp;<strong>VAT nr: <\/strong>SE802410888101<\/p>\n<\/div>\n<hr style=\"clear: both;\"><\/div>\n\n\n<h3 class=\"wp-block-heading\">Medarbetare<\/h3>\n\n\n\n<p>Skriv e-postadresser enligt f\u00f6ljande modell: <strong>fornamn.efternamn@arbark.se<\/strong><\/p>\n\n\n\n<div class=\"wp-block-group\"><div class=\"wp-block-group__inner-container is-layout-constrained wp-block-group-is-layout-constrained\">\n<div class=\"wp-block-columns is-layout-flex wp-container-core-columns-is-layout-9d6595d7 wp-block-columns-is-layout-flex\">\n<div class=\"wp-block-column is-layout-flow wp-block-column-is-layout-flow\" style=\"flex-basis:100%\">\n<figure class=\"wp-block-table is-style-stripes\"><table><tbody><tr><td><strong>Personal<\/strong><\/td><td><strong>Telefon<\/strong><\/td><td><strong>Mail<\/strong><\/td><td><strong>Funktion<\/strong><\/td><\/tr><tr><td>Erik Andersson<\/td><td>070-761 39 24<\/td><td>erik.andersson[a]arbark.se<\/td><td>Arkivarie<\/td><\/tr><tr><td>Catalina Benavente<\/td><td>070-761 39 34<\/td><td>catalina.benavente[a]arbark.se<\/td><td>Arkivarie<\/td><\/tr><tr><td>Erik Bohman<\/td><td>070-761 39 09<\/td><td>erik.bohman[a]arbark.se<\/td><td>Arkivarie, ansvarig f\u00f6r leveranser\/accessioner<\/td><\/tr><tr><td>Jenny Edlund<\/td><td>070-761 39 17<\/td><td>jenny.edlund[a]arbark.se<\/td><td>Kommunikat\u00f6r\/Bibliotekarie<\/td><\/tr><tr><td>Lars Gogman<\/td><td>070-761 39 26<\/td><td>lars.gogman[a]arbark.se<\/td><td>Arkivarie<\/td><\/tr><tr><td>Joakim Johansson<\/td><td>070-761 39 01<\/td><td>joakim.johansson[a]arbark.se<\/td><td>Institutionschef<\/td><\/tr><tr><td>Sara Falk<\/td><td>070-761 39 22<\/td><td>sara.falk[a]arbark.se<\/td><td>Arkivarie<\/td><\/tr><tr><td>Nina Lagerstedt (tj)<\/td><td>070-761 39 03<\/td><td>nina.lagerstedt[a]arbark.se<\/td><td>Bibliotekarie<\/td><\/tr><tr><td>Wilma M\u00e5nsson<\/td><td>070-761 39 04<\/td><td>wilma.mansson[a]arbark.se<\/td><td>Arkivarie<\/td><\/tr><tr><td>Silke Neunsinger<\/td><td>070-761 39 27<\/td><td>silke.neunsinger[a]arbark.se<\/td><td>Forskningsledare, redakt\u00f6r f\u00f6r Arbetarhistoria<\/td><\/tr><tr><td>Katri Nordgren<\/td><td>070-761 39 23<\/td><td>katri.nordgren[a]arbark.se<\/td><td>Administrat\u00f6r<\/td><\/tr><tr><tr><td>G\u00f6ran Salmonsson<\/td><td>070-761 39 13<\/td><td>goran.salmonsson[a]arbark.se<\/td><td>Arkivassistent<\/td><\/tr><tr><td>Sabine Sj\u00f6berg<\/td><td>070-761 39 33<\/td><td>sabine.sjoberg[a]arbark.se<\/td><td>Biblioteksassistent<\/td><\/tr><tr><td>Jonas S\u00f6derqvist<\/td><td>070-761 39 21<\/td><td>jonas.soderqvist[a]arbark.se<\/td><td>Bitr. forskningsledare<\/td><\/tr><tr><td>Andrej Wolkonski<\/td><td>070-761 39 11<\/td><td>andrej.wolkonski[a]arbark.se<\/td><td>Vaktm\u00e4stare<\/td><\/tr><tr><td>Cajsa Zetterlund<\/td><td>070-761 39 10<\/td><td>cajsa.zetterlund[a]arbark.se<\/td><td>Arkivare<\/td><\/tr><\/tbody><\/table><\/figure>\n<\/div>\n<\/div>\n<\/div><\/div>\n","protected":false},"excerpt":{"rendered":"<p>Vi bemannar telefonen f\u00f6r forskarrelaterade fr\u00e5gor om arkiv- eller biblioteksmaterial under specifika tider. St\u00f6rre fr\u00e5gor \u00e4r l\u00e4ttare att f\u00e5 svar p\u00e5 via mail, d\u00e5 vi har m\u00f6jlighet att vidarebefordra material [&hellip;]<\/p>\n","protected":false},"author":27,"featured_media":0,"parent":0,"menu_order":3,"comment_status":"closed","ping_status":"closed","template":"","meta":{"ngg_post_thumbnail":0,"footnotes":""},"class_list":["post-3661","page","type-page","status-publish","czr-hentry"],"_links":{"self":[{"href":"https:\/\/arbark.se\/sv\/wp-json\/wp\/v2\/pages\/3661","targetHints":{"allow":["GET"]}}],"collection":[{"href":"https:\/\/arbark.se\/sv\/wp-json\/wp\/v2\/pages"}],"about":[{"href":"https:\/\/arbark.se\/sv\/wp-json\/wp\/v2\/types\/page"}],"author":[{"embeddable":true,"href":"https:\/\/arbark.se\/sv\/wp-json\/wp\/v2\/users\/27"}],"replies":[{"embeddable":true,"href":"https:\/\/arbark.se\/sv\/wp-json\/wp\/v2\/comments?post=3661"}],"version-history":[{"count":191,"href":"https:\/\/arbark.se\/sv\/wp-json\/wp\/v2\/pages\/3661\/revisions"}],"predecessor-version":[{"id":22031,"href":"https:\/\/arbark.se\/sv\/wp-json\/wp\/v2\/pages\/3661\/revisions\/22031"}],"wp:attachment":[{"href":"https:\/\/arbark.se\/sv\/wp-json\/wp\/v2\/media?parent=3661"}],"curies":[{"name":"wp","href":"https:\/\/api.w.org\/{rel}","templated":true}]}}