{"id":419,"date":"2009-11-11T11:54:02","date_gmt":"2009-11-11T10:54:02","guid":{"rendered":"https:\/\/arbark.se\/?page_id=419"},"modified":"2025-06-09T09:38:29","modified_gmt":"2025-06-09T07:38:29","slug":"projekt","status":"publish","type":"page","link":"https:\/\/arbark.se\/sv\/forskning\/projekt\/","title":{"rendered":"Projekt"},"content":{"rendered":"<h3>P\u00e5g\u00e5ende projekt<\/h3>\n<h4><a href=\"https:\/\/arbark.se\/sv\/forskning\/projekt\/labours-memory-arbetarrorelsens-minne\/\" target=\"_blank\" rel=\"noopener noreferrer\">Labours Memory &#8211;&nbsp; Arbetarr\u00f6relsens minne<\/a><\/h4>\n<p>Projektet <em>Labour\u2019s Memory<\/em> ska i stor skala tillg\u00e4ngligg\u00f6ra material fr\u00e5n fackliga organisationer i LO-sf\u00e4ren fr\u00e5n 1880-talet fram till idag. Projektgruppen ska digitalisera verksamhetsber\u00e4ttelser och \u00e5rsredovisningar fr\u00e5n lokala, regionala (Uppland), nationella (Sverige) och internationella fackliga organisationer. Det digitaliserade materialet ska d\u00e4refter g\u00f6ras s\u00f6kbart genom indexering och datorlingvistiska s\u00f6kmetoder. M\u00e5let \u00e4r att det ska g\u00e5 att hitta alla f\u00f6rekomster av ett ord oavsett b\u00f6jningsform och stavning. Materialet omfattar allt fr\u00e5n handskrivna, maskinskrivna och tryckta till digitala verksamhetsber\u00e4ttelser och \u00e5rsrapporter.<\/p>\n<p>Projektet finansieras av Riksbankens Jubileumsfond under en tre\u00e5rsperiod, med start 2021.<\/p>\n<hr>\n<h3>Avslutade projekt<\/h3>\n<h4><a href=\"https:\/\/arbark.se\/sv\/forskning\/projekt\/long-term-perspectives-on-home-based-work\/\">Long-term perspective on home-based work<\/a><\/h4>\n<p>A collaboration and conference was organized by the Swedish Labour Movement&#8217;s Archive and Library in cooperation with the <a href=\"http:\/\/www.cwds.ac.in\/\">Centre for Women\u2019s Development Studies in Delhi<\/a> and the <a href=\"http:\/\/www.wiego.org\/\">WIEGO (Women in Informal Employment: Globalizing and Organizing) Network.<\/a> We invited abstracts for papers (or other forms of presentations) discussing home-based work. In 2021 the edited material will be published by Brill.<\/p>\n<h4><a href=\"https:\/\/arbark.se\/sv\/forskning\/projekt\/nar-viruset-kom-till-jobbet-berattelser-om-covid-19\/\">N\u00e4r viruset kom till jobbet<\/a><\/h4>\n<p>Arbetarr\u00f6relsens arkiv och bibliotek samlade in ber\u00e4ttelser om hur covid-19-pandemin har p\u00e5verkat arbetsvillkor och arbetsmilj\u00f6. Vi bj\u00f6d in personer som \u00e4r eller har varit medlem i ett LO-f\u00f6rbund under pandemin att att ber\u00e4tta med egna ord via ett webbformul\u00e4r. Detta \u00e4r viktig information f\u00f6r framtida historieskrivning om hur arbetslivet s\u00e5g ut under pandemin. Insamlingen p\u00e5gick under perioden oktober 2020-30 september 2021, med f\u00f6rl\u00e4ngning till mars 2022.&nbsp;<\/p>\n<h4>Ett aktivt civilsamh\u00e4lle? Statens relation till civilsamh\u00e4llet i Indien och Etiopien<\/h4>\n<p>Projektet p\u00e5gick mellan 2020-2023 och utforskade hur olika niv\u00e5er\/skalor av auktorit\u00e4rt och demokratiskt styre formar m\u00f6jligheter till medborgerligt agerande genom djupg\u00e5ende fallstudier av stat- och arbetsrelationer i tv\u00e5 l\u00e4nder, ett formellt kvalificerat som demokratiskt, Indien, och ett som auktorit\u00e4rt, Etiopien. Med f\u00f6rhandlingar om minimil\u00f6ner som en ing\u00e5ngspunkt analyserade projektet n\u00e4r och hur fackf\u00f6reningar har kunnat s\u00e4tta arbetskraftskrav p\u00e5 den politiska dagordningen och n\u00e4r och i vilken utstr\u00e4ckning arbetskraftskrav har lagstiftats om och f\u00f6ljts. L\u00e4s mer p\u00e5 <a href=\"https:\/\/www.uu.se\/forskning\/projekt\/valt-projekt\/?researchId=2019-03564_VR\">Uppsala universitets webbsida<\/a>.&nbsp;<\/p>\n<h4><a href=\"https:\/\/arbark.se\/sv\/forskning\/projekt\/residensprogram-konstframjandet-stockholm\/\">Residensprogram med Konstfr\u00e4mjandet Stockholm<\/a><\/h4>\n<p>Konstfr\u00e4mjandet Stockholm tillsammans med Arbetarr\u00f6relsens arkiv och bibliotek (ARAB) har startat Sveriges f\u00f6rsta residensprogram f\u00f6r bildkonstn\u00e4rer inom biblioteks- och arkivverksamhet. Inom konsten finns ett stort intresse f\u00f6r att utforska och granska v\u00e5r gemensamma historieskrivning. I Sverige har konstn\u00e4rer under de senaste decennierna \u00e4gnat s\u00e4rskilt intresse \u00e5t arbetarr\u00f6relsens historia. S\u00e5v\u00e4l tidigare \u00e5rhundradens vunna segrar som f\u00f6rlorade kamper har kritiskt granskats och synliggjorts. Projektet \u00e4r finansierad av Kulturr\u00e5det och startade i pilotform 2019.<\/p>\n<h4 class=\"entry-title \"><a href=\"https:\/\/www.allmanrostratt.se\/\">Allm\u00e4n r\u00f6str\u00e4tt? R\u00f6str\u00e4ttens begr\u00e4nsningar i Sverige efter 1921<\/a><\/h4>\n<p><strong>Projektet best\u00e5r av sex delstudier,<\/strong> d\u00e4r en utg\u00f6r en kvantitativ analys av samtliga r\u00f6str\u00e4ttsbegr\u00e4nsningar, medan \u00f6vriga fem koncentreras till kvalitativa studier av en eller flera r\u00f6str\u00e4ttsbegr\u00e4nsningar: \u00c5lder, nationellt medborgarskap, konkurs, fattigv\u00e5rd, skatteskulder, straffp\u00e5f\u00f6ljd, omyndighetsf\u00f6rklaring respektive administrativa r\u00f6str\u00e4ttshinder f\u00f6r nomadiserande grupper.<\/p>\n<p>Projektet p\u00e5g\u00e5r 2018-2021. Det leds av ekonomhistoriker Fia Sundevall vid Arbetarr\u00f6relsens arkiv och bibliotek. \u00d6vriga medverkande: Annika Berg, id\u00e9historiker vid Stockholms universitet; Martin Ericsson, historiker vid Lunds universitet; Mattias Lindgren, ekonomihistoriker vid Stockholms universitet, Julia Nordblad, id\u00e9historiker vid Uppsala Universitet, samt Jonathan Josefson och Bengt Sandin, vid Tema Barn, Link\u00f6pings universitet. Finansi\u00e4r \u00e4r Vetenskapsr\u00e5det.<\/p>\n<h4>Facket, kvinnan och v\u00e4rlden &#8211; Feminism in international labour organizations<\/h4>\n<p>Den 18 juni 2013 p\u00e5gick workshopen Feminism in international labour organizations i v\u00e5ra lokaler. N\u00e5gra av v\u00e4rldens ledande genus- och j\u00e4mst\u00e4lldhetsforskare, som Yevette Richards Jordan, Dorothy Sue Cobble och Suzanne Margaret Fanow, deltog.<\/p>\n<p>Kvinnorna i de f\u00f6rsta kvinnliga internationella fackliga konferenserna, runt 1919, d\u00e4r ocks\u00e5 flera svenskor var med, trodde starkt p\u00e5 att de hade skapat en ny plattform f\u00f6r kvinnor och systerskap. Det kvinnliga perspektivet har alltid varit en del av arbetarr\u00f6relsen, men kvinnan har f\u00e5tt k\u00e4mpa f\u00f6r att f\u00e5 plats. Deltagarna talade om kampen f\u00f6r lika r\u00e4ttigheter p\u00e5 arbetet, i samh\u00e4llet och i hemmet, s\u00e5v\u00e4l ekonomiskt som juridiskt. P\u00e5 <a href=\"http:\/\/www.ur.se\/Produkter\/177955-UR-Samtiden-Facket-kvinnan-och-varlden-Inledning\">UR Samtidens webbsida<\/a> finns samtliga inspelningar fr\u00e5n workshopens olika delar.<\/p>\n<h4><a href=\"https:\/\/arbark.se\/forskning\/projekt\/mind-the-gap-an-entangled-history-of-economic-citizenship-and-the-demand-for-equal-pay-1945-2000\">Mind the gap! An entangled history of economic citizenship and the demand for equal pay 1945-2000<\/a><\/h4>\n<p>Focuses on the importance of international and transnational entanglements for the development of economic citizenship, i.e. national and international unions&#8217; demands for equal pay between 1945-2000. [&#8230;] We use the hermeneutical approach of Histoire crois\u00e9e, which contains both elements of comparative analysis and transfer analysis and focuses on the assimilation and adaptation of entanglements, but does not neglect the fractions and differences between different levels.<\/p>\n<h4>Researching the history of the informal sector \u2013 methodological challenges and opportunities<\/h4>\n<p>ARAB organized a <a href=\"https:\/\/arbark.se\/2015\/05\/workshop-researching-the-history-of-the-informal-sector\/\">workshop on research on the informal labor market that took place on the 9-10th of June 2015<\/a> with financial support by Riksbankens Jubileumsfond (RJ)<\/p>\n<h4>Towards a global history of consumer co-operation<\/h4>\n<p>This project will establish a global network of scholars with the aim of producing a global history of the consumer co-operative movement. This will take the form of a book. Combined with statistical information and bibliographies, the anthology is intended above all to create a resource for future studies on the co-operative movement, and will be of interest not only to historians of social movements and consumption, but also to co-operative activists.<\/p>\n<h4><a href=\"https:\/\/arbark.se\/publikationer\/worlds-of-women\/\">Worlds of Women &#8211; International Material in ARAB&#8217;s Collections<\/a><\/h4>\n<p>A project that aims to inspire researchers, both academics and those actively interested in researching working women&#8217;s history, to look beyond national borders. This is an overview of available sources at the Labour Movement Archives and Library (ARAB) in form of essays and inventories.<\/p>\n<p>The project was organized through financial support by Riksbankens Jubileumsfond (RJ).<\/p>\n","protected":false},"excerpt":{"rendered":"<p>P\u00e5g\u00e5ende projekt Labours Memory &#8211;&nbsp; Arbetarr\u00f6relsens minne Projektet Labour\u2019s Memory ska i stor skala tillg\u00e4ngligg\u00f6ra material fr\u00e5n fackliga organisationer i LO-sf\u00e4ren fr\u00e5n 1880-talet fram till idag. Projektgruppen ska digitalisera verksamhetsber\u00e4ttelser [&hellip;]<\/p>\n","protected":false},"author":1,"featured_media":0,"parent":26,"menu_order":0,"comment_status":"closed","ping_status":"closed","template":"","meta":{"ngg_post_thumbnail":0,"footnotes":""},"class_list":["post-419","page","type-page","status-publish","czr-hentry"],"_links":{"self":[{"href":"https:\/\/arbark.se\/sv\/wp-json\/wp\/v2\/pages\/419","targetHints":{"allow":["GET"]}}],"collection":[{"href":"https:\/\/arbark.se\/sv\/wp-json\/wp\/v2\/pages"}],"about":[{"href":"https:\/\/arbark.se\/sv\/wp-json\/wp\/v2\/types\/page"}],"author":[{"embeddable":true,"href":"https:\/\/arbark.se\/sv\/wp-json\/wp\/v2\/users\/1"}],"replies":[{"embeddable":true,"href":"https:\/\/arbark.se\/sv\/wp-json\/wp\/v2\/comments?post=419"}],"version-history":[{"count":39,"href":"https:\/\/arbark.se\/sv\/wp-json\/wp\/v2\/pages\/419\/revisions"}],"predecessor-version":[{"id":20905,"href":"https:\/\/arbark.se\/sv\/wp-json\/wp\/v2\/pages\/419\/revisions\/20905"}],"up":[{"embeddable":true,"href":"https:\/\/arbark.se\/sv\/wp-json\/wp\/v2\/pages\/26"}],"wp:attachment":[{"href":"https:\/\/arbark.se\/sv\/wp-json\/wp\/v2\/media?parent=419"}],"curies":[{"name":"wp","href":"https:\/\/api.w.org\/{rel}","templated":true}]}}