{"id":53,"date":"2009-01-07T10:42:07","date_gmt":"2009-01-07T09:42:07","guid":{"rendered":"https:\/\/arbark.se\/?page_id=53"},"modified":"2020-06-05T16:53:16","modified_gmt":"2020-06-05T14:53:16","slug":"berattelser-redovisningar","status":"publish","type":"page","link":"https:\/\/arbark.se\/sv\/om\/berattelser-redovisningar\/","title":{"rendered":"\u00c5rsber\u00e4ttelser och redovisningar"},"content":{"rendered":"<p><strong>Genom att l\u00e4sa v\u00e5ra \u00e5rsber\u00e4ttelser och \u00e5rsredovisningar kan du f\u00e5 en inblick i Arbetarr\u00f6relsens arkiv och biblioteks verksamhet.<\/strong><\/p>\n<p>Att l\u00e4sa Arbetarr\u00f6relsens arkiv och biblioteks verksamhetsber\u00e4ttelse och \u00e5rsredovisning \u00e4r ett utm\u00e4rkt s\u00e4tt att ta reda p\u00e5 mer om v\u00e5r verksamhet. Vi ber\u00e4ttar om arbetet som medarbetarna p\u00e5 institutionen utf\u00f6r och om st\u00f6rre h\u00e4ndelser som p\u00e5verkar verksamheten. H\u00e4r finns \u00e4ven statistik \u00f6ver accessioner, arkivbest\u00e4llningar, bokl\u00e5n, antal bes\u00f6kare p\u00e5 webb och sociala medier med mera.<\/p>\n<p>P\u00e5 l\u00e4nkarna nedan hittar du institutionens verksamhetsber\u00e4ttelser och \u00e5rsredovisningar. Saknar du n\u00e5got material eller har fr\u00e5gor, ta kontakt med oss.<\/p>\n<h4>\u00c5rsber\u00e4ttelse<\/h4>\n<ul>\n<li><strong>2019:<\/strong> <a href=\"_wp_link_placeholder\" data-wplink-edit=\"true\">Verksamhetsber\u00e4ttelse<\/a><\/li>\n<li><strong>2018:<\/strong> <a href=\"https:\/\/arbark.se\/wp-content\/uploads\/2020\/05\/vb-2018.pdf\">Verksamhetsber\u00e4ttelse<\/a><\/li>\n<li><strong>2017:<\/strong> <a href=\"https:\/\/arbark.se\/wp-content\/uploads\/2020\/05\/Verksamhetsberattelse-2017.pdf\">Verksamhetsber\u00e4ttelse<\/a><\/li>\n<\/ul>\n<h4>\u00c5rsredovisning<\/h4>\n<ul>\n<li><strong>2019:<\/strong> <a href=\"https:\/\/arbark.se\/wp-content\/uploads\/2020\/05\/ARAB-arsredovisning-2019.pdf\">\u00c5rsredovisning<\/a><\/li>\n<\/ul>\n\n\n<p><\/p>\n","protected":false},"excerpt":{"rendered":"<p>Genom att l\u00e4sa v\u00e5ra \u00e5rsber\u00e4ttelser och \u00e5rsredovisningar kan du f\u00e5 en inblick i Arbetarr\u00f6relsens arkiv och biblioteks verksamhet. Att l\u00e4sa Arbetarr\u00f6relsens arkiv och biblioteks verksamhetsber\u00e4ttelse och \u00e5rsredovisning \u00e4r ett utm\u00e4rkt [&hellip;]<\/p>\n","protected":false},"author":1,"featured_media":0,"parent":2,"menu_order":0,"comment_status":"closed","ping_status":"closed","template":"","meta":{"ngg_post_thumbnail":0,"footnotes":""},"class_list":["post-53","page","type-page","status-publish","czr-hentry"],"_links":{"self":[{"href":"https:\/\/arbark.se\/sv\/wp-json\/wp\/v2\/pages\/53","targetHints":{"allow":["GET"]}}],"collection":[{"href":"https:\/\/arbark.se\/sv\/wp-json\/wp\/v2\/pages"}],"about":[{"href":"https:\/\/arbark.se\/sv\/wp-json\/wp\/v2\/types\/page"}],"author":[{"embeddable":true,"href":"https:\/\/arbark.se\/sv\/wp-json\/wp\/v2\/users\/1"}],"replies":[{"embeddable":true,"href":"https:\/\/arbark.se\/sv\/wp-json\/wp\/v2\/comments?post=53"}],"version-history":[{"count":14,"href":"https:\/\/arbark.se\/sv\/wp-json\/wp\/v2\/pages\/53\/revisions"}],"predecessor-version":[{"id":15129,"href":"https:\/\/arbark.se\/sv\/wp-json\/wp\/v2\/pages\/53\/revisions\/15129"}],"up":[{"embeddable":true,"href":"https:\/\/arbark.se\/sv\/wp-json\/wp\/v2\/pages\/2"}],"wp:attachment":[{"href":"https:\/\/arbark.se\/sv\/wp-json\/wp\/v2\/media?parent=53"}],"curies":[{"name":"wp","href":"https:\/\/api.w.org\/{rel}","templated":true}]}}