{"id":55,"date":"2009-01-07T10:44:48","date_gmt":"2009-01-07T09:44:48","guid":{"rendered":"https:\/\/arbark.se\/?page_id=55"},"modified":"2026-04-15T09:58:30","modified_gmt":"2026-04-15T07:58:30","slug":"stodforeningen","status":"publish","type":"page","link":"https:\/\/arbark.se\/sv\/om\/stodforeningen\/","title":{"rendered":"St\u00f6df\u00f6reningen"},"content":{"rendered":"<p><strong>St\u00f6df\u00f6reningen f\u00f6r Arbetarr\u00f6relsens arkiv och bibliotek har som uppgift att st\u00f6dja institutionens verksamhet ekonomiskt, skapa ett \u00f6kat intresse f\u00f6r arkivfr\u00e5gor i organisationerna samt v\u00e4rva nya medlemmar till f\u00f6reningen, i synnerhet bland de organisationer som l\u00e4mnar sina arkiv till oss. F\u00f6reningen har funnits sedan 1970-talet. <br><\/strong><\/p>\n<p>Vi gl\u00e4der oss \u00e5t att St\u00f6df\u00f6reningen finns, dels f\u00f6rst\u00e5s f\u00f6r det ekonomiska bidraget men dels ocks\u00e5 f\u00f6r att den \u00e4r en bra utg\u00e5ngspunkt f\u00f6r att sprida k\u00e4nnedom om arkivfr\u00e5gor samt \u00f6ka medvetenheten om och intresset f\u00f6r dessa.<\/p>\n<p>Tidigare har enbart organisationer kunnat bli medlemmar men vid st\u00f6df\u00f6reningens \u00e5rsm\u00f6te 2019 beslutades att \u00e4ven privatpersoner ska kunna bli medlemmar. Medlemsavgiften f\u00f6r privatpersoner \u00e4r 350 kronor.&nbsp;<\/p>\n<p>St\u00f6df\u00f6reningen \u00e4r allts\u00e5 b\u00e5de en av v\u00e5ra betydelsefulla kommunikationskanaler till organisationsv\u00e4rlden och ett av v\u00e5ra fr\u00e4msta \u201dskyltf\u00f6nster\u201d i denna. I samband med \u00e5rsm\u00f6tet i februari samlas organisationernas ombud och andra arkivintresserade till ett seminarium kring n\u00e5gon aktuell arkivfr\u00e5ga. D\u00e4rut\u00f6ver h\u00e5ller vi n\u00e5gon enstaka tr\u00e4ff om \u00e5ret f\u00f6r ett n\u00e4tverk som best\u00e5r av organisationernas arkivredog\u00f6rare.<\/p>\n<p>\u00d6nskar din f\u00f6rening eller organisation vara med i st\u00f6df\u00f6reningen? Kontakta st\u00f6df\u00f6reningen, <a href=\"mailto:arabstodforening@gmail.com\">arabstodforening[a]gmail.com<\/a>&nbsp;<\/p>\n<p><img decoding=\"async\" class=\"noframes\" src=\"https:\/\/arbark.se\/images\/pdf.gif\" alt=\"\">&nbsp;<a title=\"St\u00f6df\u00f6reningens stadgar (2019)\" href=\"https:\/\/arbark.se\/wp-content\/dokument\/2025\/08\/stadgar-stodforening-arab-2022.pdf\">St\u00f6df\u00f6reningens stadgar (2022)<\/a><\/p>\n<h4>Nuvarande styrelse (2026-)<\/h4>\n<ul>\n<li>Peggy J\u00f6nsson, ABF, Ordf\u00f6rande<\/li>\n<li>Malin Hammarstr\u00f6m, LO, Kass\u00f6r<\/li>\n<li>Hans Palmqvist, IF Metall<\/li>\n<li>Patrik Roselin, LO<\/li>\n<li>Maria Lefoy, Transport<\/li>\n<li>Richard Brennius, SEKO<\/li>\n<li>Daniel Roxstr\u00f6m, Socialdemokraterna i Stockholms l\u00e4n<\/li>\n<li>Marie Blomberg, HRF<\/li>\n<li>Lotta Lunden, Kommunal<\/li>\n<li>Joakim Johansson, ARAB<\/li>\n<\/ul>\n<h4>I St\u00f6df\u00f6reningen ing\u00e5r:<\/h4>\n<ul>\n<li>Byggnads<\/li>\n<li>Elektrikerna<\/li>\n<li>Fastighets<\/li>\n<li>GS-facken<\/li>\n<li>Handels<\/li>\n<li>Hotell- &amp; Restaurang<\/li>\n<li>IF Metall<\/li>\n<li>Kommunal<\/li>\n<li>Livs<\/li>\n<li>Musikerna<\/li>\n<li>Pappers<\/li>\n<li>Seko<\/li>\n<li>Transport<\/li>\n<li>LO<\/li>\n<li>ABF<\/li>\n<li>Folksam SAK<\/li>\n<li>Hyresg\u00e4stf\u00f6reningen<\/li>\n<li>LO-TCO R\u00e4ttskydd<\/li>\n<li>PRO<\/li>\n<li>RFSU<\/li>\n<li>SSU<\/li>\n<li>V\u00e4nsterpartiet<\/li>\n<li>Stockholms Arbetarekommun<\/li>\n<li>Folkets hus &amp; Parker<\/li>\n<li>Socialdemokraterna i Stockholms l\u00e4n<\/li>\n<li>S-kvinnor<\/li>\n<li>Unga \u00d6rnar<\/li>\n<li>Nordiska Folkh\u00f6gskolan i Geneve<\/li>\n<li>Transport avd 46<\/li>\n<li>Bokbindareges\u00e4llskapet<\/li>\n<li>Folket i Bild kulturfront<\/li>\n<li>Kvinnor f\u00f6r fred<\/li>\n<li>Socialdemokraterna i Haninge<\/li>\n<li>\u00d6stre\u00e5ker arbetarekommun<\/li>\n<li>Ung V\u00e4nster<\/li>\n<li>V\u00e4nsterpartiet Storstockholm<\/li>\n<li>Seko Stockholm<\/li>\n<li>Seko Lokf\u00f6rarna SJ Stockholm Hagalund<\/li>\n<\/ul>\n<p>&nbsp;<\/p>\n<p>Styrelsen f\u00f6r ARAB:s st\u00f6df\u00f6rening best\u00e5r av representanter fr\u00e5n ovann\u00e4mnda organisationer:<\/p>\n<p>Ordinarie:<\/p>\n<ul>\n<li>Annika \u00d6debrink, ombudsman, Seko (ordf\u00f6rande)<\/li>\n<\/ul>\n<ul>\n<li>Peggy J\u00f6nsson, ABF (sekreterare)<\/li>\n<\/ul>\n\n\n<p><\/p>\n","protected":false},"excerpt":{"rendered":"<p>St\u00f6df\u00f6reningen f\u00f6r Arbetarr\u00f6relsens arkiv och bibliotek har som uppgift att st\u00f6dja institutionens verksamhet ekonomiskt, skapa ett \u00f6kat intresse f\u00f6r arkivfr\u00e5gor i organisationerna samt v\u00e4rva nya medlemmar till f\u00f6reningen, i synnerhet [&hellip;]<\/p>\n","protected":false},"author":1,"featured_media":0,"parent":2,"menu_order":0,"comment_status":"closed","ping_status":"closed","template":"","meta":{"ngg_post_thumbnail":0,"footnotes":""},"class_list":["post-55","page","type-page","status-publish","czr-hentry"],"_links":{"self":[{"href":"https:\/\/arbark.se\/sv\/wp-json\/wp\/v2\/pages\/55","targetHints":{"allow":["GET"]}}],"collection":[{"href":"https:\/\/arbark.se\/sv\/wp-json\/wp\/v2\/pages"}],"about":[{"href":"https:\/\/arbark.se\/sv\/wp-json\/wp\/v2\/types\/page"}],"author":[{"embeddable":true,"href":"https:\/\/arbark.se\/sv\/wp-json\/wp\/v2\/users\/1"}],"replies":[{"embeddable":true,"href":"https:\/\/arbark.se\/sv\/wp-json\/wp\/v2\/comments?post=55"}],"version-history":[{"count":23,"href":"https:\/\/arbark.se\/sv\/wp-json\/wp\/v2\/pages\/55\/revisions"}],"predecessor-version":[{"id":22042,"href":"https:\/\/arbark.se\/sv\/wp-json\/wp\/v2\/pages\/55\/revisions\/22042"}],"up":[{"embeddable":true,"href":"https:\/\/arbark.se\/sv\/wp-json\/wp\/v2\/pages\/2"}],"wp:attachment":[{"href":"https:\/\/arbark.se\/sv\/wp-json\/wp\/v2\/media?parent=55"}],"curies":[{"name":"wp","href":"https:\/\/api.w.org\/{rel}","templated":true}]}}