{"id":56,"date":"2009-01-07T10:45:26","date_gmt":"2009-01-07T09:45:26","guid":{"rendered":"https:\/\/arbark.se\/?page_id=56"},"modified":"2025-08-14T15:24:48","modified_gmt":"2025-08-14T13:24:48","slug":"var-historia","status":"publish","type":"page","link":"https:\/\/arbark.se\/sv\/om\/var-historia\/","title":{"rendered":"V\u00e5r historia"},"content":{"rendered":"<p><strong>Nedslag i v\u00e5r historia utifr\u00e5n viktigare \u00e5rtal, fr\u00e5n det att institutionen grundades fram till idag.<br \/>\n<\/strong><\/p>\n<p>Mer detaljerade beskrivningar av v\u00e5r historia hittar du i <em>Arbetarr\u00f6relsens arkiv tjugo \u00e5r <\/em>(1923), <em>H\u00e4vd och handling<\/em> (1952), <em>Arbetarhistoria<\/em> nr 63-65 (90 \u00e5r), <a href=\"https:\/\/arbark.se\/wp-content\/dokument\/2025\/08\/arabhist.pdf\"><em>Historia som uppdrag<\/em><\/a> (pdf) (100 \u00e5r).<\/p>\n<h3>1902<\/h3>\n<p><img decoding=\"async\" class=\"alignright alignnone\" style=\"float: right;\" src=\"https:\/\/arbark.se\/temp\/sthlms-arbetarbibliotek-skylt.jpg\" alt=\"Skylt: Stockholms Arbetarbibliotek\">Arbetarr\u00f6relsens arkiv och bibliotek grundas som en del av Stockholms Arbetarebibliotek (p\u00e5 en l\u00e4ktare) och \u00e4r det f\u00f6rsta arbetarr\u00f6relsearkivet i v\u00e4rlden. Arbetarr\u00f6relsens handlingar ska bevaras f\u00f6r framtiden och ett omfattande insamlingsarbete s\u00e4tts ig\u00e5ng. Initiativtagare \u00e4r Oscar Fredrik Borge (21\/1 1862 &#8211; 4\/1 1938), engagerad i arbetarr\u00f6relsen och arbetande p\u00e5 Stockholms Arbetarebibliotek &#8211; och samtidigt <a title=\"Oscar Borges doktorsavhandling i Libris\" href=\"http:\/\/libris.kb.se\/bib\/2191369\">fil dr i biologi med s\u00f6tvattensalger som specialitet<\/a>.<\/p>\n<p>&nbsp;<\/p>\n<h3>1903<\/h3>\n<p>Arkivet \u00f6ppnar officiellt f\u00f6r allm\u00e4nheten den 1 november och utg\u00f6rs av ett enda litet rum i arbetarebiblioteket i Folkets hus, Barnhusgatan 14, 1 tr. Oscar Borge anst\u00e4lls officiellt den 22 november.<\/p>\n<h3>1906<\/h3>\n<p>Arkivet \u00f6verg\u00e5r i LO:s och SAP:s gemensamma \u00e4go den 1 juli. Stadgarna godk\u00e4nns den 7 september och fastsl\u00e5r bland annat institutionens uppgift &#8221;&#8230; att samla och bevara alla trycksaker och skrifna handlingar, som p\u00e5 ett eller annat s\u00e4tt ber\u00f6ra den svenska arbetarr\u00f6relsen, s\u00e5v\u00e4l den fackliga som den politiska, \u00e4fvensom viktigare tryckalster, som ang\u00e5 den utl\u00e4ndska arbetarr\u00f6relsen&#8221;.<\/p>\n<p>Arkivarien som sk\u00f6ter arkivet &#8221;&#8230; \u00e4r skyldig h\u00e5lla detsamma \u00f6ppet f\u00f6r allm\u00e4nheten p\u00e5 d\u00e4rtill best\u00e4mda tider&#8221;.<\/p>\n<h3>1907<\/h3>\n<p>Fr\u00e5n och med 1 januari best\u00e5r utrymmena av tv\u00e5 rum i Folkets hus, Barnhusgatan 14, 4 tr.<img loading=\"lazy\" decoding=\"async\" class=\"alignright size-full wp-image-12230\" src=\"https:\/\/arbark.se\/wp-content\/uploads\/2009\/01\/arab-arkiv-branting.jpg\" alt=\"\" width=\"273\" height=\"828\" srcset=\"https:\/\/arbark.se\/wp-content\/dokument\/2009\/01\/arab-arkiv-branting.jpg 273w, https:\/\/arbark.se\/wp-content\/dokument\/2009\/01\/arab-arkiv-branting-99x300.jpg 99w\" sizes=\"auto, (max-width: 273px) 100vw, 273px\" \/><\/p>\n<h3>1919<\/h3>\n<p>Oscar Borge anst\u00e4lls p\u00e5 hel tj\u00e4nst.<\/p>\n<h3>1927<\/h3>\n<p>Oscar Borge, som hittills varit ensam anst\u00e4lld, f\u00e5r en medarbetare: Ivar Dahlberg (1\/12).<\/p>\n<h3>1930<\/h3>\n<p>Flytt till Upplandsgatan 2, d\u00e4r utrymmena best\u00e5r av tv\u00e5 rum p\u00e5 nedre botten och fem rum en trappa upp.<\/p>\n<h3>1938<\/h3>\n<p>Oscar Borge avlider 4 januari. Tage Lindbom tilltr\u00e4der som chef 4 november, 28 \u00e5r gammal och nybliven doktor i statskunskap med avhandlingen <em>Den svenska fackf\u00f6reningsr\u00f6relsens uppkomst och tidigare historia 1872-1900<\/em>.<\/p>\n<h3>1940<\/h3>\n<p>Flytt till nya och st\u00f6rre lokaler p\u00e5 Upplandsgatan 4. Fr\u00e5n denna tid v\u00e4xer ocks\u00e5 arbetarr\u00f6relse- och folkr\u00f6relsearkiv fram i andra delar av landet. Vi bidrar genom organisatoriska insatser till deras bildande. Idag f\u00f6rvarar vi endast undantagsvis lokalt material fr\u00e5n omr\u00e5den utanf\u00f6r Stockholm.<\/p>\n<h3>1965<\/h3>\n<p>\u00c5ke Wedin tilltr\u00e4der som ny chef 1 augusti.<\/p>\n<h3>1966<\/h3>\n<p>Vi omorganiseras och blir fr\u00e5n och med den 1 juli en stiftelse med staten j\u00e4mte LO och SAP som huvudm\u00e4n.<\/p>\n<h3>1967-1968<\/h3>\n<p>Folkr\u00f6relsearkiven sammansluts i Folkr\u00f6relsernas arkivf\u00f6rbund, vars sekretariat fram till september 2004 finns hos oss, och d\u00e4refter p\u00e5&nbsp;ArkivCentrum \u00d6rebro l\u00e4n.<\/p>\n<h3>1975<\/h3>\n<p>Lars Wessman tilltr\u00e4der som ny chef 1 december.<\/p>\n<h3>1977<\/h3>\n<p>Vi fyller 75 \u00e5r och flyttar in i nya lokaler p\u00e5 Upplandsgatan 5. Samma \u00e5r b\u00f6rjar tidskriften <em><a title=\"Tidskriftens webbplats\" href=\"http:\/\/www.arbetarhistoria.se\">Meddelande fr\u00e5n Arbetarr\u00f6relsens arkiv och bibliotek<\/a> (MARAB)<\/em> utkomma.<\/p>\n<h3>1980<\/h3>\n<p>Vi \u00e4r v\u00e4rdar f\u00f6r <a title=\"The International Association of Labour History Institutions (IALHI)\" href=\"http:\/\/www.ialhi.org\">IALHI<\/a>:s elfte \u00e5rskonferens, som dokumenteras i <em>Arbetarhistoria<\/em> nr 16.<\/p>\n<h3>1981<\/h3>\n<p>V\u00e5rt <a title=\"Forskningsr\u00e5det\" href=\"https:\/\/arbark.se\/forskning\/forskningsradet\/\">forskningsr\u00e5d<\/a> bildas.<\/p>\n<h3>1984<\/h3>\n<p>Tidskriften Meddelande fr\u00e5n Arbetarr\u00f6relsens arkiv och bibliotek byter namn till <em><a title=\"Arbetarhistoria\" href=\"http:\/\/www.arbetarhistoria.se\">Arbetarhistoria<\/a>.<\/em><\/p>\n<h3>1988<\/h3>\n<p>Biblioteket b\u00f6rjar att katalogisera best\u00e5ndet i Libris, Sveriges nationella bibliotekskatalog.<\/p>\n<h3>1994<\/h3>\n<p><a title=\"Rudolf Meidner-priset\" href=\"https:\/\/arbark.se\/forskning\/meidner-priset\/\">Rudolf Meidner-priset f\u00f6r forskning i fackf\u00f6reningsr\u00f6relsens historia<\/a> instiftas den 23 juni n\u00e4r professor Rudolf Meidner fyller 80 \u00e5r.<\/p>\n<h3>1998<\/h3>\n<p>Karin Englund tilltr\u00e4der som ny chef 1 mars.<br \/>\nVi flyttar \u00e5ter till nya lokaler, \u00e4n en g\u00e5ng p\u00e5 Upplandsgatan 4 och nu inrymt i tv\u00e5 kontorsv\u00e5ningar.<\/p>\n<h3>1999<\/h3>\n<p>Vi skaffar oss en ny arkivdep\u00e5 i en f\u00f6re detta gruvstuga i&nbsp;Gr\u00e4ngesberg. Dep\u00e5n \u00e4r bemannad.<\/p>\n<h3>2001<\/h3>\n<p>Biblioteket inf\u00f6r katalogsystemet Mikromarc.<\/p>\n<h3>2002<\/h3>\n<p>Vi firar v\u00e5rt 100-\u00e5rsjubileum med att bland annat ge ut tre b\u00f6cker: <em>Klass i r\u00f6relse<\/em>, <em>Historia som uppdrag<\/em> och <em>V\u00e4rlden i k\u00e4llaren<\/em>. Vi \u00e4r \u00e5terigen v\u00e4rdar f\u00f6r IALHI:s \u00e5rskonferens.<\/p>\n<h3>2005<\/h3>\n<p>Lars Ilshammar tilltr\u00e4der som ny chef.<\/p>\n<h3>2007<\/h3>\n<p>Vi l\u00e4mnar den gamla lapphanteringen i biblioteksutl\u00e5ningen och tar i bruk ett l\u00e5nehanteringssystem, helt integrerat i bibliotekskatalogen.<\/p>\n<h3>2009<\/h3>\n<p><a href=\"https:\/\/arbark.se\/2009\/03\/vi-infor-nytt-arkivredovisningssystem\/\">Vi p\u00e5b\u00f6rjar \u00f6verg\u00e5ngen till arkivredovisningssystemet CALM<\/a>.<\/p>\n<h3>2012<\/h3>\n<p>Hela institutionen flyttar fr\u00e5n lokalerna vid Norra bantorget till Flemingsberg.<\/p>\n<h3>2013<\/h3>\n<p>Lars Ilshammar slutar som institutionschef.<\/p>\n<h3>2014<\/h3>\n<p>Nina Sj\u00f6berg tilltr\u00e4der som ny institutionschef.<\/p>\n<h3>2015<\/h3>\n<p>Verksamheten i dep\u00e5n Gr\u00e4ngesberg avslutas i och med \u00e5rsslutet 2015. Allt material flyttat till Flemingsberg, f\u00f6rutom fanorna som flyttas till dep\u00e5n p\u00e5 Run\u00f6 folkh\u00f6gskola, \u00c5kersberga. Delar av Run\u00f6-magasinet flyttas till Flemingsberg.<\/p>\n<h3>2016<\/h3>\n<p>Nina Sj\u00f6berg slutar som institutionschef.<\/p>\n<p>Mikael Eiverg\u00e5rd tilltr\u00e4der som som ny institutionschef.<\/p>\n<h3>2019<\/h3>\n<p>Mikael Eiverg\u00e5rd slutar som institutionschef.<\/p>\n<p>Monica Sparrman tilltr\u00e4der som t f institutionschef i maj 2019.<\/p>\n<h3>2020<\/h3>\n<p>H\u00e5kan Nilsson tilltr\u00e4der som institutionschef i augusti 2020.<\/p>\n<h3>2023<\/h3>\n<p>H\u00e5kan Nilsson slutar som institutionschef.<\/p>\n<p>Jeanette Gustafsdotter tilltr\u00e4der som institutionschef 1 september 2023.<\/p>\n<h3>2024<\/h3>\n<p>Joakim Johansson tilltr\u00e4der som institutionschef 1 maj 2024.&nbsp;<\/p>\n<p>Biblioteket inf\u00f6r katalogsystemet Koha.&nbsp;<\/p>\n<h3>&nbsp;<\/h3>\n<p>&nbsp;<\/p>\n","protected":false},"excerpt":{"rendered":"<p>Nedslag i v\u00e5r historia utifr\u00e5n viktigare \u00e5rtal, fr\u00e5n det att institutionen grundades fram till idag. Mer detaljerade beskrivningar av v\u00e5r historia hittar du i Arbetarr\u00f6relsens arkiv tjugo \u00e5r (1923), H\u00e4vd [&hellip;]<\/p>\n","protected":false},"author":23,"featured_media":0,"parent":2,"menu_order":0,"comment_status":"closed","ping_status":"closed","template":"","meta":{"ngg_post_thumbnail":0,"footnotes":""},"class_list":["post-56","page","type-page","status-publish","czr-hentry"],"_links":{"self":[{"href":"https:\/\/arbark.se\/sv\/wp-json\/wp\/v2\/pages\/56","targetHints":{"allow":["GET"]}}],"collection":[{"href":"https:\/\/arbark.se\/sv\/wp-json\/wp\/v2\/pages"}],"about":[{"href":"https:\/\/arbark.se\/sv\/wp-json\/wp\/v2\/types\/page"}],"author":[{"embeddable":true,"href":"https:\/\/arbark.se\/sv\/wp-json\/wp\/v2\/users\/23"}],"replies":[{"embeddable":true,"href":"https:\/\/arbark.se\/sv\/wp-json\/wp\/v2\/comments?post=56"}],"version-history":[{"count":19,"href":"https:\/\/arbark.se\/sv\/wp-json\/wp\/v2\/pages\/56\/revisions"}],"predecessor-version":[{"id":20989,"href":"https:\/\/arbark.se\/sv\/wp-json\/wp\/v2\/pages\/56\/revisions\/20989"}],"up":[{"embeddable":true,"href":"https:\/\/arbark.se\/sv\/wp-json\/wp\/v2\/pages\/2"}],"wp:attachment":[{"href":"https:\/\/arbark.se\/sv\/wp-json\/wp\/v2\/media?parent=56"}],"curies":[{"name":"wp","href":"https:\/\/api.w.org\/{rel}","templated":true}]}}