{"id":7555,"date":"2014-11-24T11:45:41","date_gmt":"2014-11-24T10:45:41","guid":{"rendered":"https:\/\/arbark.se\/?page_id=7555"},"modified":"2025-10-10T14:30:34","modified_gmt":"2025-10-10T12:30:34","slug":"publikationer-om-oss","status":"publish","type":"page","link":"https:\/\/arbark.se\/sv\/publikationer\/publikationer-om-oss\/","title":{"rendered":"Publikationer om oss och v\u00e5ra samlingar"},"content":{"rendered":"<p><strong>P\u00e5 denna sida kan du ladda ned och l\u00e4sa en rad skrifter om oss och v\u00e5ra samlingar, publicerade p\u00e5 svenska. F\u00f6r material p\u00e5 engelska bes\u00f6k <a href=\"https:\/\/arbark.se\/en\/publications\/publications-about-us-and-our-collections\/ \u200e\">den engelska sidan<\/a>.<br \/>\n<\/strong><\/p>\n<ul>\n<li><img decoding=\"async\" class=\"noframes\" src=\"https:\/\/arbark.se\/images\/pdf.gif\" alt=\"\">&nbsp;<em><a title=\"Historia som uppdrag : Arbetarr\u00f6relsens arkiv och bibliotek 1902-2002\" href=\"https:\/\/arbark.se\/pdf_wrd\/arabhist.pdf\">Historia som uppdrag : Arbetarr\u00f6relsens arkiv och bibliotek 1902-2002<\/a> <\/em>\/ Martin Grass och Hans Larsson. (Pdf, 370 kB)<\/li>\n<li><a href=\"https:\/\/arbark.se\/publikationer\/worlds-of-women\/\"><em>Worlds of Women &#8211; International Material in ARAB&#8217;s Collections<\/em><\/a><\/li>\n<li><a title=\"V\u00e4rlden i k\u00e4llaren (hela boken p\u00e5 svenska)\" href=\"https:\/\/arbark.se\/sv\/publikationer\/publikationer-om-oss\/varlden\/\"><em>V\u00e4rlden i k\u00e4llaren : internationellt i arkiv och samlingar<\/em><\/a> (Svenska versionen)<\/li>\n<li><em><a title=\"Continue to the digitized fulltext version in English: The world in the basement\" href=\"https:\/\/arbark.se\/en\/publications\/publications-about-us-and-our-collections\/the-world-in-the-basement\/\">The world in the basement : international material in archives and collections<\/a><\/em> (Engelska versionen)<\/li>\n<\/ul>\n<hr>\n<h3><em>Foreign Language Literature on the Nordic Labour Movements&nbsp;<\/em><\/h3>\n<p>Denna bok publicerade 1992 som ett resultat av samarbete mellan Arbetarr\u00f6relsens arkiv och bibliotek i K\u00f6penhamn, Helsingfors, Oslo och Stockholm. Den presenterar litteraturen som arbetarr\u00f6relserna i de fem nordiska l\u00e4nderna skriven p\u00e5 de s\u00e5 kallade v\u00e4rldsspr\u00e5ken, det vill s\u00e4ga engelska, franska, tyska och ryska och &#8211; i de fall titlar p\u00e5 p\u00e5tr\u00e4ffats p\u00e5 dessa spr\u00e5k &#8211; \u00e4ven italienska och spanska. Du hittar boken i v\u00e5r bibliotekskatalog.&nbsp;<\/p>\n","protected":false},"excerpt":{"rendered":"<p>P\u00e5 denna sida kan du ladda ned och l\u00e4sa en rad skrifter om oss och v\u00e5ra samlingar, publicerade p\u00e5 svenska. F\u00f6r material p\u00e5 engelska bes\u00f6k den engelska sidan. &nbsp;Historia som [&hellip;]<\/p>\n","protected":false},"author":1,"featured_media":0,"parent":29,"menu_order":3,"comment_status":"closed","ping_status":"closed","template":"","meta":{"ngg_post_thumbnail":0,"footnotes":""},"class_list":["post-7555","page","type-page","status-publish","czr-hentry"],"_links":{"self":[{"href":"https:\/\/arbark.se\/sv\/wp-json\/wp\/v2\/pages\/7555","targetHints":{"allow":["GET"]}}],"collection":[{"href":"https:\/\/arbark.se\/sv\/wp-json\/wp\/v2\/pages"}],"about":[{"href":"https:\/\/arbark.se\/sv\/wp-json\/wp\/v2\/types\/page"}],"author":[{"embeddable":true,"href":"https:\/\/arbark.se\/sv\/wp-json\/wp\/v2\/users\/1"}],"replies":[{"embeddable":true,"href":"https:\/\/arbark.se\/sv\/wp-json\/wp\/v2\/comments?post=7555"}],"version-history":[{"count":11,"href":"https:\/\/arbark.se\/sv\/wp-json\/wp\/v2\/pages\/7555\/revisions"}],"predecessor-version":[{"id":21209,"href":"https:\/\/arbark.se\/sv\/wp-json\/wp\/v2\/pages\/7555\/revisions\/21209"}],"up":[{"embeddable":true,"href":"https:\/\/arbark.se\/sv\/wp-json\/wp\/v2\/pages\/29"}],"wp:attachment":[{"href":"https:\/\/arbark.se\/sv\/wp-json\/wp\/v2\/media?parent=7555"}],"curies":[{"name":"wp","href":"https:\/\/api.w.org\/{rel}","templated":true}]}}