{"id":7571,"date":"2014-11-24T16:25:48","date_gmt":"2014-11-24T15:25:48","guid":{"rendered":"https:\/\/arbark.se\/?page_id=7571"},"modified":"2025-10-08T14:10:09","modified_gmt":"2025-10-08T12:10:09","slug":"kallmaterial","status":"publish","type":"page","link":"https:\/\/arbark.se\/sv\/publikationer\/kallmaterial\/","title":{"rendered":"K\u00e4llmaterial"},"content":{"rendered":"<p><strong>H\u00e4r finner du digitaliserat k\u00e4llmaterial av olika typer. <\/strong><\/p>\n<ul>\n<li>Material ur Olof Palmes arkiv hittar du i v\u00e5r arkivkatalog, en delm\u00e4ng av talen p\u00e5 <a href=\"http:\/\/olofpalme.arbark.se\/\">Olofpalme.org<\/a><\/li>\n<li><img decoding=\"async\" class=\"noframes\" src=\"https:\/\/arbark.se\/images\/pdf.gif\" alt=\"\">&nbsp;<a href=\"https:\/\/arbark.se\/wp-content\/dokument\/2025\/08\/sap-partiprogram-1897-1990.pdf\">Socialdemokraternas partiprogram 1897-1990, med kommentarer<\/a><a class=\"noframes\" title=\"Socialdemokraternas partiprogram 1897-1990\">,<\/a>&nbsp;(pdf, 338 kB)<\/li>\n<li><img decoding=\"async\" class=\"noframes\" src=\"https:\/\/arbark.se\/images\/pdf.gif\" alt=\"\">&nbsp;<a href=\"http:\/\/digi.arbark.se\/bibliotek\/org\/sap\/program\/partiprogram-2001.pdf\">Socialdemokraternas partiprogram 2001<\/a> (pdf, 326 kB)<\/li>\n<li><img decoding=\"async\" class=\"noframes\" src=\"https:\/\/arbark.se\/images\/pdf.gif\" alt=\"\">&nbsp;<a href=\"https:\/\/arbark.se\/wp-content\/dokument\/2025\/08\/branting-majtal-martin-grass.pdf\">Hjalmar Brantings majtal: 1890-1924<\/a>, Martin Grass (pdf, 60 kB)<\/li>\n<\/ul>\n\n\n<p><\/p>\n","protected":false},"excerpt":{"rendered":"<p>H\u00e4r finner du digitaliserat k\u00e4llmaterial av olika typer. Material ur Olof Palmes arkiv hittar du i v\u00e5r arkivkatalog, en delm\u00e4ng av talen p\u00e5 Olofpalme.org &nbsp;Socialdemokraternas partiprogram 1897-1990, med kommentarer,&nbsp;(pdf, 338 [&hellip;]<\/p>\n","protected":false},"author":1,"featured_media":0,"parent":29,"menu_order":4,"comment_status":"closed","ping_status":"closed","template":"","meta":{"ngg_post_thumbnail":0,"footnotes":""},"class_list":["post-7571","page","type-page","status-publish","czr-hentry"],"_links":{"self":[{"href":"https:\/\/arbark.se\/sv\/wp-json\/wp\/v2\/pages\/7571","targetHints":{"allow":["GET"]}}],"collection":[{"href":"https:\/\/arbark.se\/sv\/wp-json\/wp\/v2\/pages"}],"about":[{"href":"https:\/\/arbark.se\/sv\/wp-json\/wp\/v2\/types\/page"}],"author":[{"embeddable":true,"href":"https:\/\/arbark.se\/sv\/wp-json\/wp\/v2\/users\/1"}],"replies":[{"embeddable":true,"href":"https:\/\/arbark.se\/sv\/wp-json\/wp\/v2\/comments?post=7571"}],"version-history":[{"count":8,"href":"https:\/\/arbark.se\/sv\/wp-json\/wp\/v2\/pages\/7571\/revisions"}],"predecessor-version":[{"id":21199,"href":"https:\/\/arbark.se\/sv\/wp-json\/wp\/v2\/pages\/7571\/revisions\/21199"}],"up":[{"embeddable":true,"href":"https:\/\/arbark.se\/sv\/wp-json\/wp\/v2\/pages\/29"}],"wp:attachment":[{"href":"https:\/\/arbark.se\/sv\/wp-json\/wp\/v2\/media?parent=7571"}],"curies":[{"name":"wp","href":"https:\/\/api.w.org\/{rel}","templated":true}]}}