{"id":7573,"date":"2014-11-24T16:27:58","date_gmt":"2014-11-24T15:27:58","guid":{"rendered":"https:\/\/arbark.se\/?page_id=7573"},"modified":"2025-08-14T14:58:04","modified_gmt":"2025-08-14T12:58:04","slug":"radgivning-och-rekommendationer","status":"publish","type":"page","link":"https:\/\/arbark.se\/sv\/publikationer\/radgivning-och-rekommendationer\/","title":{"rendered":"R\u00e5dgivning och rekommendationer"},"content":{"rendered":"<p><strong>H\u00e4r finner du dokument som du kan r\u00e5dg\u00f6ra i fr\u00e5gor r\u00f6rande bevarande, format med mera, likas\u00e5 information om hur man levererar material till oss. <\/strong><\/p>\n<ul>\n<li><img decoding=\"async\" class=\"noframes\" src=\"https:\/\/arbark.se\/images\/pdf.gif\" alt=\"\">&nbsp;<a title=\"Leverera material till Arbetarr\u00f6relsens arkiv och bibliotek\" href=\"https:\/\/arbark.se\/wp-content\/dokument\/2025\/08\/leverera-till-arab.pdf\">Leverera material till Arbetarr\u00f6relsens arkiv och bibliotek<\/a> (pdf, 150 kB)<\/li>\n<li><img decoding=\"async\" class=\"noframes\" src=\"https:\/\/arbark.se\/images\/pdf.gif\" alt=\"\">&nbsp;Rekommendationer om elektroniskt format (pdf, 91 kB) <span style=\"color: #ff0000;\">(<\/span><strong><span style=\"color: #ff0000;\"><em>revidering p\u00e5g\u00e5r p.g.a. p\u00e5g\u00e5ende upphandling av e-arkiv<\/em><\/span><\/strong><span style=\"color: #ff0000;\">)<\/span><\/li>\n<li><img decoding=\"async\" class=\"noframes\" src=\"https:\/\/arbark.se\/images\/pdf.gif\" alt=\"\">&nbsp;Rekommendationer om grundl\u00e4ggande bevarande <span style=\"color: #ff0000;\">(<strong><em>revidering p\u00e5g\u00e5r p.g.a. p\u00e5g\u00e5ende upphandling av e-arkiv<\/em><\/strong>)<\/span><\/li>\n<li><img decoding=\"async\" class=\"noframes\" src=\"https:\/\/arbark.se\/images\/pdf.gif\" alt=\"\">&nbsp;<a title=\"Arkivera R\u00e4tt!\" href=\"https:\/\/arbark.se\/wp-content\/dokument\/2025\/08\/arkivera-ratt-2023.pdf\">Arkivera R\u00e4tt!<\/a> \/ Martin Grass och Stellan Andersson, (1999, rev 2023) (pdf, 266 kB)<\/li>\n<li><img decoding=\"async\" class=\"noframes\" src=\"https:\/\/arbark.se\/images\/pdf.gif\" alt=\"\">&nbsp;<a href=\"https:\/\/arbark.se\/wp-content\/dokument\/2025\/08\/personarkiv.pdf\">Att ordna och f\u00f6rteckna personarkiv<\/a> \/ Martin Grass (pdf, 102 kB)<\/li>\n<li><img decoding=\"async\" class=\"noframes\" src=\"https:\/\/arbark.se\/images\/pdf.gif\" alt=\"\">&nbsp;<a title=\"Partierna i Stadshuset\" href=\"https:\/\/arbark.se\/wp-content\/dokument\/2025\/08\/partierna-i-stadshuset-mats-hayen-2013.pdf\">Partierna i Stadshuset &#8211; en handledning till forskning vid Stockholms stads arkiv och Arbetarr\u00f6relsens arkiv och bibliotek <\/a>\/ red. Mats Hayen, 2013 (pdf, 26,1 MB)<\/li>\n<\/ul>\n\n\n<p><\/p>\n","protected":false},"excerpt":{"rendered":"<p>H\u00e4r finner du dokument som du kan r\u00e5dg\u00f6ra i fr\u00e5gor r\u00f6rande bevarande, format med mera, likas\u00e5 information om hur man levererar material till oss. &nbsp;Leverera material till Arbetarr\u00f6relsens arkiv och [&hellip;]<\/p>\n","protected":false},"author":1,"featured_media":0,"parent":29,"menu_order":5,"comment_status":"closed","ping_status":"closed","template":"","meta":{"ngg_post_thumbnail":0,"footnotes":""},"class_list":["post-7573","page","type-page","status-publish","czr-hentry"],"_links":{"self":[{"href":"https:\/\/arbark.se\/sv\/wp-json\/wp\/v2\/pages\/7573","targetHints":{"allow":["GET"]}}],"collection":[{"href":"https:\/\/arbark.se\/sv\/wp-json\/wp\/v2\/pages"}],"about":[{"href":"https:\/\/arbark.se\/sv\/wp-json\/wp\/v2\/types\/page"}],"author":[{"embeddable":true,"href":"https:\/\/arbark.se\/sv\/wp-json\/wp\/v2\/users\/1"}],"replies":[{"embeddable":true,"href":"https:\/\/arbark.se\/sv\/wp-json\/wp\/v2\/comments?post=7573"}],"version-history":[{"count":19,"href":"https:\/\/arbark.se\/sv\/wp-json\/wp\/v2\/pages\/7573\/revisions"}],"predecessor-version":[{"id":20970,"href":"https:\/\/arbark.se\/sv\/wp-json\/wp\/v2\/pages\/7573\/revisions\/20970"}],"up":[{"embeddable":true,"href":"https:\/\/arbark.se\/sv\/wp-json\/wp\/v2\/pages\/29"}],"wp:attachment":[{"href":"https:\/\/arbark.se\/sv\/wp-json\/wp\/v2\/media?parent=7573"}],"curies":[{"name":"wp","href":"https:\/\/api.w.org\/{rel}","templated":true}]}}