{"id":9457,"date":"2016-06-15T10:41:21","date_gmt":"2016-06-15T08:41:21","guid":{"rendered":"https:\/\/arbark.se\/?page_id=9457"},"modified":"2025-08-14T14:34:45","modified_gmt":"2025-08-14T12:34:45","slug":"audiovisuella-bestallningar","status":"publish","type":"page","link":"https:\/\/arbark.se\/sv\/samlingar-och-service\/audiovisuella-bestallningar\/","title":{"rendered":"Audiovisuella best\u00e4llningar"},"content":{"rendered":"<p><strong>I v\u00e5ra samlingar finns ungef\u00e4r en miljon bilder varav omkring 70.000 \u00e4r s\u00f6kbara via v\u00e5rt bildregister (endast tillg\u00e4ngligt p\u00e5 plats hos oss). En \u00f6kande m\u00e4ngd \u00e4r digitaliserade. Bilder kan fungera som k\u00e4llmaterial i forskningen eller f\u00f6r att illustrera b\u00f6cker, utst\u00e4llningar och annat. Vi har \u00e4ven filmer och ljudband, digitalt och analogt.<br \/>\n<\/strong><\/p>\n<p>Du kan endast s\u00f6ka bland v\u00e5rt audiovisuella material p\u00e5 plats hos oss, via v\u00e5ra register eller manuellt direkt i materialet. Vi l\u00e5nar inte ut materialet, utan levererar kopior mot betalning.<\/p>\n<ul>\n<li><strong>Var ute i god tid.<\/strong> Vi tar en till tv\u00e5 veckor p\u00e5 oss f\u00f6r att hantera ett k\u00f6p.<\/li>\n<li><strong>Vi \u00e4ger i regel inte upphovsr\u00e4tten<\/strong> till materialet i v\u00e5ra samlingar. Anv\u00e4ndaren av materialet ansvarar f\u00f6r detta vid all form av anv\u00e4ndning. Se mer nedan.<\/li>\n<li><strong>Best\u00e4llningarna g\u00e5r alltid via forskarexpeditionen.<\/strong> P\u00e5 plats eller via mail: forskarexpedition[a]arbark.se<\/li>\n<li><strong>F\u00f6r att anv\u00e4nda ljud och r\u00f6rlig bild i kommersiell eller offentlig anv\u00e4ndning<\/strong> beh\u00f6ver du skriva p\u00e5 ett avtal. Se mer nedan.<\/li>\n<\/ul>\n<p>Om du har en enstaka, v\u00e4ldigt avgr\u00e4nsad f\u00f6rfr\u00e5gan per telefon eller e-post kan vi g\u00f6ra en s\u00f6kning f\u00f6r att ta reda p\u00e5 om n\u00e5gra bilder, ljudklipp eller filmer finns med efterfr\u00e5gad beskrivning.<\/p>\n<h3>Hur du refererar till det material du vill best\u00e4lla<\/h3>\n<p>N\u00e4r du hittar material som du vill k\u00f6pa kopior av, ska du via mail notera alla uppgifter som h\u00f6r till varje bild:<\/p>\n<ul>\n<li><strong>Beskrivning:<\/strong> bildtext, motiv, \u00e5rtal eller dylik information.<\/li>\n<li><strong>Upphovsmakare:<\/strong> fotograf, bildbyr\u00e5 eller liknande.<\/li>\n<li><strong>S\u00f6kv\u00e4g:<\/strong> arkivbildare, volym, aktnummer, nummer (l\u00f6p-, bild-, eller negativnummer).<\/li>\n<\/ul>\n<p>Om du gl\u00f6mmer eller missar uppgifter \u00e4r det ofta ett tidskr\u00e4vande arbete att \u00e5ters\u00f6ka dem i efterhand.<\/p>\n<h3>Vid publicering g\u00e4ller f\u00f6ljande<\/h3>\n<p>Du m\u00e5ste alltid ange:<\/p>\n<ul>\n<li><strong>Upphovsmakarens namn.<\/strong><\/li>\n<li><strong>Arkivinstitution:<\/strong> Arbetarr\u00f6relsens arkiv och bibliotek.<\/li>\n<li><strong>Arkiv(bildare):<\/strong> [t.ex. Alva och Gunnar Myrdals arkiv].<\/li>\n<\/ul>\n<p>Vi har ett avtal om upphovsr\u00e4tt, r\u00f6rande kopior p\u00e5 ljud och r\u00f6rlig bild fr\u00e5n Arbetarr\u00f6relsens arkiv och bibliotek. Detta avser alla former av publik, offentlig eller kommersiell anv\u00e4ndning av materialet. Avtalet avser \u00e4ven exempelvis youtube-visningar.<\/p>\n<p data-wp-editing=\"1\"><img decoding=\"async\" class=\"noframes\" src=\"https:\/\/arbark.se\/images\/pdf.gif\" alt=\"\">&nbsp;<a href=\"https:\/\/arbark.se\/wp-content\/dokument\/2025\/08\/avtal-rorlig-bild-ljud.pdf\">Arbetarr\u00f6relsens arkiv och bibliotek &#8211; Avtal f\u00f6r ljud och r\u00f6rlig bild<\/a>, (pdf)<\/p>\n<h3>Upphovsr\u00e4tt<\/h3>\n<p>Upphovsmakarens namn \u00e4r viktigt med tanke p\u00e5 upphovsr\u00e4tten. Om vi har uppgift om upphovsmakaren vidarebefordrar vi alltid detta till best\u00e4llaren, men det \u00e4r ditt ansvar som best\u00e4llare att ta reda p\u00e5 vem som har upphovsr\u00e4ttigheterna.<\/p>\n<p>Om du misslyckas med att identifiera upphovsr\u00e4ttsinnehavaren efter rimlig arbetsinsats kan du n\u00e5gonstans i anslutning till publiceringen till\u00e4gga exempelvis denna formulering:<\/p>\n<blockquote><p>F\u00f6rfattaren har f\u00f6rs\u00f6kt kontakta upphovsr\u00e4ttsinnehavare. Om det finns n\u00e5gon som har anspr\u00e5k p\u00e5 upphovsr\u00e4ttigheter i denna skrift v\u00e4nligen kontakta redaktionen\/f\u00f6rfattaren.<\/p><\/blockquote>\n<p>&nbsp;<\/p>\n<ul>\n<li><a href=\"https:\/\/sv.wikipedia.org\/wiki\/Upphovsr%C3%A4tt\">Upphovsr\u00e4tt &#8211; artikel p\u00e5 Wikipedia<\/a><\/li>\n<li><a title=\"Bildkonst Upphovsr\u00e4tt i Sverige\" href=\"http:\/\/www.bus.se\">Bildkonst Upphovsr\u00e4tt i Sverige<\/a>, BUS<br \/>\nBUS \u00e4r en organisation f\u00f6r bildkonstn\u00e4rer oavsett uttryckss\u00e4tt.<\/li>\n<li><a title=\"Bildleverant\u00f6rernas F\u00f6rening\" href=\"http:\/\/www.blf.se\">Bildleverant\u00f6rernas F\u00f6rening<\/a>, BLF<br \/>\nBLF bevakar upphovsr\u00e4tten, publicerar prislistor och s\u00e4tter leveransvillkor.&nbsp;<\/li>\n<li><a title=\"Svenska Fotografers F\u00f6rbund\" href=\"http:\/\/www.sfoto.se\">Svenska Fotografers F\u00f6rbund<\/a>, SFF<br \/>\nSFF sysslar bland annat med r\u00e5dgivning i pris- och upphovsr\u00e4ttsfr\u00e5gor, teknisk support, avancerad utbildning och riktlinjer f\u00f6r hur branschen ska hantera digitala bilder.&nbsp;<\/li>\n<\/ul>\n<p>Priser f\u00f6r framtagning av kopior finns p\u00e5 sidan <a href=\"https:\/\/arbark.se\/sv\/?page_id=11327&amp;preview=true\">reproduktioner &amp; kopiebest\u00e4llningar<\/a>.<\/p>\n<p>&nbsp;<\/p>\n","protected":false},"excerpt":{"rendered":"<p>I v\u00e5ra samlingar finns ungef\u00e4r en miljon bilder varav omkring 70.000 \u00e4r s\u00f6kbara via v\u00e5rt bildregister (endast tillg\u00e4ngligt p\u00e5 plats hos oss). En \u00f6kande m\u00e4ngd \u00e4r digitaliserade. Bilder kan fungera [&hellip;]<\/p>\n","protected":false},"author":1,"featured_media":0,"parent":25,"menu_order":0,"comment_status":"closed","ping_status":"closed","template":"","meta":{"ngg_post_thumbnail":0,"footnotes":""},"class_list":["post-9457","page","type-page","status-publish","czr-hentry"],"_links":{"self":[{"href":"https:\/\/arbark.se\/sv\/wp-json\/wp\/v2\/pages\/9457","targetHints":{"allow":["GET"]}}],"collection":[{"href":"https:\/\/arbark.se\/sv\/wp-json\/wp\/v2\/pages"}],"about":[{"href":"https:\/\/arbark.se\/sv\/wp-json\/wp\/v2\/types\/page"}],"author":[{"embeddable":true,"href":"https:\/\/arbark.se\/sv\/wp-json\/wp\/v2\/users\/1"}],"replies":[{"embeddable":true,"href":"https:\/\/arbark.se\/sv\/wp-json\/wp\/v2\/comments?post=9457"}],"version-history":[{"count":19,"href":"https:\/\/arbark.se\/sv\/wp-json\/wp\/v2\/pages\/9457\/revisions"}],"predecessor-version":[{"id":20946,"href":"https:\/\/arbark.se\/sv\/wp-json\/wp\/v2\/pages\/9457\/revisions\/20946"}],"up":[{"embeddable":true,"href":"https:\/\/arbark.se\/sv\/wp-json\/wp\/v2\/pages\/25"}],"wp:attachment":[{"href":"https:\/\/arbark.se\/sv\/wp-json\/wp\/v2\/media?parent=9457"}],"curies":[{"name":"wp","href":"https:\/\/api.w.org\/{rel}","templated":true}]}}