{"id":9468,"date":"2016-06-20T13:35:51","date_gmt":"2016-06-20T11:35:51","guid":{"rendered":"https:\/\/arbark.se\/?page_id=9468"},"modified":"2026-03-13T12:58:11","modified_gmt":"2026-03-13T11:58:11","slug":"arkiv-och-biblioteksmaterial","status":"publish","type":"page","link":"https:\/\/arbark.se\/sv\/samlingar-och-service\/arkiv-och-biblioteksmaterial\/","title":{"rendered":"Arkiv- och biblioteksmaterial"},"content":{"rendered":"<p><strong>Vi f\u00f6rvarar v\u00e5ra samlingar i magasin, vilket betyder att du i f\u00f6rv\u00e4g m\u00e5ste best\u00e4lla fram det du vill titta p\u00e5. Olika regler g\u00e4ller f\u00f6r olika material. Grundprincipen \u00e4r att allt kan l\u00e5nas som l\u00e4sesalsl\u00e5n och studeras p\u00e5 plats h\u00e4r hos oss. <\/strong><\/p>\n<p><strong>F\u00f6r kopie- och reprobest\u00e4llningar, kontakta forskarexpedition[a]arbark.se eller se mer information p\u00e5 <a href=\"..\/..\/..\/reproduktioner-kopiebestallningar\">separat sida<\/a>.<br \/>\n<\/strong><\/p>\n<div style=\"width: 48%; float: left; clear: both;\">\n<h3>Arkivmaterial<\/h3>\n<p>Du best\u00e4ller via v\u00e5r <a title=\"Arkivkatalog\" href=\"..\/..\/arkivkatalog\" target=\"_top\" rel=\"noopener noreferrer\">arkivkatalog<\/a>.<\/p>\n<p>Du kan \u00e4ven maila eller ringa oss s\u00e5 hj\u00e4lper vi dig med din best\u00e4llning.<\/p>\n<p>Inget arkivmaterial f\u00e5r l\u00e5nas hem.<\/p>\n<h4>L\u00e4sesalsl\u00e5n<\/h4>\n<p>Huvudregeln \u00e4r att allt arkivmaterial bara \u00e4r tillg\u00e4ngligt som l\u00e4sesalsl\u00e5n.<\/p>\n<h4>Fj\u00e4rrl\u00e5n<\/h4>\n<p>Till\u00e5ts endast undantagsvis.<\/p>\n<p><a title=\"Mer om reglerna kring fj\u00e4rrl\u00e5n av arkivmaterial\" href=\"#arkivfjarrlan\">L\u00e4s mer l\u00e4ngst ned p\u00e5 denna sida<\/a>.<\/p>\n<h4>Utl\u00e5nas inte<\/h4>\n<ul>\n<li>Material under ordningsarbete.<\/li>\n<li>Material som kr\u00e4ver tillst\u00e5nd, som du ej f\u00e5tt.<\/li>\n<li>Material som bed\u00f6ms vara f\u00f6r \u00f6mt\u00e5ligt.<\/li>\n<\/ul>\n<\/div>\n<div style=\"width: 48%; float: right;\">\n<h3>Biblioteksmaterial<\/h3>\n<p>Du best\u00e4ller eller reserverar via v\u00e5r <a title=\"Bibliotekskatalog\" href=\"..\/sv\/bibliotekskatalog\" target=\"_top\" rel=\"noopener noreferrer\">bibliotekskatalog<\/a>.<\/p>\n<p>B\u00f6cker som \u00e4r yngre \u00e4n 100 \u00e5r och i gott skick kan du l\u00e5na hem.<\/p>\n<h4>L\u00e4sesalsl\u00e5n<\/h4>\n<p>Broschyrer, tidningar, tidskrifter, b\u00f6cker \u00e4ldre \u00e4n 100 \u00e5r samt sk\u00f6rt material.<\/p>\n<h4>Fj\u00e4rrl\u00e5n<\/h4>\n<p>B\u00f6cker och broschyrer yngre \u00e4n 100 \u00e5r. Endast till andra bibliotek, ej direkt till privatpersoner. Vi ing\u00e5r i <a href=\"http:\/\/www.kb.se\/libris\/fjarrlan\/\">Libris fj\u00e4rrl\u00e5n<\/a>.<\/p>\n<h4>Fj\u00e4rrutl\u00e5nas inte<\/h4>\n<p>Mikrofilmer, tidningar, tidskrifter, b\u00f6cker \u00e4ldre \u00e4n 100 \u00e5r, vissa organisationstryck samt \u00f6mt\u00e5ligt material. Vi fj\u00e4rrinl\u00e5nar inte. Fr\u00e5ga ditt n\u00e4rmaste folk- eller h\u00f6gskolebibliotek.<\/p>\n<h4>Utl\u00e5nas inte<\/h4>\n<p>Material som bed\u00f6ms vara f\u00f6r \u00f6mt\u00e5ligt. Vissa rariteter, oavsett \u00e5lder.<\/p>\n<\/div>\n<hr style=\"clear: both;\">\n<h4>L\u00e5neregler hos Arbetarr\u00f6relsens arkiv och bibliotek<\/h4>\n<p><img decoding=\"async\" class=\"noframes\" src=\"https:\/\/arbark.se\/images\/pdf.gif\" alt=\"\">&nbsp;<a href=\"https:\/\/arbark.se\/wp-content\/dokument\/2025\/08\/laneregler-sv.pdf\">Gemensamma l\u00e5ne- och ordningsregler f\u00f6r ARAB:s material<\/a><\/p>\n<hr style=\"clear: both;\">\n<p><a name=\"framtagning\"><\/a><\/p>\n<h3>Framtagningstider fr\u00e5n magasinet<\/h3>\n<table style=\"height: 231px; text-align: left;\" border=\"0\" width=\"883\" cellspacing=\"0\" cellpadding=\"0\">\n<tbody>\n<tr>\n<th style=\"background-color: #cfcfcf;\">Dagar<\/th>\n<th style=\"background-color: #cfcfcf;\">Best\u00e4llning inl\u00e4mnad<\/th>\n<th style=\"background-color: #cfcfcf;\">Materialet tillg\u00e4ngligt<\/th>\n<\/tr>\n<tr>\n<td><strong>Tisdag-torsdag<\/strong><\/td>\n<td>Dagen f\u00f6re kl 16.00<\/td>\n<td>kl 10.30<\/td>\n<\/tr>\n<tr>\n<td style=\"color: #900;\">&nbsp;<\/td>\n<td>Senast kl 14.00<\/td>\n<td>Kl 15.00<\/td>\n<\/tr>\n<\/tbody>\n<\/table>\n<p><a name=\"arkivfjarrlan\"><\/a><\/p>\n<hr>\n<h3>Arkivfj\u00e4rrl\u00e5n<\/h3>\n<h4>Allm\u00e4nt<\/h4>\n<p><strong>En generell fj\u00e4rrl\u00e5ner\u00e4tt existerar inte utan vi g\u00f6r en bed\u00f6mning i varje enskilt fall <\/strong><\/p>\n<p>Bed\u00f6mning ska g\u00f6ras av en arkivarie och expeditionsansvarig gemensamt eller av tv\u00e5 arkivarier gemensamt. Vi vill i princip underl\u00e4tta forskningen genom tillf\u00e4llig utl\u00e5ning av arkivhandlingar. Utl\u00e5ningen m\u00e5ste dock ske restriktivt dels med tanke p\u00e5 de risker i arkivhandlingarna uts\u00e4tts f\u00f6r vid fj\u00e4rrl\u00e5n, dels av h\u00e4nsyn till de forskare som bes\u00f6ker oss och vill ta del av arkivmaterial hos oss. Vi inst\u00e4mmer i Riksarkivets &#8221;regler och r\u00e5d&#8221; vid interurbana l\u00e5n (1995).<\/p>\n<p>&#8221;Ett fj\u00e4rrl\u00e5n \u00e4r i princip alltid ett undantag. Storskaligt utnyttjande av fj\u00e4rrl\u00e5nesystemet f\u00f6r en forskares r\u00e4kning kommer inte i fr\u00e5ga. L\u00e5nen m\u00e5ste alltid g\u00e4lla enstaka volymer&#8221;.<\/p>\n<p>Vid l\u00e5n f\u00f6r utst\u00e4llningsf\u00f6rem\u00e5l g\u00e4ller s\u00e4rskilda regler (som \u00f6verensst\u00e4mmer i princip med Riksarkivets riktlinjer). Vid fr\u00e5gor och problem kontaktar du v\u00e5r forskarexpedition.<\/p>\n<h4>Undantagna fr\u00e5n fj\u00e4rrl\u00e5n<\/h4>\n<ul>\n<li>handlingar och arkiv som \u00e4r i d\u00e5ligt skick<\/li>\n<li>arkiv som \u00e4r mycket efterfr\u00e5gade eller anv\u00e4nds av forskare &#8221;i huset&#8221;<\/li>\n<li>arkiv som \u00e4r under ordningsarbete<\/li>\n<li>tillst\u00e5ndsbelagda arkiv<\/li>\n<li>fotografier<\/li>\n<\/ul>\n<h4>L\u00e5neber\u00e4ttigade institutioner<\/h4>\n<ul>\n<li>Fj\u00e4rrl\u00e5n sker endast till de institutioner som har inl\u00e5ningsr\u00e4tt, samt till folkr\u00f6relsearkiv.<\/li>\n<li>Inga fj\u00e4rrl\u00e5n beviljas inom M\u00e4lardalsregionen.<\/li>\n<\/ul>\n<h4>L\u00e5nebeg\u00e4ran och utl\u00e5ning<\/h4>\n<ul>\n<li>Ans\u00f6kan om fj\u00e4rrl\u00e5n skall g\u00f6ras skriftligen genom en l\u00e5neber\u00e4ttigad institution.<\/li>\n<li>L\u00e5ntagaren b\u00f6r ha orienterat sig i f\u00f6rteckningarna och\/eller arkivmaterialet p\u00e5 plats hos oss. Ospecificerade best\u00e4llningar accepteras inte.<\/li>\n<li>Ett fj\u00e4rrl\u00e5n f\u00e5r omfatta h\u00f6gst fem (5) volymer.<\/li>\n<li>Inl\u00e5nande institution skall se till att arkivmaterialet f\u00f6rvaras s\u00e4kert, behandlas varsamt och l\u00e4ses endast i l\u00e4sesal.<\/li>\n<li>Vid \u00e5ters\u00e4ndning skall handlingarna paketeras ordentligt och assureras med samma belopp som \u00e5satts av Arbetarr\u00f6relsens arkiv och bibliotek.<\/li>\n<li>L\u00e5netiden \u00e4r en (1) m\u00e5nad. F\u00f6rl\u00e4ngning kan beviljas efter ans\u00f6kan.<\/li>\n<\/ul>\n","protected":false},"excerpt":{"rendered":"<p>Vi f\u00f6rvarar v\u00e5ra samlingar i magasin, vilket betyder att du i f\u00f6rv\u00e4g m\u00e5ste best\u00e4lla fram det du vill titta p\u00e5. Olika regler g\u00e4ller f\u00f6r olika material. Grundprincipen \u00e4r att allt [&hellip;]<\/p>\n","protected":false},"author":1,"featured_media":0,"parent":25,"menu_order":1,"comment_status":"closed","ping_status":"closed","template":"","meta":{"ngg_post_thumbnail":0,"footnotes":""},"class_list":["post-9468","page","type-page","status-publish","czr-hentry"],"_links":{"self":[{"href":"https:\/\/arbark.se\/sv\/wp-json\/wp\/v2\/pages\/9468","targetHints":{"allow":["GET"]}}],"collection":[{"href":"https:\/\/arbark.se\/sv\/wp-json\/wp\/v2\/pages"}],"about":[{"href":"https:\/\/arbark.se\/sv\/wp-json\/wp\/v2\/types\/page"}],"author":[{"embeddable":true,"href":"https:\/\/arbark.se\/sv\/wp-json\/wp\/v2\/users\/1"}],"replies":[{"embeddable":true,"href":"https:\/\/arbark.se\/sv\/wp-json\/wp\/v2\/comments?post=9468"}],"version-history":[{"count":31,"href":"https:\/\/arbark.se\/sv\/wp-json\/wp\/v2\/pages\/9468\/revisions"}],"predecessor-version":[{"id":21982,"href":"https:\/\/arbark.se\/sv\/wp-json\/wp\/v2\/pages\/9468\/revisions\/21982"}],"up":[{"embeddable":true,"href":"https:\/\/arbark.se\/sv\/wp-json\/wp\/v2\/pages\/25"}],"wp:attachment":[{"href":"https:\/\/arbark.se\/sv\/wp-json\/wp\/v2\/media?parent=9468"}],"curies":[{"name":"wp","href":"https:\/\/api.w.org\/{rel}","templated":true}]}}