{"id":9541,"date":"2016-12-08T15:06:43","date_gmt":"2016-12-08T14:06:43","guid":{"rendered":"https:\/\/arbark.se\/?page_id=9541"},"modified":"2025-10-23T13:54:55","modified_gmt":"2025-10-23T11:54:55","slug":"kataloger-register","status":"publish","type":"page","link":"https:\/\/arbark.se\/sv\/kataloger-register\/","title":{"rendered":"Kataloger &#038; Register"},"content":{"rendered":"<p><strong>Vi har f\u00f6rutom arkiv- respektive bibliotekskatalogen, \u00e4ven en del \u00e4ldre register och kataloger. Dessa kan du endast ta del av hos oss. Det r\u00f6r sig antingen om \u00e4ldre kortkataloger eller register med upphovsr\u00e4ttsskyddat eller annan k\u00e4nslig information som vi inte kan publicera externt p\u00e5 internet.<\/strong><\/p>\n<h3>Arkivets kataloger &amp; register<\/h3>\n<p>Du best\u00e4ller via v\u00e5r <a title=\"Arkivkatalog\" href=\"..\/..\/arkivkatalog\" target=\"_blank\" rel=\"noopener noreferrer\">arkivkatalog<\/a>.<\/p>\n<p>Du kan \u00e4ven maila eller ringa oss s\u00e5 hj\u00e4lper vi dig med din best\u00e4llning.&nbsp;<\/p>\n<p>Vi tar emot best\u00e4llningar p\u00e5 arkivmaterial med hj\u00e4lp av den referenskod som \u00e5terfinns i arkivkatalogen. V\u00e5rt \u00e4ldre best\u00e5ndsregister och separata \u00e4ldre f\u00f6rteckningar finns d\u00e4remot endast p\u00e5 plats hos oss.<\/p>\n<h4>Register enligt materialtyp<\/h4>\n<p>Vi har ett antal register som man <strong>endast<\/strong> kan f\u00e5 tillg\u00e5ng till hos oss:<\/p>\n<ul>\n<li><strong>Affischer<\/strong><\/li>\n<li><strong>Bilder<\/strong><\/li>\n<li><strong>F\u00f6rem\u00e5l<\/strong><\/li>\n<li><strong>Ljud och film<\/strong><\/li>\n<\/ul>\n<p>Tv\u00e5 webbsidor du kan ta del av &#8211; endast p\u00e5 plats \u00e4r:&nbsp;<\/p>\n<ul>\n<li><strong>Ljud: <\/strong><a href=\"http:\/\/sound.of.arbark.se\"><strong>SOUND of arbark.se<\/strong><\/a> (urval av ljudupptagningar) | <a href=\"https:\/\/smdb.kb.se\/catalog\/search?q=Arkivbildare%3A%22Arbetarr%C3%B6relsens+arkiv+och+bibliotek%22&amp;x=0&amp;y=0\">urval s\u00f6kbart externt via SMDB -Svensk mediedatabas<\/a><\/li>\n<li><strong>Film:<\/strong> <a href=\"http:\/\/maxim.arbark.se\"><strong>MAXIM<\/strong><\/a> (urval av filmer och filmregister) |<\/li>\n<\/ul>\n<h3>Bibliotekets kataloger &amp; register<\/h3>\n<p>Du best\u00e4ller eller reserverar via v\u00e5r <a title=\"Bibliotekskatalog\" href=\"https:\/\/bibliotekskatalog.arbark.se\/\" target=\"_blank\" rel=\"noopener noreferrer\">bibliotekskatalog<\/a>.<\/p>\n<p>Du kan g\u00f6ra fj\u00e4rrl\u00e5n fr\u00e5n ett folkbibliotek.<\/p>\n<p>I annat fall, h\u00e4mta och \u00e5terl\u00e4mna det hos oss.&nbsp;<\/p>\n<h4>Lapp- och kortkataloger<\/h4>\n<p>De \u00e4ldsta delarna av v\u00e5ra samlingar \u00e4r ibland enbart s\u00f6kbara via fysiska kataloger. Om du letar efter ett \u00e4ldre tryck som du misst\u00e4nker att vi har, men inte hittar i bibliotekskatalogen, \u00e4r det sannolikt i de tv\u00e5 \u00e4ldre katalogerna som du kan finna det du s\u00f6ker. Dessa kan du endast titta i p\u00e5 plats hos oss:<\/p>\n<ul>\n<li><strong>Lappkatalogen (-1966) <\/strong><\/li>\n<\/ul>\n<ul>\n<li><strong>Kortkatalogen (1967-)<\/strong><\/li>\n<\/ul>\n","protected":false},"excerpt":{"rendered":"<p>Vi har f\u00f6rutom arkiv- respektive bibliotekskatalogen, \u00e4ven en del \u00e4ldre register och kataloger. Dessa kan du endast ta del av hos oss. Det r\u00f6r sig antingen om \u00e4ldre kortkataloger eller [&hellip;]<\/p>\n","protected":false},"author":1,"featured_media":21414,"parent":0,"menu_order":0,"comment_status":"closed","ping_status":"closed","template":"","meta":{"ngg_post_thumbnail":0,"footnotes":""},"class_list":["post-9541","page","type-page","status-publish","has-post-thumbnail","czr-hentry"],"_links":{"self":[{"href":"https:\/\/arbark.se\/sv\/wp-json\/wp\/v2\/pages\/9541","targetHints":{"allow":["GET"]}}],"collection":[{"href":"https:\/\/arbark.se\/sv\/wp-json\/wp\/v2\/pages"}],"about":[{"href":"https:\/\/arbark.se\/sv\/wp-json\/wp\/v2\/types\/page"}],"author":[{"embeddable":true,"href":"https:\/\/arbark.se\/sv\/wp-json\/wp\/v2\/users\/1"}],"replies":[{"embeddable":true,"href":"https:\/\/arbark.se\/sv\/wp-json\/wp\/v2\/comments?post=9541"}],"version-history":[{"count":41,"href":"https:\/\/arbark.se\/sv\/wp-json\/wp\/v2\/pages\/9541\/revisions"}],"predecessor-version":[{"id":21520,"href":"https:\/\/arbark.se\/sv\/wp-json\/wp\/v2\/pages\/9541\/revisions\/21520"}],"wp:featuredmedia":[{"embeddable":true,"href":"https:\/\/arbark.se\/sv\/wp-json\/wp\/v2\/media\/21414"}],"wp:attachment":[{"href":"https:\/\/arbark.se\/sv\/wp-json\/wp\/v2\/media?parent=9541"}],"curies":[{"name":"wp","href":"https:\/\/api.w.org\/{rel}","templated":true}]}}