{"id":9913,"date":"2017-03-07T14:28:48","date_gmt":"2017-03-07T13:28:48","guid":{"rendered":"https:\/\/arbark.se\/?page_id=9913"},"modified":"2025-10-10T14:04:05","modified_gmt":"2025-10-10T12:04:05","slug":"varlden","status":"publish","type":"page","link":"https:\/\/arbark.se\/sv\/publikationer\/publikationer-om-oss\/varlden\/","title":{"rendered":"V\u00e4rlden i k\u00e4llaren"},"content":{"rendered":"<p><strong>Detta \u00e4r en introduktion till det internationella materialet i Arbetarr\u00f6relsens arkiv och biblioteks samlingar. Texterna&nbsp; var ursprungligen en bok, som trycktes 2002 under ARAB:s 100-\u00e5rsjubileum. Den beskriver de utl\u00e4ndska och internationella arkiv och samlingar som finns hos oss. H\u00e4r presenteras den p\u00e5 svenska som en nedladdningsbar bok, samt kapitel f\u00f6r kapitel.<\/strong><\/p>\nngg_shortcode_0_placeholder\n<p>Boken <em>World in the basement<\/em> gavs ursprungligen ut i tryck p\u00e5 engelska, som du dels \u00e5terfinner i bibliotekskatalogen dels <a href=\"https:\/\/arbark.se\/en\/publications\/publications-about-us-and-our-collections\/the-world-in-the-basement\/\">p\u00e5 den h\u00e4r webbsidans engelska sida<\/a>. Du kan \u00e4ven <a title=\"World in the basement i fulltext p\u00e5 engelska\" href=\"https:\/\/arbark.se\/wp-content\/dokument\/2025\/10\/world-in-the-basement.pdf\">ladda ner den i fulltext<\/a> (English) (PDF).<\/p>\n<p><strong>Den svenska versionen<\/strong> finns att l\u00e4sa eller ladda ner nedan, uppdelad i kapitel, som pdf-dokument.<\/p>\n<ul>\n<li><a href=\"https:\/\/arbark.se\/wp-content\/dokument\/2025\/10\/vik01.pdf\" target=\"blank_\" rel=\"noopener noreferrer\">F\u00f6rord och inneh\u00e5llsf\u00f6rteckning<br \/>\n<\/a><\/li>\n<li><a href=\"https:\/\/arbark.se\/wp-content\/dokument\/2025\/10\/vik02.pdf\" target=\"blank_\" rel=\"noopener noreferrer\">Internationellt arkivmaterial p\u00e5 ARAB<\/a> \/ Martin Grass<\/li>\n<li><a href=\"https:\/\/arbark.se\/wp-content\/dokument\/2025\/10\/vik03.pdf\" target=\"blank_\" rel=\"noopener noreferrer\">De nordiska arkiven och samlingarna<\/a> \/ Martin Grass<\/li>\n<li><a href=\"https:\/\/arbark.se\/wp-content\/dokument\/2025\/10\/vik04.pdf\" target=\"blank_\" rel=\"noopener noreferrer\">Skando-Amerikanska arkiv och hur de samlades in<\/a> \/ Ulf J\u00f6nson<\/li>\n<li><a href=\"https:\/\/arbark.se\/wp-content\/dokument\/2025\/10\/vik05.pdf\" target=\"blank_\" rel=\"noopener noreferrer\">Den tyskspr\u00e5kiga exilen 1933-1945<\/a> \/ Martin Grass<\/li>\n<li><a href=\"https:\/\/arbark.se\/wp-content\/dokument\/2025\/10\/vik06.pdf\" target=\"blank_\" rel=\"noopener noreferrer\">Spanska inb\u00f6rdeskriget 1936-1939<\/a> \/ Lucy Viedma<\/li>\n<li><a href=\"https:\/\/arbark.se\/wp-content\/dokument\/2025\/10\/vik07.pdf\" target=\"blank_\" rel=\"noopener noreferrer\">Sovjetunionen<\/a> \/ Lars Gogman<\/li>\n<li><a href=\"https:\/\/arbark.se\/wp-content\/dokument\/2025\/10\/vik08.pdf\" target=\"blank_\" rel=\"noopener noreferrer\">Vietnam<\/a> \/ Lars Gogman<\/li>\n<li><a href=\"https:\/\/arbark.se\/wp-content\/dokument\/2025\/10\/vik09.pdf\" target=\"blank_\" rel=\"noopener noreferrer\">Chile<\/a> \/ Lucy Viedma<\/li>\n<li><a href=\"https:\/\/arbark.se\/wp-content\/dokument\/2025\/10\/vik10.pdf\" target=\"blank_\" rel=\"noopener noreferrer\">Afrika<\/a> \/ Ulf J\u00f6nson<\/li>\n<li><a href=\"https:\/\/arbark.se\/wp-content\/dokument\/2025\/10\/vik11.pdf\">Internationella samlingar och arkiv<\/a> \/ Martin Grass<\/li>\n<li><a href=\"https:\/\/arbark.se\/wp-content\/dokument\/2025\/10\/vik12.pdf\" target=\"blank_\" rel=\"noopener noreferrer\">Internationella kontakter i freds- och nedrustningsfr\u00e5gan<\/a> \/ Stellan Andersson<\/li>\n<li><a href=\"https:\/\/arbark.se\/wp-content\/dokument\/2025\/10\/vik13.pdf\" target=\"blank_\" rel=\"noopener noreferrer\">Ett internationellt kontaktn\u00e4t i Alva och Gunnar Myrdals arkiv<\/a> \/ Stellan Andersson<\/li>\n<li><a href=\"https:\/\/arbark.se\/wp-content\/dokument\/2025\/10\/vik14.pdf\" target=\"blank_\" rel=\"noopener noreferrer\">Utl\u00e4ndska f\u00f6rfattar- och f\u00f6rlagskontakter<\/a> \/ Mats Myrstener<\/li>\n<li><a href=\"https:\/\/arbark.se\/wp-content\/dokument\/2025\/10\/vik15.pdf\" target=\"blank_\" rel=\"noopener noreferrer\">Internationellt i Hjalmar Brantings arkiv<\/a> \/ Martin Grass<\/li>\n<li><a href=\"https:\/\/arbark.se\/wp-content\/dokument\/2025\/10\/vik16.pdf\" target=\"blank_\" rel=\"noopener noreferrer\">Wilhelm Janssons arkiv<\/a> \/ Martin Grass<\/li>\n<li><a href=\"https:\/\/arbark.se\/wp-content\/dokument\/2025\/10\/vik17.pdf\" target=\"blank_\" rel=\"noopener noreferrer\">Bibliotekets rariteter fr\u00e5n revolutions\u00e5ret 1848<\/a> \/ Marie Hedstr\u00f6m<\/li>\n<\/ul>\n","protected":false},"excerpt":{"rendered":"<p>Detta \u00e4r en introduktion till det internationella materialet i Arbetarr\u00f6relsens arkiv och biblioteks samlingar. Texterna&nbsp; var ursprungligen en bok, som trycktes 2002 under ARAB:s 100-\u00e5rsjubileum. Den beskriver de utl\u00e4ndska och [&hellip;]<\/p>\n","protected":false},"author":1,"featured_media":0,"parent":7555,"menu_order":0,"comment_status":"closed","ping_status":"closed","template":"","meta":{"ngg_post_thumbnail":0,"footnotes":""},"class_list":["post-9913","page","type-page","status-publish","czr-hentry"],"_links":{"self":[{"href":"https:\/\/arbark.se\/sv\/wp-json\/wp\/v2\/pages\/9913","targetHints":{"allow":["GET"]}}],"collection":[{"href":"https:\/\/arbark.se\/sv\/wp-json\/wp\/v2\/pages"}],"about":[{"href":"https:\/\/arbark.se\/sv\/wp-json\/wp\/v2\/types\/page"}],"author":[{"embeddable":true,"href":"https:\/\/arbark.se\/sv\/wp-json\/wp\/v2\/users\/1"}],"replies":[{"embeddable":true,"href":"https:\/\/arbark.se\/sv\/wp-json\/wp\/v2\/comments?post=9913"}],"version-history":[{"count":11,"href":"https:\/\/arbark.se\/sv\/wp-json\/wp\/v2\/pages\/9913\/revisions"}],"predecessor-version":[{"id":21353,"href":"https:\/\/arbark.se\/sv\/wp-json\/wp\/v2\/pages\/9913\/revisions\/21353"}],"up":[{"embeddable":true,"href":"https:\/\/arbark.se\/sv\/wp-json\/wp\/v2\/pages\/7555"}],"wp:attachment":[{"href":"https:\/\/arbark.se\/sv\/wp-json\/wp\/v2\/media?parent=9913"}],"curies":[{"name":"wp","href":"https:\/\/api.w.org\/{rel}","templated":true}]}}